{"id":2911,"date":"2026-04-21T09:07:00","date_gmt":"2026-04-21T09:07:00","guid":{"rendered":"https:\/\/dev.sbro.ro\/?product=cel-ce-tine-cerurile-trilogia-genezei-vol-2"},"modified":"2026-04-21T09:07:00","modified_gmt":"2026-04-21T09:07:00","slug":"cel-ce-tine-cerurile-trilogia-genezei-vol-2","status":"publish","type":"product","link":"https:\/\/dev.sbro.ro\/product\/cel-ce-tine-cerurile-trilogia-genezei-vol-2\/","title":{"rendered":"Cel ce tine cerurile Trilogia Genezei (vol 2)"},"content":{"rendered":"<p>\u00a0<\/p>\n<p><span style=\"font-size: large;\">AR URMA PE ORICINE I-AR DUCE DEPARTE DE CEL PREA\u00ceNALT<\/span><br \/><span style=\"font-size: large;\"> DAR MARELE LOR REGE ARE PICIOARE DE LUT<\/span><br \/><span style=\"font-size: large;\"> \u00c8\u02dcI \u00ceI CONDUCE SPRE NIMICIRE<\/span><br \/><span style=\"font-size: large;\"> Cel ce \u0163ine cerurile pe umeri repoveste\u015fte episodul biblic despre Turnul  Babel. Marele V\u00e2n\u0103tor, regele Nimrod, pretinde c\u0103 va izb\u0103vi omenirea de  sub judecata lui Dumnezeu, dar libertatea promis\u0103 de el se dovede\u015fte o  himer\u0103, c\u0103ci \u00eei va subjuga pe oameni \u015fi \u00eei va face robii unor zei fal\u015fi.  Keren trebuie s\u0103 \u00ee\u015fi pun\u0103 via\u0163a \u00een primejdie ca s\u0103-l \u00eenfrunte pe Marele  Rege \u015fi tirania lui.<\/span><\/p>\n","protected":false},"excerpt":{"rendered":"<p>\u00a0 AR URMA PE ORICINE I-AR DUCE DEPARTE DE CEL PREA\u00ceNALT DAR MARELE LOR REGE ARE PICIOARE DE LUT \u00c8\u02dcI \u00ceI CONDUCE SPRE NIMICIRE Cel ce \u0163ine cerurile pe umeri repoveste\u015fte episodul biblic despre Turnul Babel. Marele V\u00e2n\u0103tor, regele Nimrod, pretinde c\u0103 va izb\u0103vi omenirea de sub judecata lui Dumnezeu, dar libertatea promis\u0103 de el [&hellip;]<\/p>\n","protected":false},"featured_media":8338,"comment_status":"open","ping_status":"closed","template":"","meta":[],"product_brand":[],"product_cat":[31],"product_tag":[],"class_list":{"0":"post-2911","1":"product","2":"type-product","3":"status-publish","4":"has-post-thumbnail","6":"product_cat-romane","8":"first","9":"instock","10":"shipping-taxable","11":"purchasable","12":"product-type-simple"},"_links":{"self":[{"href":"https:\/\/dev.sbro.ro\/wp-json\/wp\/v2\/product\/2911","targetHints":{"allow":["GET"]}}],"collection":[{"href":"https:\/\/dev.sbro.ro\/wp-json\/wp\/v2\/product"}],"about":[{"href":"https:\/\/dev.sbro.ro\/wp-json\/wp\/v2\/types\/product"}],"replies":[{"embeddable":true,"href":"https:\/\/dev.sbro.ro\/wp-json\/wp\/v2\/comments?post=2911"}],"wp:featuredmedia":[{"embeddable":true,"href":"https:\/\/dev.sbro.ro\/wp-json\/wp\/v2\/media\/8338"}],"wp:attachment":[{"href":"https:\/\/dev.sbro.ro\/wp-json\/wp\/v2\/media?parent=2911"}],"wp:term":[{"taxonomy":"product_brand","embeddable":true,"href":"https:\/\/dev.sbro.ro\/wp-json\/wp\/v2\/product_brand?post=2911"},{"taxonomy":"product_cat","embeddable":true,"href":"https:\/\/dev.sbro.ro\/wp-json\/wp\/v2\/product_cat?post=2911"},{"taxonomy":"product_tag","embeddable":true,"href":"https:\/\/dev.sbro.ro\/wp-json\/wp\/v2\/product_tag?post=2911"}],"curies":[{"name":"wp","href":"https:\/\/api.w.org\/{rel}","templated":true}]}}