{"id":2918,"date":"2026-04-21T09:07:01","date_gmt":"2026-04-21T09:07:01","guid":{"rendered":"https:\/\/dev.sbro.ro\/?product=imputerniciti-de-duhul"},"modified":"2026-04-21T09:07:01","modified_gmt":"2026-04-21T09:07:01","slug":"imputerniciti-de-duhul","status":"publish","type":"product","link":"https:\/\/dev.sbro.ro\/?product=imputerniciti-de-duhul","title":{"rendered":"Imputerniciti de Duhul"},"content":{"rendered":"<p>\u00a0<\/p>\n<div class=\"wpsc_description\">\n<p><span style=\"font-size: large;\"><strong>Dr. Barry Chant<\/strong> a fost decanul academic al colegiului pe care l-am absolvit (Ministry  College), ca t\u00e2n\u0103r cre\u015ftin, pe la \u00eenceputurile lui 1970, \u015fi care mi-a  impactat profund via\u0163a. Mi-a pl\u0103cut felul \u00een care el combina \u00eenv\u0103\u0163\u0103tura  biblic\u0103 s\u0103n\u0103toas\u0103 cu aspectele practice ale slujirii. Pe atunci era  logic \u015fi \u00eenfl\u0103c\u0103rat, \u015fi aceast\u0103 ultim\u0103 carte, <em>\u00cemputernici\u0163i de Duhul<\/em>,  dovede\u015fte c\u0103 pasiunea sa pentru Christos \u015fi dorin\u0163a sa ca Biserica de  ast\u0103zi s\u0103 reflecte modelul din Noul Testament nu s-au schimbat.<\/span><\/p>\n<p><span style=\"font-size: large;\">Dr. Chant nu este un interpret sau expozitor teoretic al  Scripturilor, ci un lider spiritual practic, implicat \u00een conducerea  uneia dintre cele mai mari congrega\u0163ii australiene.<\/span><\/p>\n<p><span style=\"font-size: large;\">Ceea ce \u00eemi place \u00een <em>\u00cemputernici\u0163i de Duhul<\/em> este centrarea  pe persoana \u015fi lucrarea lui Isus Christos. Autorul magnific\u0103  centralitatea Crucii a\u015fa cum pu\u0163ini au f\u0103cut-o, \u015fi plaseaz\u0103  cople\u015fitoarea experien\u0163\u0103 penticostal\u0103 a botezului \u00een Duhul \u00een contextul  ei adecvat &#8211; anume nevoia ca urma\u015fii lui Christos s\u0103 fie \u00eemputernici\u0163i  de Duhul pentru a depune o m\u0103rturie eficient\u0103 despre mesajul Crucii.<\/span><\/p>\n<p><span style=\"font-size: large;\">Argumentele lui Chant sunt conving\u0103toare, deoarece sunt bazate pe  Biblie, \u00cel exalt\u0103 pe Christos \u015fi caut\u0103 folosul oamenilor pentru care a  murit Christos. Mii de oameni au fost \u015fi \u00eenc\u0103 sunt binecuv\u00e2nta\u0163i de  prezentarea pozitiv\u0103 a Evangheliei de c\u0103tre autor. Mesajul s\u0103u este  primit \u00eempreun\u0103 cu \u201esemnele\u201d despre care Noul Testament spune c\u0103 vor  \u00eenso\u0163i pe adev\u0103ra\u0163ii predicatori ai Cuv\u00e2ntului lui Dumnezeu. Aceastr\u0103  demonstrare a puterii lui Dumnezeu autentific\u0103 Cuv\u00e2ntul rostit \u015fi scris,  pentru a c\u0103rui proclamare Barry Chant \u015fi-a cheltuit cam 50 de ani din  via\u0163a sa.<\/span><\/p>\n<p><span style=\"font-size: large;\">M\u0103 rog ca acest volum s\u0103 ajute Biserica lui Christos s\u0103-\u015fi reevalueze  teologia \u015fi practicile slujirii \u015fi s\u0103 creeze \u00een oamenii ei o foame de a  fi \u00eemputernici\u0163i de Duhul.<\/span><\/p>\n<p><span style=\"font-size: large;\"><strong>Context<\/strong><\/span><\/p>\n<p>\u00a0<\/p>\n<p><span style=\"font-size: large;\">Secolul al XX-lea a v\u0103zut una dintre cele mai spectaculoase  dezvolt\u0103ri din istoria cre\u015ftin\u0103 &#8211; ascensiunea mi\u015fc\u0103rii penticostale \u015fi  charismatice. Tr\u0103s\u0103tura ei caracteristic\u0103 \u015fi distinctiv\u0103 a fost  experien\u0163a de a fi botezat cu Duhul Sf\u00e2nt, cu dovada ini\u0163ial\u0103 a vorbirii  \u00een limbi.<\/span><\/p>\n<p><span style=\"font-size: large;\">\u00cenceputurile nu au fost promi\u0163\u0103toare. Mici \u00eentruniri, de obicei pe  str\u0103du\u0163e l\u0103turalnice, adesea cu predicatori ne\u00eenv\u0103\u0163a\u0163i \u015fi, \u00een general,  respinse de principalele denomina\u0163ii cre\u015ftine. Liderii nu erau prea  charismatici. Mi\u015fcarea nu a avut nici m\u0103car un \u00eenceput clar stabilit \u015fi  recunoscut ca loc de na\u015ftere, chiar dac\u0103 Azusa Street din Los Angeles  \u015fi-a c\u00e2\u015ftigat o reputa\u0163ie cumva \u00eendrept\u0103\u0163it\u0103.<\/span><\/p>\n<p><span style=\"font-size: large;\">Noua mi\u015fcare se remarca prin slogane de genul:<\/span><\/p>\n<ul>\n<\/ul>\n<div class=\"wpsc_description\"><span style=\"font-size: large;\">&#8211; zilele din Biblie sunt din nou aici<\/span><\/div>\n<div class=\"wpsc_description\"><span style=\"font-size: large;\">&#8211; acesta este cre\u015ftinism nou-testamental<\/span><span style=\"font-size: large;\">\u00a0<\/span><\/div>\n<div class=\"wpsc_description\"><span style=\"font-size: large;\">&#8211; ast\u0103zi, trezirea plute\u015fte \u00een aer<\/span><br \/><span style=\"font-size: large;\">&#8211; \u00eenapoi la Biblie<\/span><br \/><span style=\"font-size: large;\">&#8211; acestea sunt zilele Bisericii Primare<\/span><br \/><span style=\"font-size: large;\">&#8211; toate lucrurile sunt posibile<\/span><br \/><span style=\"font-size: large;\">&#8211; semne, puteri \u015fi minuni ast\u0103zi<\/span><br \/> <span style=\"font-size: large;\">Pentru cei ce erau implica\u0163i, aceast\u0103 nou\u0103 mi\u015fcare a fost inspiratoare \u015fi emo\u0163ionant\u0103.<\/span><\/div>\n<p><span style=\"font-size: large;\">Ast\u0103zi, dup\u0103 mai bine de o sut\u0103 de ani, exist\u0103 sute de milioane de  credincio\u015fi pretutindeni \u00een lume, care sus\u0163in c\u0103 au experimentat un  botez penticostal cu Duhul Sf\u00e2nt. Cele mai mari biserici protestante din  lume tind s\u0103 fie penticostale. Evangheli\u015ftii \u015fi predicatorii  penticostali adun\u0103 mari mul\u0163imi \u00een campaniile de m\u00e2ntuire \u015fi de  vindecare.<\/span><\/p>\n<p><span style=\"font-size: large;\">Dup\u0103 un secol, oricum, au avut loc unele schimb\u0103ri subtile.  Prosperitatea nou-descoperit\u0103 a dus uneori la o inevitabil\u0103  automul\u0163umire. Mul\u0163i dintre cei ai c\u0103ror p\u0103rin\u0163i au luptat \u015fi s-au  sacrificat pentru dreptul de a vorbi \u00een limbi \u015fi totodat\u0103 de a fi  acceptat ca \u015fi drept cre\u015ftin, ei \u00een\u015fi\u015fi nu mai vorbesc \u00een limbi.<\/span><\/p>\n<p><span style=\"font-size: large;\">Oamenii se autodeclar\u0103 charismatici doar pentru c\u0103 ridic\u0103 m\u00e2inile  \u00eentr-o slujb\u0103 de \u00eenchinare sau pentru c\u0103 bat din palme \u00een timpul  c\u00e2nt\u0103rii. \u00cen cazuri extreme, prosperitatea financiar\u0103 este v\u0103zut\u0103 ca un  semn al prezen\u0163ei Duhului.<\/span><\/p>\n<p><span style=\"font-size: large;\">Aceast\u0103 carte este o pledoarie pentru \u00eentoarcerea la principiile  fundamentale pe care Dumnezeu le-a folosit \u00een secolul al XX-lea pentru a  \u00eenfl\u0103c\u0103ra Biserica \u015fi a rede\u015ftepta strig\u0103tul dup\u0103 putere spiritual\u0103.  Este o \u00eencercare de a prezenta \u00een termeni biblici, simpli, ceea ce  \u00een\u0163elege Biblia c\u00e2nd vorbe\u015fte despre a fi botezat cu Duhul Sf\u00e2nt.<\/span><\/p>\n<p><span style=\"font-size: large;\">Speran\u0163a mea este c\u0103 acest volum va reu\u015fi:<\/span><\/p>\n<ul>\n<\/ul>\n<p><span style=\"font-size: large;\">&#8211; s\u0103 introduc\u0103 pe cre\u015ftinii nesatisf\u0103cu\u0163i \u00eentr-o nou\u0103 experien\u0163\u0103 a puterii lui Dumnezeu<\/span><br \/><span style=\"font-size: large;\">&#8211; s\u0103 asigure o unealt\u0103 valoroas\u0103 pentru pastori<\/span><br \/><span style=\"font-size: large;\">&#8211; s\u0103 \u00eencurajeze pe evanghelici s\u0103 reg\u00e2ndeasc\u0103 puterea \u015fi darurile Duhului Sf\u00e2nt<\/span><br \/><span style=\"font-size: large;\">&#8211; s\u0103 provoace pe liberali s\u0103 cread\u0103 c\u0103 Scripturile sunt \u00eenc\u0103 autoritative \u00een materie de Duh<\/span><br \/><span style=\"font-size: large;\">&#8211; s\u0103 declan\u015feze \u00een inimile cititorilor o trezire la cre\u015ftinismul nou-testamental<\/span><br \/> <span style=\"font-size: large;\">Se pare c\u0103 aceasta \u00eenseamn\u0103 a \u0163inti spre imposibil. Dar chiar dac\u0103  numai unele dintre aceste obiective vor fi atinse, eu voi fi mul\u0163umit.<\/span><\/p>\n<p><span style=\"font-size: large;\"><em>\u00cemputernici\u0163i de Duhul<\/em> este o \u00eencercare de a introduce pe  credincio\u015fii din toate denomina\u0163iile \u00eentr-o \u00eenv\u0103\u0163\u0103tur\u0103 biblic\u0103 simpl\u0103  despre modul \u00een care Dumnezeu ne \u00eemputernice\u015fte prin Duhul S\u0103u, pentru a  fi martori ai lui Christos \u00een lumea de azi.<\/span><\/p>\n<p><span style=\"font-size: large;\"><br \/><\/span><\/p>\n<\/div>\n","protected":false},"excerpt":{"rendered":"<p>\u00a0 Dr. Barry Chant a fost decanul academic al colegiului pe care l-am absolvit (Ministry College), ca t\u00e2n\u0103r cre\u015ftin, pe la \u00eenceputurile lui 1970, \u015fi care mi-a impactat profund via\u0163a. Mi-a pl\u0103cut felul \u00een care el combina \u00eenv\u0103\u0163\u0103tura biblic\u0103 s\u0103n\u0103toas\u0103 cu aspectele practice ale slujirii. Pe atunci era logic \u015fi \u00eenfl\u0103c\u0103rat, \u015fi aceast\u0103 ultim\u0103 carte, [&hellip;]<\/p>\n","protected":false},"featured_media":8345,"comment_status":"open","ping_status":"closed","template":"","meta":[],"product_brand":[],"product_cat":[33],"product_tag":[],"class_list":{"0":"post-2918","1":"product","2":"type-product","3":"status-publish","4":"has-post-thumbnail","6":"product_cat-doctrine","8":"first","9":"outofstock","10":"shipping-taxable","11":"purchasable","12":"product-type-simple"},"_links":{"self":[{"href":"https:\/\/dev.sbro.ro\/index.php?rest_route=\/wp\/v2\/product\/2918","targetHints":{"allow":["GET"]}}],"collection":[{"href":"https:\/\/dev.sbro.ro\/index.php?rest_route=\/wp\/v2\/product"}],"about":[{"href":"https:\/\/dev.sbro.ro\/index.php?rest_route=\/wp\/v2\/types\/product"}],"replies":[{"embeddable":true,"href":"https:\/\/dev.sbro.ro\/index.php?rest_route=%2Fwp%2Fv2%2Fcomments&post=2918"}],"wp:featuredmedia":[{"embeddable":true,"href":"https:\/\/dev.sbro.ro\/index.php?rest_route=\/wp\/v2\/media\/8345"}],"wp:attachment":[{"href":"https:\/\/dev.sbro.ro\/index.php?rest_route=%2Fwp%2Fv2%2Fmedia&parent=2918"}],"wp:term":[{"taxonomy":"product_brand","embeddable":true,"href":"https:\/\/dev.sbro.ro\/index.php?rest_route=%2Fwp%2Fv2%2Fproduct_brand&post=2918"},{"taxonomy":"product_cat","embeddable":true,"href":"https:\/\/dev.sbro.ro\/index.php?rest_route=%2Fwp%2Fv2%2Fproduct_cat&post=2918"},{"taxonomy":"product_tag","embeddable":true,"href":"https:\/\/dev.sbro.ro\/index.php?rest_route=%2Fwp%2Fv2%2Fproduct_tag&post=2918"}],"curies":[{"name":"wp","href":"https:\/\/api.w.org\/{rel}","templated":true}]}}