{"id":2972,"date":"2026-04-21T09:07:07","date_gmt":"2026-04-21T09:07:07","guid":{"rendered":"https:\/\/dev.sbro.ro\/?product=5-discipline-spirituale"},"modified":"2026-04-21T09:07:07","modified_gmt":"2026-04-21T09:07:07","slug":"5-discipline-spirituale","status":"publish","type":"product","link":"https:\/\/dev.sbro.ro\/product\/5-discipline-spirituale\/","title":{"rendered":"5 Discipline spirituale"},"content":{"rendered":"<p>Un set de 5 lec\u0163ii biblice de neuitat, care prezint\u0103 5 discipline spirituale: Citirea Bibliei, Rug\u0103ciunea, Frecventarea Bisericii,  \u00cemp\u0103rt\u0103\u015firea credin\u0163ei \u015fi D\u0103rnicia.<\/p>\n<p>Copii vor \u00eenv\u0103\u0163a despre faptul c\u0103 citirea Cuv\u00e2ntului lui Dumnezeu le schimb\u0103 via\u0163a, Dumnezeu \u00eei aude atunci c\u00e2nd se roag\u0103,  prin frecventarea bisericii pot cre\u015fte \u015fi deveni tot mai asem\u0103n\u0103tori cu Domnul Isus, pot vorbi altora despre Domnul Isus sau c\u0103 \u00cel pot urma pe Dumnezeu oferdu-I via\u0163a \u015fi resursele pe care le au.<\/p>\n<p>Aceast\u0103 carte este menit\u0103 s\u0103  provoace schimbarea vie\u0163ii copiilor. O resurs\u0103 care te conduce  pas cu pas de la timpul petrecut singur \u00een lumina textului biblic,  prin devo\u0163ionalul creat special pentru \u00eenv\u0103\u0163\u0103tor, printr-o lec\u0163ie  captivant\u0103, p\u00e2n\u0103 \u00een clasele copiilor, iar prin intermediul foii de lucru  de la finalul fiec\u0103rei lec\u0163ii e\u015fti condus la implicarea p\u0103rin\u0163ilor.<\/p>\n<p>  Manualul \u00eenv\u0103\u021b\u0103torului:<\/p>\n<p>Devo\u0163ional pentru \u00eenv\u0103\u0163\u0103tor<br \/>\nMetode de predare creativ\u0103<br \/>\nJocuri pentru memorarea versetului de aur<br \/>\nActivit\u0103\u0163i de experimentare<br \/>\n\u00centreb\u0103ri de discu\u0163ie \u015fi consolidarea rela\u0163iilor<br \/>\nExerci\u0163ii practice pe aplicare Sumarul lec\u0163iei<br \/>\nJocuri captivante pentru copil<br \/>\n\u00centreb\u0103ri de discu\u0163ii \u015fi activit\u0103\u0163i creative pentru \u00eentreaga familie<br \/>\nVersetul de aur<\/p>\n<p>CUPRINS:<\/p>\n<p>1. Citirea Bibliei<\/p>\n<p>2. Rugaciunea<\/p>\n<p>3. Frecventarea bisericii<\/p>\n<p>4. Impartasirea credintei<\/p>\n<p>5. Darnicia<\/p>\n","protected":false},"excerpt":{"rendered":"<p>Un set de 5 lec\u0163ii biblice de neuitat, care prezint\u0103 5 discipline spirituale: Citirea Bibliei, Rug\u0103ciunea, Frecventarea Bisericii, \u00cemp\u0103rt\u0103\u015firea credin\u0163ei \u015fi D\u0103rnicia. Copii vor \u00eenv\u0103\u0163a despre faptul c\u0103 citirea Cuv\u00e2ntului lui Dumnezeu le schimb\u0103 via\u0163a, Dumnezeu \u00eei aude atunci c\u00e2nd se roag\u0103, prin frecventarea bisericii pot cre\u015fte \u015fi deveni tot mai asem\u0103n\u0103tori cu Domnul Isus, [&hellip;]<\/p>\n","protected":false},"featured_media":8399,"comment_status":"open","ping_status":"closed","template":"","meta":[],"product_brand":[],"product_cat":[8,35],"product_tag":[],"class_list":{"0":"post-2972","1":"product","2":"type-product","3":"status-publish","4":"has-post-thumbnail","6":"product_cat-carti","7":"product_cat-copii","9":"first","10":"outofstock","11":"shipping-taxable","12":"purchasable","13":"product-type-simple"},"_links":{"self":[{"href":"https:\/\/dev.sbro.ro\/wp-json\/wp\/v2\/product\/2972","targetHints":{"allow":["GET"]}}],"collection":[{"href":"https:\/\/dev.sbro.ro\/wp-json\/wp\/v2\/product"}],"about":[{"href":"https:\/\/dev.sbro.ro\/wp-json\/wp\/v2\/types\/product"}],"replies":[{"embeddable":true,"href":"https:\/\/dev.sbro.ro\/wp-json\/wp\/v2\/comments?post=2972"}],"wp:featuredmedia":[{"embeddable":true,"href":"https:\/\/dev.sbro.ro\/wp-json\/wp\/v2\/media\/8399"}],"wp:attachment":[{"href":"https:\/\/dev.sbro.ro\/wp-json\/wp\/v2\/media?parent=2972"}],"wp:term":[{"taxonomy":"product_brand","embeddable":true,"href":"https:\/\/dev.sbro.ro\/wp-json\/wp\/v2\/product_brand?post=2972"},{"taxonomy":"product_cat","embeddable":true,"href":"https:\/\/dev.sbro.ro\/wp-json\/wp\/v2\/product_cat?post=2972"},{"taxonomy":"product_tag","embeddable":true,"href":"https:\/\/dev.sbro.ro\/wp-json\/wp\/v2\/product_tag?post=2972"}],"curies":[{"name":"wp","href":"https:\/\/api.w.org\/{rel}","templated":true}]}}