{"id":2976,"date":"2026-04-21T09:07:07","date_gmt":"2026-04-21T09:07:07","guid":{"rendered":"https:\/\/dev.sbro.ro\/?product=dvd-do-re-mi-pentru-copii-desene-animate-vol-2"},"modified":"2026-04-21T09:07:07","modified_gmt":"2026-04-21T09:07:07","slug":"dvd-do-re-mi-pentru-copii-desene-animate-vol-2","status":"publish","type":"product","link":"https:\/\/dev.sbro.ro\/?product=dvd-do-re-mi-pentru-copii-desene-animate-vol-2","title":{"rendered":"DVD &#8211; Do Re Mi pentru copii &#8211; Desene animate. Vol. 2"},"content":{"rendered":"<p>Discografie<\/p>\n<p>1. Trenul vie\u021bii [03:54] MP3<br \/>\n2. Roada Duhului [03:05] MP3<br \/>\n3. Greiera\u0219ul din c\u00e2mpie [03:44] MP3<br \/>\n4. Coco\u0219ul, ceasul \u0219i c\u0103\u021belul [03:50] MP3<br \/>\n5. David \u0219i Goliat [04:20] MP3<br \/>\n6. Isus, nume minunat [02:44]<br \/>\n7. Animalele din corabia lui Noe [04:18] MP3<br \/>\n8. \u0218oferul [04:41] MP3<br \/>\n9. Mi-ar pl\u0103cea s\u0103 c\u00e2nt la mandolin\u0103 [04:51] MP3<br \/>\n10. Gospodarul prin ocol [05:57] MP3<br \/>\n11. Un sold\u0103\u021bel [03:42] MP3<\/p>\n","protected":false},"excerpt":{"rendered":"<p>Discografie 1. Trenul vie\u021bii [03:54] MP3 2. Roada Duhului [03:05] MP3 3. Greiera\u0219ul din c\u00e2mpie [03:44] MP3 4. Coco\u0219ul, ceasul \u0219i c\u0103\u021belul [03:50] MP3 5. David \u0219i Goliat [04:20] MP3 6. Isus, nume minunat [02:44] 7. Animalele din corabia lui Noe [04:18] MP3 8. \u0218oferul [04:41] MP3 9. Mi-ar pl\u0103cea s\u0103 c\u00e2nt la mandolin\u0103 [04:51] [&hellip;]<\/p>\n","protected":false},"featured_media":8403,"comment_status":"open","ping_status":"closed","template":"","meta":[],"product_brand":[],"product_cat":[66],"product_tag":[],"class_list":{"0":"post-2976","1":"product","2":"type-product","3":"status-publish","4":"has-post-thumbnail","6":"product_cat-dvd","8":"first","9":"outofstock","10":"shipping-taxable","11":"purchasable","12":"product-type-simple"},"_links":{"self":[{"href":"https:\/\/dev.sbro.ro\/index.php?rest_route=\/wp\/v2\/product\/2976","targetHints":{"allow":["GET"]}}],"collection":[{"href":"https:\/\/dev.sbro.ro\/index.php?rest_route=\/wp\/v2\/product"}],"about":[{"href":"https:\/\/dev.sbro.ro\/index.php?rest_route=\/wp\/v2\/types\/product"}],"replies":[{"embeddable":true,"href":"https:\/\/dev.sbro.ro\/index.php?rest_route=%2Fwp%2Fv2%2Fcomments&post=2976"}],"wp:featuredmedia":[{"embeddable":true,"href":"https:\/\/dev.sbro.ro\/index.php?rest_route=\/wp\/v2\/media\/8403"}],"wp:attachment":[{"href":"https:\/\/dev.sbro.ro\/index.php?rest_route=%2Fwp%2Fv2%2Fmedia&parent=2976"}],"wp:term":[{"taxonomy":"product_brand","embeddable":true,"href":"https:\/\/dev.sbro.ro\/index.php?rest_route=%2Fwp%2Fv2%2Fproduct_brand&post=2976"},{"taxonomy":"product_cat","embeddable":true,"href":"https:\/\/dev.sbro.ro\/index.php?rest_route=%2Fwp%2Fv2%2Fproduct_cat&post=2976"},{"taxonomy":"product_tag","embeddable":true,"href":"https:\/\/dev.sbro.ro\/index.php?rest_route=%2Fwp%2Fv2%2Fproduct_tag&post=2976"}],"curies":[{"name":"wp","href":"https:\/\/api.w.org\/{rel}","templated":true}]}}