{"id":3009,"date":"2026-04-21T09:07:11","date_gmt":"2026-04-21T09:07:11","guid":{"rendered":"https:\/\/dev.sbro.ro\/?product=intoxicat-de-babilon"},"modified":"2026-04-21T09:07:11","modified_gmt":"2026-04-21T09:07:11","slug":"intoxicat-de-babilon","status":"publish","type":"product","link":"https:\/\/dev.sbro.ro\/product\/intoxicat-de-babilon\/","title":{"rendered":"Intoxicat de Babilon"},"content":{"rendered":"<p style=\"text-align: left;\">\n<div style=\"text-align: left;\"><span style=\"color: #000000; font-size: large;\">Partea \u00eent\u00e2i<br \/>\nUn mandat biblic<\/p>\n<p>1. Duhul lumii<br \/>\n2. Originea Babilonului<br \/>\n3. De\u015fert\u0103ciunea: C\u0103derea Israelului<br \/>\n4. \u201eIe\u015fi!\u201d<br \/>\n5. \u201eFi\u0163i sfin\u0163i, c\u0103ci Eu sunt sf\u00e2nt\u201d<\/p>\n<p>Partea a doua<br \/>\nStarea Bisericii<\/p>\n<p>6. Biserica din Laodiceea<br \/>\n7. Nu e nevoie s\u0103 ascul\u0163i de Dumnezeu<br \/>\n8. \u00cen\u015fel\u0103ciunea \u015fi ambi\u0163ia \u00een locurile de frunte<br \/>\n9. \u00cen\u0163elepciunea Kosmosului<br \/>\n10. \u00cendoctrinarea<br \/>\n11. S\u0103 tr\u0103im ca regi (\u00een \u00eemp\u0103r\u0103\u0163ia lui Satan)<\/p>\n<p>Partea a treia<br \/>\nBiserica zilelor din urm\u0103<\/span><\/div>\n<div style=\"text-align: left;\"><span style=\"color: #000000; font-size: large;\">12. Duhul Anticristului<br \/>\n13. Marea \u00een\u015fel\u0103ciune<br \/>\n14. Preg\u0103ti\u0163i pentru Domnul<br \/>\n15. C\u0103derea Babilonului <\/span><\/div>\n","protected":false},"excerpt":{"rendered":"<p>Partea \u00eent\u00e2i Un mandat biblic 1. Duhul lumii 2. Originea Babilonului 3. De\u015fert\u0103ciunea: C\u0103derea Israelului 4. \u201eIe\u015fi!\u201d 5. \u201eFi\u0163i sfin\u0163i, c\u0103ci Eu sunt sf\u00e2nt\u201d Partea a doua Starea Bisericii 6. Biserica din Laodiceea 7. Nu e nevoie s\u0103 ascul\u0163i de Dumnezeu 8. \u00cen\u015fel\u0103ciunea \u015fi ambi\u0163ia \u00een locurile de frunte 9. \u00cen\u0163elepciunea Kosmosului 10. \u00cendoctrinarea 11. [&hellip;]<\/p>\n","protected":false},"featured_media":8436,"comment_status":"open","ping_status":"closed","template":"","meta":[],"product_brand":[],"product_cat":[18,19],"product_tag":[],"class_list":{"0":"post-3009","1":"product","2":"type-product","3":"status-publish","4":"has-post-thumbnail","6":"product_cat-viata-crestina","7":"product_cat-viata-crestina-editura-metanoia","9":"first","10":"instock","11":"shipping-taxable","12":"purchasable","13":"product-type-simple"},"_links":{"self":[{"href":"https:\/\/dev.sbro.ro\/wp-json\/wp\/v2\/product\/3009","targetHints":{"allow":["GET"]}}],"collection":[{"href":"https:\/\/dev.sbro.ro\/wp-json\/wp\/v2\/product"}],"about":[{"href":"https:\/\/dev.sbro.ro\/wp-json\/wp\/v2\/types\/product"}],"replies":[{"embeddable":true,"href":"https:\/\/dev.sbro.ro\/wp-json\/wp\/v2\/comments?post=3009"}],"wp:featuredmedia":[{"embeddable":true,"href":"https:\/\/dev.sbro.ro\/wp-json\/wp\/v2\/media\/8436"}],"wp:attachment":[{"href":"https:\/\/dev.sbro.ro\/wp-json\/wp\/v2\/media?parent=3009"}],"wp:term":[{"taxonomy":"product_brand","embeddable":true,"href":"https:\/\/dev.sbro.ro\/wp-json\/wp\/v2\/product_brand?post=3009"},{"taxonomy":"product_cat","embeddable":true,"href":"https:\/\/dev.sbro.ro\/wp-json\/wp\/v2\/product_cat?post=3009"},{"taxonomy":"product_tag","embeddable":true,"href":"https:\/\/dev.sbro.ro\/wp-json\/wp\/v2\/product_tag?post=3009"}],"curies":[{"name":"wp","href":"https:\/\/api.w.org\/{rel}","templated":true}]}}