{"id":3027,"date":"2026-04-21T09:07:13","date_gmt":"2026-04-21T09:07:13","guid":{"rendered":"https:\/\/dev.sbro.ro\/?product=veniti-dupa-mine"},"modified":"2026-04-21T09:07:13","modified_gmt":"2026-04-21T09:07:13","slug":"veniti-dupa-mine","status":"publish","type":"product","link":"https:\/\/dev.sbro.ro\/product\/veniti-dupa-mine\/","title":{"rendered":"Veniti dupa Mine"},"content":{"rendered":"<\/p>\n<p style=\"margin-bottom: 0px; padding-bottom: 0px; border: 0px; line-height: 1.8em; vertical-align: baseline; background-color: #fefefe;\"><span style=\"font-family: Verdana; font-size: large;\"><strong>CUPRINS<\/strong><\/span><\/p>\n<p style=\"margin-bottom: 0px; padding-bottom: 0px; border: 0px; line-height: 1.8em; vertical-align: baseline; background-color: #fefefe;\"><span style=\"font-family: Verdana; font-size: large;\">Introducere de Francis Chan<\/span><\/p>\n<p style=\"margin-bottom: 0px; padding-bottom: 0px; border: 0px; line-height: 1.8em; vertical-align: baseline; background-color: #fefefe;\"><span style=\"font-family: Verdana; font-size: large;\">Capitolul 1. Credincio\u015fi neconverti\u0163i<br \/>\nCapitolul 2. Marea invita\u0163ie<br \/>\nCapitolul 3. Religie superficial\u0103 \u015fi regenerare supranatural\u0103<br \/>\nCapitolul 4. Nu-L face pe Isus Domnul \u015fi M\u00e2ntuitorul t\u0103u personal!<br \/>\nCapitolul 5. Copii ai lui Dumnezeu <br \/>\nCapitolul 6. Voia lui Dumnezeu pentru via\u0163a ta<br \/>\nCapitolul 7. Trupul lui Cristos 145<br \/>\nCapitolul 8. O viziune a ceea ce ar fi posibil<br \/>\nCapitolul 9. N\u0103scu\u0163i pentru a ne \u00eenmul\u0163i<\/span><\/p>\n<p style=\"margin-bottom: 0px; padding-bottom: 0px; border: 0px; line-height: 1.8em; vertical-align: baseline; background-color: #fefefe;\"><span style=\"font-family: Verdana; font-size: large;\">Un plan personal pentru a face ucenici<br \/>\nMul\u0163umiri<\/span><\/p>\n<p style=\"margin-bottom: 0px; padding-bottom: 0px; border: 0px; line-height: 1.8em; vertical-align: baseline; background-color: #fefefe;\"><span style=\"font-family: Verdana; font-size: large;\">Note<br \/>\nDespre autor<\/span><\/p>\n","protected":false},"excerpt":{"rendered":"<p>CUPRINS Introducere de Francis Chan Capitolul 1. Credincio\u015fi neconverti\u0163i Capitolul 2. Marea invita\u0163ie Capitolul 3. Religie superficial\u0103 \u015fi regenerare supranatural\u0103 Capitolul 4. Nu-L face pe Isus Domnul \u015fi M\u00e2ntuitorul t\u0103u personal! Capitolul 5. Copii ai lui Dumnezeu Capitolul 6. Voia lui Dumnezeu pentru via\u0163a ta Capitolul 7. Trupul lui Cristos 145 Capitolul 8. O viziune [&hellip;]<\/p>\n","protected":false},"featured_media":8454,"comment_status":"open","ping_status":"closed","template":"","meta":[],"product_brand":[],"product_cat":[18],"product_tag":[],"class_list":{"0":"post-3027","1":"product","2":"type-product","3":"status-publish","4":"has-post-thumbnail","6":"product_cat-viata-crestina","8":"first","9":"instock","10":"shipping-taxable","11":"purchasable","12":"product-type-simple"},"_links":{"self":[{"href":"https:\/\/dev.sbro.ro\/wp-json\/wp\/v2\/product\/3027","targetHints":{"allow":["GET"]}}],"collection":[{"href":"https:\/\/dev.sbro.ro\/wp-json\/wp\/v2\/product"}],"about":[{"href":"https:\/\/dev.sbro.ro\/wp-json\/wp\/v2\/types\/product"}],"replies":[{"embeddable":true,"href":"https:\/\/dev.sbro.ro\/wp-json\/wp\/v2\/comments?post=3027"}],"wp:featuredmedia":[{"embeddable":true,"href":"https:\/\/dev.sbro.ro\/wp-json\/wp\/v2\/media\/8454"}],"wp:attachment":[{"href":"https:\/\/dev.sbro.ro\/wp-json\/wp\/v2\/media?parent=3027"}],"wp:term":[{"taxonomy":"product_brand","embeddable":true,"href":"https:\/\/dev.sbro.ro\/wp-json\/wp\/v2\/product_brand?post=3027"},{"taxonomy":"product_cat","embeddable":true,"href":"https:\/\/dev.sbro.ro\/wp-json\/wp\/v2\/product_cat?post=3027"},{"taxonomy":"product_tag","embeddable":true,"href":"https:\/\/dev.sbro.ro\/wp-json\/wp\/v2\/product_tag?post=3027"}],"curies":[{"name":"wp","href":"https:\/\/api.w.org\/{rel}","templated":true}]}}