{"id":3029,"date":"2026-04-21T09:07:13","date_gmt":"2026-04-21T09:07:13","guid":{"rendered":"https:\/\/dev.sbro.ro\/?product=excludere-si-imbratisare"},"modified":"2026-04-21T09:07:13","modified_gmt":"2026-04-21T09:07:13","slug":"excludere-si-imbratisare","status":"publish","type":"product","link":"https:\/\/dev.sbro.ro\/?product=excludere-si-imbratisare","title":{"rendered":"Excludere si imbratisare"},"content":{"rendered":"<p>\u00a0<\/p>\n<p><span style=\"font-size: large;\">Lucrarea prof. Miroslav Volf, <em>Excludere \u015fi \u00eembr\u0103\u0163i\u015fare<\/em>, este  una dintre cele mai penetrante c\u0103r\u0163i scrise \u00een ultimul sfert de veac.  Este unul dintre acele tomuri, rar \u00eent\u00e2lnite, la care trebuie s\u0103 te  re\u00eentorci, din nou \u015fi din nou, pentru a beneficia pe deplin de bog\u0103\u0163ia  lui. Vrei s\u0103 \u00eenve\u0163i cum s\u0103 te raportezi la du\u015fmani? Cite\u015fte aceast\u0103  carte! Vrei s\u0103 fii cu adev\u0103rat un om al p\u0103cii? Aplic\u0103 aceast\u0103 carte!  Vrei s\u0103 dezvol\u0163i tu \u00eensu\u0163i un argument teologic relevant? Studiaz\u0103  aceast\u0103 carte! Vrei s\u0103 fii cople\u015fit de nem\u0103rginirea iubirii  reconciliante a lui Dumnezeu? Porne\u015fte, \u00eempreun\u0103 cu Miroslav Volf,  \u00eentr-o c\u0103l\u0103torie intelectual\u0103 \u015fi spiritual\u0103 al c\u0103rei impact va fi, f\u0103r\u0103  \u00eendoial\u0103, profund \u015fi de neuitat!\u00a0<\/span><\/p>\n<p>\u00a0<\/p>\n<p><span style=\"font-size: large;\">Conf. univ. dr. Marcel V. M\u0103celaru<\/span><br \/><span style=\"font-size: large;\">Institutul Teologic Penticostal, Bucure\u015fti<\/span><\/p>\n","protected":false},"excerpt":{"rendered":"<p>\u00a0 Lucrarea prof. Miroslav Volf, Excludere \u015fi \u00eembr\u0103\u0163i\u015fare, este una dintre cele mai penetrante c\u0103r\u0163i scrise \u00een ultimul sfert de veac. Este unul dintre acele tomuri, rar \u00eent\u00e2lnite, la care trebuie s\u0103 te re\u00eentorci, din nou \u015fi din nou, pentru a beneficia pe deplin de bog\u0103\u0163ia lui. Vrei s\u0103 \u00eenve\u0163i cum s\u0103 te raportezi la [&hellip;]<\/p>\n","protected":false},"featured_media":8456,"comment_status":"open","ping_status":"closed","template":"","meta":[],"product_brand":[],"product_cat":[33],"product_tag":[],"class_list":{"0":"post-3029","1":"product","2":"type-product","3":"status-publish","4":"has-post-thumbnail","6":"product_cat-doctrine","8":"first","9":"instock","10":"shipping-taxable","11":"purchasable","12":"product-type-simple"},"_links":{"self":[{"href":"https:\/\/dev.sbro.ro\/index.php?rest_route=\/wp\/v2\/product\/3029","targetHints":{"allow":["GET"]}}],"collection":[{"href":"https:\/\/dev.sbro.ro\/index.php?rest_route=\/wp\/v2\/product"}],"about":[{"href":"https:\/\/dev.sbro.ro\/index.php?rest_route=\/wp\/v2\/types\/product"}],"replies":[{"embeddable":true,"href":"https:\/\/dev.sbro.ro\/index.php?rest_route=%2Fwp%2Fv2%2Fcomments&post=3029"}],"wp:featuredmedia":[{"embeddable":true,"href":"https:\/\/dev.sbro.ro\/index.php?rest_route=\/wp\/v2\/media\/8456"}],"wp:attachment":[{"href":"https:\/\/dev.sbro.ro\/index.php?rest_route=%2Fwp%2Fv2%2Fmedia&parent=3029"}],"wp:term":[{"taxonomy":"product_brand","embeddable":true,"href":"https:\/\/dev.sbro.ro\/index.php?rest_route=%2Fwp%2Fv2%2Fproduct_brand&post=3029"},{"taxonomy":"product_cat","embeddable":true,"href":"https:\/\/dev.sbro.ro\/index.php?rest_route=%2Fwp%2Fv2%2Fproduct_cat&post=3029"},{"taxonomy":"product_tag","embeddable":true,"href":"https:\/\/dev.sbro.ro\/index.php?rest_route=%2Fwp%2Fv2%2Fproduct_tag&post=3029"}],"curies":[{"name":"wp","href":"https:\/\/api.w.org\/{rel}","templated":true}]}}