{"id":3031,"date":"2026-04-21T09:07:13","date_gmt":"2026-04-21T09:07:13","guid":{"rendered":"https:\/\/dev.sbro.ro\/?product=rugaciuni-care-rup-blestemele"},"modified":"2026-04-21T09:07:13","modified_gmt":"2026-04-21T09:07:13","slug":"rugaciuni-care-rup-blestemele","status":"publish","type":"product","link":"https:\/\/dev.sbro.ro\/product\/rugaciuni-care-rup-blestemele\/","title":{"rendered":"Rugaciuni care rup blestemele"},"content":{"rendered":"<\/p>\n<p><span style=\"font-size: large;\">Rug\u0103ciuni care Rup Blestemele este manualul t\u0103u de referin\u0163\u0103 pentru a sta \u00eempotriva influen\u0163elor demonice \u015fi pentru a le \u00eempiedica s\u0103 ac\u0163ioneze \u00een via\u0163a ta. Combin\u00e2nd rug\u0103ciuni puternice cu declara\u0163ii luate din Scriptur\u0103, ea te ajut\u0103 s\u0103 stai puternic \u00een credin\u0163\u0103, identific\u00e2nd domeniile din via\u0163a ta \u00een care s-ar putea s\u0103 fii vulnerabil la atacurile Satanei. <\/span><\/p>\n","protected":false},"excerpt":{"rendered":"<p>Rug\u0103ciuni care Rup Blestemele este manualul t\u0103u de referin\u0163\u0103 pentru a sta \u00eempotriva influen\u0163elor demonice \u015fi pentru a le \u00eempiedica s\u0103 ac\u0163ioneze \u00een via\u0163a ta. Combin\u00e2nd rug\u0103ciuni puternice cu declara\u0163ii luate din Scriptur\u0103, ea te ajut\u0103 s\u0103 stai puternic \u00een credin\u0163\u0103, identific\u00e2nd domeniile din via\u0163a ta \u00een care s-ar putea s\u0103 fii vulnerabil la atacurile [&hellip;]<\/p>\n","protected":false},"featured_media":8458,"comment_status":"open","ping_status":"closed","template":"","meta":[],"product_brand":[],"product_cat":[18],"product_tag":[],"class_list":{"0":"post-3031","1":"product","2":"type-product","3":"status-publish","4":"has-post-thumbnail","6":"product_cat-viata-crestina","8":"first","9":"instock","10":"shipping-taxable","11":"purchasable","12":"product-type-simple"},"_links":{"self":[{"href":"https:\/\/dev.sbro.ro\/wp-json\/wp\/v2\/product\/3031","targetHints":{"allow":["GET"]}}],"collection":[{"href":"https:\/\/dev.sbro.ro\/wp-json\/wp\/v2\/product"}],"about":[{"href":"https:\/\/dev.sbro.ro\/wp-json\/wp\/v2\/types\/product"}],"replies":[{"embeddable":true,"href":"https:\/\/dev.sbro.ro\/wp-json\/wp\/v2\/comments?post=3031"}],"wp:featuredmedia":[{"embeddable":true,"href":"https:\/\/dev.sbro.ro\/wp-json\/wp\/v2\/media\/8458"}],"wp:attachment":[{"href":"https:\/\/dev.sbro.ro\/wp-json\/wp\/v2\/media?parent=3031"}],"wp:term":[{"taxonomy":"product_brand","embeddable":true,"href":"https:\/\/dev.sbro.ro\/wp-json\/wp\/v2\/product_brand?post=3031"},{"taxonomy":"product_cat","embeddable":true,"href":"https:\/\/dev.sbro.ro\/wp-json\/wp\/v2\/product_cat?post=3031"},{"taxonomy":"product_tag","embeddable":true,"href":"https:\/\/dev.sbro.ro\/wp-json\/wp\/v2\/product_tag?post=3031"}],"curies":[{"name":"wp","href":"https:\/\/api.w.org\/{rel}","templated":true}]}}