{"id":3070,"date":"2026-04-21T09:07:18","date_gmt":"2026-04-21T09:07:18","guid":{"rendered":"https:\/\/dev.sbro.ro\/?product=cana-bunatatile-domnului"},"modified":"2026-04-21T09:07:18","modified_gmt":"2026-04-21T09:07:18","slug":"cana-bunatatile-domnului","status":"publish","type":"product","link":"https:\/\/dev.sbro.ro\/product\/cana-bunatatile-domnului\/","title":{"rendered":"Cana &#8211; Bunatatile Domnului"},"content":{"rendered":"<p>Cana din ceramica cu inscriptie: &#8220;Bun\u0103t\u0103\u0163ile Domnului nu s-au sf\u00e2r\u015fit&#8221; &#8211; Plangerile lui Ieremia 3:22a<\/p>\n","protected":false},"excerpt":{"rendered":"<p>Cana din ceramica cu inscriptie: &#8220;Bun\u0103t\u0103\u0163ile Domnului nu s-au sf\u00e2r\u015fit&#8221; &#8211; Plangerile lui Ieremia 3:22a<\/p>\n","protected":false},"featured_media":8497,"comment_status":"open","ping_status":"closed","template":"","meta":[],"product_brand":[],"product_cat":[94],"product_tag":[],"class_list":{"0":"post-3070","1":"product","2":"type-product","3":"status-publish","4":"has-post-thumbnail","6":"product_cat-cani-inscriptionate","8":"first","9":"instock","10":"shipping-taxable","11":"purchasable","12":"product-type-simple"},"_links":{"self":[{"href":"https:\/\/dev.sbro.ro\/wp-json\/wp\/v2\/product\/3070","targetHints":{"allow":["GET"]}}],"collection":[{"href":"https:\/\/dev.sbro.ro\/wp-json\/wp\/v2\/product"}],"about":[{"href":"https:\/\/dev.sbro.ro\/wp-json\/wp\/v2\/types\/product"}],"replies":[{"embeddable":true,"href":"https:\/\/dev.sbro.ro\/wp-json\/wp\/v2\/comments?post=3070"}],"wp:featuredmedia":[{"embeddable":true,"href":"https:\/\/dev.sbro.ro\/wp-json\/wp\/v2\/media\/8497"}],"wp:attachment":[{"href":"https:\/\/dev.sbro.ro\/wp-json\/wp\/v2\/media?parent=3070"}],"wp:term":[{"taxonomy":"product_brand","embeddable":true,"href":"https:\/\/dev.sbro.ro\/wp-json\/wp\/v2\/product_brand?post=3070"},{"taxonomy":"product_cat","embeddable":true,"href":"https:\/\/dev.sbro.ro\/wp-json\/wp\/v2\/product_cat?post=3070"},{"taxonomy":"product_tag","embeddable":true,"href":"https:\/\/dev.sbro.ro\/wp-json\/wp\/v2\/product_tag?post=3070"}],"curies":[{"name":"wp","href":"https:\/\/api.w.org\/{rel}","templated":true}]}}