{"id":3129,"date":"2026-04-21T09:07:24","date_gmt":"2026-04-21T09:07:24","guid":{"rendered":"https:\/\/dev.sbro.ro\/?product=magnet-femeie-in-rugaciune-psalm-176"},"modified":"2026-04-21T09:07:24","modified_gmt":"2026-04-21T09:07:24","slug":"magnet-femeie-in-rugaciune-psalm-176","status":"publish","type":"product","link":"https:\/\/dev.sbro.ro\/?product=magnet-femeie-in-rugaciune-psalm-176","title":{"rendered":"Magnet femeie in rugaciune &#8211; Psalm 17:6"},"content":{"rendered":"<p>Ornament din rasina cu magnet cu inscriptie in limba romana: &#8220;Strig c\u0103tre Tine, c\u0103ci m-ascul\u0163i, Dumnezeule! Pleac\u0103-\u0162i urechea spre mine, ascult\u0103 cuv\u00e2ntul meu!&#8221; &#8211; Psalmi 17:6<\/p>\n","protected":false},"excerpt":{"rendered":"<p>Ornament din rasina cu magnet cu inscriptie in limba romana: &#8220;Strig c\u0103tre Tine, c\u0103ci m-ascul\u0163i, Dumnezeule! Pleac\u0103-\u0162i urechea spre mine, ascult\u0103 cuv\u00e2ntul meu!&#8221; &#8211; Psalmi 17:6<\/p>\n","protected":false},"featured_media":8555,"comment_status":"open","ping_status":"closed","template":"","meta":[],"product_brand":[],"product_cat":[49],"product_tag":[],"class_list":{"0":"post-3129","1":"product","2":"type-product","3":"status-publish","4":"has-post-thumbnail","6":"product_cat-magneti-de-frigider","8":"first","9":"outofstock","10":"shipping-taxable","11":"purchasable","12":"product-type-simple"},"_links":{"self":[{"href":"https:\/\/dev.sbro.ro\/index.php?rest_route=\/wp\/v2\/product\/3129","targetHints":{"allow":["GET"]}}],"collection":[{"href":"https:\/\/dev.sbro.ro\/index.php?rest_route=\/wp\/v2\/product"}],"about":[{"href":"https:\/\/dev.sbro.ro\/index.php?rest_route=\/wp\/v2\/types\/product"}],"replies":[{"embeddable":true,"href":"https:\/\/dev.sbro.ro\/index.php?rest_route=%2Fwp%2Fv2%2Fcomments&post=3129"}],"wp:featuredmedia":[{"embeddable":true,"href":"https:\/\/dev.sbro.ro\/index.php?rest_route=\/wp\/v2\/media\/8555"}],"wp:attachment":[{"href":"https:\/\/dev.sbro.ro\/index.php?rest_route=%2Fwp%2Fv2%2Fmedia&parent=3129"}],"wp:term":[{"taxonomy":"product_brand","embeddable":true,"href":"https:\/\/dev.sbro.ro\/index.php?rest_route=%2Fwp%2Fv2%2Fproduct_brand&post=3129"},{"taxonomy":"product_cat","embeddable":true,"href":"https:\/\/dev.sbro.ro\/index.php?rest_route=%2Fwp%2Fv2%2Fproduct_cat&post=3129"},{"taxonomy":"product_tag","embeddable":true,"href":"https:\/\/dev.sbro.ro\/index.php?rest_route=%2Fwp%2Fv2%2Fproduct_tag&post=3129"}],"curies":[{"name":"wp","href":"https:\/\/api.w.org\/{rel}","templated":true}]}}