{"id":3141,"date":"2026-04-21T09:07:26","date_gmt":"2026-04-21T09:07:26","guid":{"rendered":"https:\/\/dev.sbro.ro\/?product=breloc-apocalipsa-2213"},"modified":"2026-04-21T09:07:26","modified_gmt":"2026-04-21T09:07:26","slug":"breloc-apocalipsa-2213","status":"publish","type":"product","link":"https:\/\/dev.sbro.ro\/product\/breloc-apocalipsa-2213\/","title":{"rendered":"Breloc &#8211; Apocalipsa 22:13"},"content":{"rendered":"<p>Breloc metalic:<br \/>\nFata: &#8220;Tatal meu este Regele Regilor&#8221;<br \/>\nVerso: Eu sunt Alfa \u015fi Omega, Cel Dint\u00e2i \u015fi Cel de pe Urm\u0103, \u00cenceputul \u015fi Sf\u00e2r\u015fitul.\u201d<\/p>\n","protected":false},"excerpt":{"rendered":"<p>Breloc metalic: Fata: &#8220;Tatal meu este Regele Regilor&#8221; Verso: Eu sunt Alfa \u015fi Omega, Cel Dint\u00e2i \u015fi Cel de pe Urm\u0103, \u00cenceputul \u015fi Sf\u00e2r\u015fitul.\u201d<\/p>\n","protected":false},"featured_media":8567,"comment_status":"open","ping_status":"closed","template":"","meta":[],"product_brand":[],"product_cat":[93],"product_tag":[],"class_list":{"0":"post-3141","1":"product","2":"type-product","3":"status-publish","4":"has-post-thumbnail","6":"product_cat-brelocuri","8":"first","9":"outofstock","10":"shipping-taxable","11":"purchasable","12":"product-type-simple"},"_links":{"self":[{"href":"https:\/\/dev.sbro.ro\/wp-json\/wp\/v2\/product\/3141","targetHints":{"allow":["GET"]}}],"collection":[{"href":"https:\/\/dev.sbro.ro\/wp-json\/wp\/v2\/product"}],"about":[{"href":"https:\/\/dev.sbro.ro\/wp-json\/wp\/v2\/types\/product"}],"replies":[{"embeddable":true,"href":"https:\/\/dev.sbro.ro\/wp-json\/wp\/v2\/comments?post=3141"}],"wp:featuredmedia":[{"embeddable":true,"href":"https:\/\/dev.sbro.ro\/wp-json\/wp\/v2\/media\/8567"}],"wp:attachment":[{"href":"https:\/\/dev.sbro.ro\/wp-json\/wp\/v2\/media?parent=3141"}],"wp:term":[{"taxonomy":"product_brand","embeddable":true,"href":"https:\/\/dev.sbro.ro\/wp-json\/wp\/v2\/product_brand?post=3141"},{"taxonomy":"product_cat","embeddable":true,"href":"https:\/\/dev.sbro.ro\/wp-json\/wp\/v2\/product_cat?post=3141"},{"taxonomy":"product_tag","embeddable":true,"href":"https:\/\/dev.sbro.ro\/wp-json\/wp\/v2\/product_tag?post=3141"}],"curies":[{"name":"wp","href":"https:\/\/api.w.org\/{rel}","templated":true}]}}