{"id":3253,"date":"2026-04-21T09:07:39","date_gmt":"2026-04-21T09:07:39","guid":{"rendered":"https:\/\/dev.sbro.ro\/?product=chemarea-ta"},"modified":"2026-04-21T09:07:39","modified_gmt":"2026-04-21T09:07:39","slug":"chemarea-ta","status":"publish","type":"product","link":"https:\/\/dev.sbro.ro\/?product=chemarea-ta","title":{"rendered":"Chemarea ta"},"content":{"rendered":"<p>Cau\u0163i un scop \u00een via\u0163\u0103? Un scop at\u00e2t de mare \u00eenc\u00e2t s\u0103 \u00ee\u0163i absoarb\u0103 fiecare dram de aten\u0163ie, at\u00e2t de ad\u00e2nc \u00eenc\u00e2t s\u0103 ating\u0103 fiecare coard\u0103 a pasiunilor tale \u015fi at\u00e2t de trainic \u00eenc\u00e2t s\u0103 te inspire p\u00e2n\u0103 la ultima suflare? Cartea aceasta este despre motivul pentru care fiecare dintre noi ne afl\u0103m pe p\u0103m\u00e2nt. Ea exploreaz\u0103 cel mai ad\u00e2nc, cel mai \u00eenalt, cel mai m\u0103re\u0163 scop pe care un om poate s\u0103 \u00eel experimenteze \u015fi pe care istoria poate s\u0103 \u00eel cunoasc\u0103\u2014un motiv at\u00e2t de profund \u00eenc\u00e2t nimeni \u015fi nimic nu se compar\u0103 cu el. De-a lungul secolelor, principala c\u0103utare a omului a fost dup\u0103 scopul central al existen\u021bei sale. Pentru mul\u021bi \u00eens\u0103, aceast\u0103 c\u0103utare, de\u0219i asumat\u0103 ca fiind necesar\u0103, r\u0103m\u00e2ne anevoioas\u0103 \u0219i parc\u0103 f\u0103r\u0103 cap\u0103t. \u00cen aceast\u0103 carte \u2013 un adev\u0103rat clasic modern \u2013 Os Guinness te invit\u0103 s\u0103 reflec\u021bi asupra r\u0103spunsului fundamental la problema identit\u0103\u021bii, a sensului \u0219i a scopului existen\u021bei tale. Chemarea ta se adreseaz\u0103 dorin\u021bei fundamentale a oric\u0103rei inimi \u0219i r\u0103spunde reconfortant prin: Ai fost creat cu un scop!<\/p>\n","protected":false},"excerpt":{"rendered":"<p>Cau\u0163i un scop \u00een via\u0163\u0103? Un scop at\u00e2t de mare \u00eenc\u00e2t s\u0103 \u00ee\u0163i absoarb\u0103 fiecare dram de aten\u0163ie, at\u00e2t de ad\u00e2nc \u00eenc\u00e2t s\u0103 ating\u0103 fiecare coard\u0103 a pasiunilor tale \u015fi at\u00e2t de trainic \u00eenc\u00e2t s\u0103 te inspire p\u00e2n\u0103 la ultima suflare? Cartea aceasta este despre motivul pentru care fiecare dintre noi ne afl\u0103m pe p\u0103m\u00e2nt. [&hellip;]<\/p>\n","protected":false},"featured_media":8678,"comment_status":"open","ping_status":"closed","template":"","meta":[],"product_brand":[],"product_cat":[18],"product_tag":[],"class_list":{"0":"post-3253","1":"product","2":"type-product","3":"status-publish","4":"has-post-thumbnail","6":"product_cat-viata-crestina","8":"first","9":"outofstock","10":"shipping-taxable","11":"purchasable","12":"product-type-simple"},"_links":{"self":[{"href":"https:\/\/dev.sbro.ro\/index.php?rest_route=\/wp\/v2\/product\/3253","targetHints":{"allow":["GET"]}}],"collection":[{"href":"https:\/\/dev.sbro.ro\/index.php?rest_route=\/wp\/v2\/product"}],"about":[{"href":"https:\/\/dev.sbro.ro\/index.php?rest_route=\/wp\/v2\/types\/product"}],"replies":[{"embeddable":true,"href":"https:\/\/dev.sbro.ro\/index.php?rest_route=%2Fwp%2Fv2%2Fcomments&post=3253"}],"wp:featuredmedia":[{"embeddable":true,"href":"https:\/\/dev.sbro.ro\/index.php?rest_route=\/wp\/v2\/media\/8678"}],"wp:attachment":[{"href":"https:\/\/dev.sbro.ro\/index.php?rest_route=%2Fwp%2Fv2%2Fmedia&parent=3253"}],"wp:term":[{"taxonomy":"product_brand","embeddable":true,"href":"https:\/\/dev.sbro.ro\/index.php?rest_route=%2Fwp%2Fv2%2Fproduct_brand&post=3253"},{"taxonomy":"product_cat","embeddable":true,"href":"https:\/\/dev.sbro.ro\/index.php?rest_route=%2Fwp%2Fv2%2Fproduct_cat&post=3253"},{"taxonomy":"product_tag","embeddable":true,"href":"https:\/\/dev.sbro.ro\/index.php?rest_route=%2Fwp%2Fv2%2Fproduct_tag&post=3253"}],"curies":[{"name":"wp","href":"https:\/\/api.w.org\/{rel}","templated":true}]}}