{"id":3255,"date":"2026-04-21T09:07:39","date_gmt":"2026-04-21T09:07:39","guid":{"rendered":"https:\/\/dev.sbro.ro\/?product=marturisirea-pacatelor-invatatura-si-practica-bisericilor-penticostale-romanesti"},"modified":"2026-04-21T09:07:39","modified_gmt":"2026-04-21T09:07:39","slug":"marturisirea-pacatelor-invatatura-si-practica-bisericilor-penticostale-romanesti","status":"publish","type":"product","link":"https:\/\/dev.sbro.ro\/product\/marturisirea-pacatelor-invatatura-si-practica-bisericilor-penticostale-romanesti\/","title":{"rendered":"M\u0103rturisirea p\u0103catelor &#8211; \u00cenv\u0103\u021b\u0103tura \u0219i practica bisericilor penticostale rom\u00e2ne\u0219ti"},"content":{"rendered":"<p>Capitolul 1 \u2013 \u00cenv\u0103\u0163\u0103tura Sfintelor Scripturi despre m\u0103rturisirea p\u0103catelor 1.1. P\u0103catul \u00een \u00eenv\u0103\u0163\u0103tura Sfintelor Scripturi 1.1.1 \u00cenv\u0103\u0163\u0103tura Vechiului Testament despre m\u0103rturisirea p\u0103catelor 1.1.2. \u00cenv\u0103\u0163\u0103tura Noului Testament despre m\u0103rturisirea p\u0103catelor 1.2. Ce este p\u0103catul? 1.3. Efectul p\u0103catului \u00een via\u0163a omului 1.3.1. Consecin\u0163ele imediate ale p\u0103catului 1.3.2. Consecin\u0163ele p\u0103catului pe parcursul vie\u0163ii omului 1.3.3 Consecin\u0163ele ve\u015fnice ale p\u0103catului Capitolul 2 \u2013 M\u0103rturisirea p\u0103catelor \u00een \u00eenv\u0103\u0163\u0103tura Bisericii Penticostale 2.1. O perspectiv\u0103 sumar\u0103 a \u00eenv\u0103\u0163\u0103turii despre m\u0103rturisirea p\u0103catelor prin prisma principalelor tradi\u0163ii cre\u015ftine 2.1.1. M\u0103rturisirea p\u0103catelor \u00een teologia ortodox\u0103 2.1.2 M\u0103rturisirea p\u0103catelor \u00een teologia catolic\u0103 2.1.3. M\u0103rturisirea p\u0103catelor \u00een cadrul protestant 2.1.4. O privire istoric\u0103 asupra m\u0103rturisirii p\u0103catelor la alte popoare 2.2. \u00cenv\u0103\u0163\u0103tura bisericilor penticostale despre m\u0103rturisirea p\u0103catelor Capitolul 3 \u2013 M\u0103rturisirea p\u0103catelor \u00een practica Bisericii Penticostale 3.1. Exemple de practici penticostale cu privire la m\u0103rturisirea p\u0103catelor 3.2. Aspecte etice cu privire la m\u0103rturisirea p\u0103catelor<\/p>\n","protected":false},"excerpt":{"rendered":"<p>Capitolul 1 \u2013 \u00cenv\u0103\u0163\u0103tura Sfintelor Scripturi despre m\u0103rturisirea p\u0103catelor 1.1. P\u0103catul \u00een \u00eenv\u0103\u0163\u0103tura Sfintelor Scripturi 1.1.1 \u00cenv\u0103\u0163\u0103tura Vechiului Testament despre m\u0103rturisirea p\u0103catelor 1.1.2. \u00cenv\u0103\u0163\u0103tura Noului Testament despre m\u0103rturisirea p\u0103catelor 1.2. Ce este p\u0103catul? 1.3. Efectul p\u0103catului \u00een via\u0163a omului 1.3.1. Consecin\u0163ele imediate ale p\u0103catului 1.3.2. Consecin\u0163ele p\u0103catului pe parcursul vie\u0163ii omului 1.3.3 Consecin\u0163ele ve\u015fnice ale [&hellip;]<\/p>\n","protected":false},"featured_media":8680,"comment_status":"open","ping_status":"closed","template":"","meta":[],"product_brand":[],"product_cat":[10,54],"product_tag":[],"class_list":{"0":"post-3255","1":"product","2":"type-product","3":"status-publish","4":"has-post-thumbnail","6":"product_cat-editura-metanoia","7":"product_cat-pastorale","9":"first","10":"instock","11":"shipping-taxable","12":"purchasable","13":"product-type-simple"},"_links":{"self":[{"href":"https:\/\/dev.sbro.ro\/wp-json\/wp\/v2\/product\/3255","targetHints":{"allow":["GET"]}}],"collection":[{"href":"https:\/\/dev.sbro.ro\/wp-json\/wp\/v2\/product"}],"about":[{"href":"https:\/\/dev.sbro.ro\/wp-json\/wp\/v2\/types\/product"}],"replies":[{"embeddable":true,"href":"https:\/\/dev.sbro.ro\/wp-json\/wp\/v2\/comments?post=3255"}],"wp:featuredmedia":[{"embeddable":true,"href":"https:\/\/dev.sbro.ro\/wp-json\/wp\/v2\/media\/8680"}],"wp:attachment":[{"href":"https:\/\/dev.sbro.ro\/wp-json\/wp\/v2\/media?parent=3255"}],"wp:term":[{"taxonomy":"product_brand","embeddable":true,"href":"https:\/\/dev.sbro.ro\/wp-json\/wp\/v2\/product_brand?post=3255"},{"taxonomy":"product_cat","embeddable":true,"href":"https:\/\/dev.sbro.ro\/wp-json\/wp\/v2\/product_cat?post=3255"},{"taxonomy":"product_tag","embeddable":true,"href":"https:\/\/dev.sbro.ro\/wp-json\/wp\/v2\/product_tag?post=3255"}],"curies":[{"name":"wp","href":"https:\/\/api.w.org\/{rel}","templated":true}]}}