{"id":3375,"date":"2026-04-21T09:07:52","date_gmt":"2026-04-21T09:07:52","guid":{"rendered":"https:\/\/dev.sbro.ro\/?product=cd-daniel-olcean-mai-aproape-doamne"},"modified":"2026-04-21T09:07:52","modified_gmt":"2026-04-21T09:07:52","slug":"cd-daniel-olcean-mai-aproape-doamne","status":"publish","type":"product","link":"https:\/\/dev.sbro.ro\/product\/cd-daniel-olcean-mai-aproape-doamne\/","title":{"rendered":"CD Daniel Olcean &#8211; Mai aproape, Doamne"},"content":{"rendered":"<p>1. Mai aproape, Doamne<\/p>\n<p>2. Iubirea Lui &#8211; ce minunat<\/p>\n<p>3. Din zgomotul lumii<\/p>\n<p>4. Mereu &#8216;nainte<\/p>\n<p>5. Via\u0163a-i plin\u0103<\/p>\n<p>6. Isuse-al meu prieten<\/p>\n<p>7. \u00cen lumea aceasta<\/p>\n<p>8. O cre\u015fte-mi iubirea<\/p>\n<p>9. Cum pot r\u0103spl\u0103ti<\/p>\n<p>10. Tu e\u015fti izvorul<\/p>\n<p>11. O m\u00e2ntuitorule &#8211; Salvat<\/p>\n","protected":false},"excerpt":{"rendered":"<p>1. Mai aproape, Doamne 2. Iubirea Lui &#8211; ce minunat 3. Din zgomotul lumii 4. Mereu &#8216;nainte 5. Via\u0163a-i plin\u0103 6. Isuse-al meu prieten 7. \u00cen lumea aceasta 8. O cre\u015fte-mi iubirea 9. Cum pot r\u0103spl\u0103ti 10. Tu e\u015fti izvorul 11. O m\u00e2ntuitorule &#8211; Salvat<\/p>\n","protected":false},"featured_media":8800,"comment_status":"open","ping_status":"closed","template":"","meta":[],"product_brand":[],"product_cat":[82],"product_tag":[],"class_list":{"0":"post-3375","1":"product","2":"type-product","3":"status-publish","4":"has-post-thumbnail","6":"product_cat-cd","8":"first","9":"instock","10":"shipping-taxable","11":"purchasable","12":"product-type-simple"},"_links":{"self":[{"href":"https:\/\/dev.sbro.ro\/wp-json\/wp\/v2\/product\/3375","targetHints":{"allow":["GET"]}}],"collection":[{"href":"https:\/\/dev.sbro.ro\/wp-json\/wp\/v2\/product"}],"about":[{"href":"https:\/\/dev.sbro.ro\/wp-json\/wp\/v2\/types\/product"}],"replies":[{"embeddable":true,"href":"https:\/\/dev.sbro.ro\/wp-json\/wp\/v2\/comments?post=3375"}],"wp:featuredmedia":[{"embeddable":true,"href":"https:\/\/dev.sbro.ro\/wp-json\/wp\/v2\/media\/8800"}],"wp:attachment":[{"href":"https:\/\/dev.sbro.ro\/wp-json\/wp\/v2\/media?parent=3375"}],"wp:term":[{"taxonomy":"product_brand","embeddable":true,"href":"https:\/\/dev.sbro.ro\/wp-json\/wp\/v2\/product_brand?post=3375"},{"taxonomy":"product_cat","embeddable":true,"href":"https:\/\/dev.sbro.ro\/wp-json\/wp\/v2\/product_cat?post=3375"},{"taxonomy":"product_tag","embeddable":true,"href":"https:\/\/dev.sbro.ro\/wp-json\/wp\/v2\/product_tag?post=3375"}],"curies":[{"name":"wp","href":"https:\/\/api.w.org\/{rel}","templated":true}]}}