{"id":3388,"date":"2026-04-21T09:07:53","date_gmt":"2026-04-21T09:07:53","guid":{"rendered":"https:\/\/dev.sbro.ro\/?product=adevarul-despre-domnia-lui-cristos"},"modified":"2026-04-21T09:07:53","modified_gmt":"2026-04-21T09:07:53","slug":"adevarul-despre-domnia-lui-cristos","status":"publish","type":"product","link":"https:\/\/dev.sbro.ro\/?product=adevarul-despre-domnia-lui-cristos","title":{"rendered":"Adevarul despre domnia lui Cristos"},"content":{"rendered":"<p>S\u0103 devii cre\u015ftin \u00eenseamn\u0103 s\u0103 fii sc\u00e2rbit de p\u0103catul t\u0103u, s\u0103 \u00ee\u0163i dore\u015fti iertare \u015fi salvare de r\u0103ul prezent \u015fi de iadul viitor \u015fi s\u0103 declari supunerea ta fa\u0163\u0103 de domnia lui Cristos p\u00e2n\u0103 la punctul \u00een care e\u015fti dispus s\u0103 la\u015fi totul. Am mai spus-o \u015fi o spun din nou: nu \u00eenseamn\u0103 doar s\u0103 ridici m\u00e2na sau s\u0103 mergi \u00een fa\u0163\u0103 \u015fi s\u0103 spui \u201e\u00cel iubesc pe Isus.\u201d \u2013 John MacArthur<\/p>\n","protected":false},"excerpt":{"rendered":"<p>S\u0103 devii cre\u015ftin \u00eenseamn\u0103 s\u0103 fii sc\u00e2rbit de p\u0103catul t\u0103u, s\u0103 \u00ee\u0163i dore\u015fti iertare \u015fi salvare de r\u0103ul prezent \u015fi de iadul viitor \u015fi s\u0103 declari supunerea ta fa\u0163\u0103 de domnia lui Cristos p\u00e2n\u0103 la punctul \u00een care e\u015fti dispus s\u0103 la\u015fi totul. Am mai spus-o \u015fi o spun din nou: nu \u00eenseamn\u0103 doar s\u0103 [&hellip;]<\/p>\n","protected":false},"featured_media":8813,"comment_status":"open","ping_status":"closed","template":"","meta":[],"product_brand":[],"product_cat":[18,19],"product_tag":[],"class_list":{"0":"post-3388","1":"product","2":"type-product","3":"status-publish","4":"has-post-thumbnail","6":"product_cat-viata-crestina","7":"product_cat-viata-crestina-editura-metanoia","9":"first","10":"instock","11":"shipping-taxable","12":"purchasable","13":"product-type-simple"},"_links":{"self":[{"href":"https:\/\/dev.sbro.ro\/index.php?rest_route=\/wp\/v2\/product\/3388","targetHints":{"allow":["GET"]}}],"collection":[{"href":"https:\/\/dev.sbro.ro\/index.php?rest_route=\/wp\/v2\/product"}],"about":[{"href":"https:\/\/dev.sbro.ro\/index.php?rest_route=\/wp\/v2\/types\/product"}],"replies":[{"embeddable":true,"href":"https:\/\/dev.sbro.ro\/index.php?rest_route=%2Fwp%2Fv2%2Fcomments&post=3388"}],"wp:featuredmedia":[{"embeddable":true,"href":"https:\/\/dev.sbro.ro\/index.php?rest_route=\/wp\/v2\/media\/8813"}],"wp:attachment":[{"href":"https:\/\/dev.sbro.ro\/index.php?rest_route=%2Fwp%2Fv2%2Fmedia&parent=3388"}],"wp:term":[{"taxonomy":"product_brand","embeddable":true,"href":"https:\/\/dev.sbro.ro\/index.php?rest_route=%2Fwp%2Fv2%2Fproduct_brand&post=3388"},{"taxonomy":"product_cat","embeddable":true,"href":"https:\/\/dev.sbro.ro\/index.php?rest_route=%2Fwp%2Fv2%2Fproduct_cat&post=3388"},{"taxonomy":"product_tag","embeddable":true,"href":"https:\/\/dev.sbro.ro\/index.php?rest_route=%2Fwp%2Fv2%2Fproduct_tag&post=3388"}],"curies":[{"name":"wp","href":"https:\/\/api.w.org\/{rel}","templated":true}]}}