{"id":3389,"date":"2026-04-21T09:07:53","date_gmt":"2026-04-21T09:07:53","guid":{"rendered":"https:\/\/dev.sbro.ro\/?product=intelepciunea-poporului-sfant"},"modified":"2026-04-21T09:07:53","modified_gmt":"2026-04-21T09:07:53","slug":"intelepciunea-poporului-sfant","status":"publish","type":"product","link":"https:\/\/dev.sbro.ro\/?product=intelepciunea-poporului-sfant","title":{"rendered":"\u00cen\u0163elepciunea poporului sf\u00e2nt"},"content":{"rendered":"<p>Studiu pe cartea Proverbe<\/p>\n<p>Lucrul care m-a mirat c\u00e2nd am citit cartea Proverbe a fost s\u0103 aflu c\u0103 \u0219i cei care refuz\u0103 \u00een\u021belepciunea lui Dumnezeu au o adunare. Se adun\u0103 \u0219i ei \u00eentr-un loc. \u0218ti\u021bi unde? Iat\u0103 ce ni se spune: Omul care se abate de la calea \u00een\u021belepciunii se va odihni \u00een adunarea celor mor\u021bi (Proverbe 21:16). Da, cel care refuz\u0103 \u00een\u021belepciunea are nevoie de odihn\u0103, adic\u0103 s\u0103 nu-i deranjeze nimeni mintea adormit\u0103, \u0219i atunci caut\u0103 locuri unde sunt doar \u201emor\u021bi\u201d, doar cei care au murit de mult fa\u021b\u0103 de \u00een\u021belepciunea lui Dumnezeu. Din p\u0103cate exist\u0103 multe astfel de adun\u0103ri \u00een care e lini\u0219te ca la bibliotec\u0103, \u00eens\u0103 nu \u0219i \u00een\u021belepciunea de acolo. Autorul<\/p>\n","protected":false},"excerpt":{"rendered":"<p>Studiu pe cartea Proverbe Lucrul care m-a mirat c\u00e2nd am citit cartea Proverbe a fost s\u0103 aflu c\u0103 \u0219i cei care refuz\u0103 \u00een\u021belepciunea lui Dumnezeu au o adunare. Se adun\u0103 \u0219i ei \u00eentr-un loc. \u0218ti\u021bi unde? Iat\u0103 ce ni se spune: Omul care se abate de la calea \u00een\u021belepciunii se va odihni \u00een adunarea celor [&hellip;]<\/p>\n","protected":false},"featured_media":8814,"comment_status":"open","ping_status":"closed","template":"","meta":[],"product_brand":[],"product_cat":[18,19],"product_tag":[],"class_list":{"0":"post-3389","1":"product","2":"type-product","3":"status-publish","4":"has-post-thumbnail","6":"product_cat-viata-crestina","7":"product_cat-viata-crestina-editura-metanoia","9":"first","10":"instock","11":"shipping-taxable","12":"purchasable","13":"product-type-simple"},"_links":{"self":[{"href":"https:\/\/dev.sbro.ro\/index.php?rest_route=\/wp\/v2\/product\/3389","targetHints":{"allow":["GET"]}}],"collection":[{"href":"https:\/\/dev.sbro.ro\/index.php?rest_route=\/wp\/v2\/product"}],"about":[{"href":"https:\/\/dev.sbro.ro\/index.php?rest_route=\/wp\/v2\/types\/product"}],"replies":[{"embeddable":true,"href":"https:\/\/dev.sbro.ro\/index.php?rest_route=%2Fwp%2Fv2%2Fcomments&post=3389"}],"wp:featuredmedia":[{"embeddable":true,"href":"https:\/\/dev.sbro.ro\/index.php?rest_route=\/wp\/v2\/media\/8814"}],"wp:attachment":[{"href":"https:\/\/dev.sbro.ro\/index.php?rest_route=%2Fwp%2Fv2%2Fmedia&parent=3389"}],"wp:term":[{"taxonomy":"product_brand","embeddable":true,"href":"https:\/\/dev.sbro.ro\/index.php?rest_route=%2Fwp%2Fv2%2Fproduct_brand&post=3389"},{"taxonomy":"product_cat","embeddable":true,"href":"https:\/\/dev.sbro.ro\/index.php?rest_route=%2Fwp%2Fv2%2Fproduct_cat&post=3389"},{"taxonomy":"product_tag","embeddable":true,"href":"https:\/\/dev.sbro.ro\/index.php?rest_route=%2Fwp%2Fv2%2Fproduct_tag&post=3389"}],"curies":[{"name":"wp","href":"https:\/\/api.w.org\/{rel}","templated":true}]}}