{"id":3390,"date":"2026-04-21T09:07:53","date_gmt":"2026-04-21T09:07:53","guid":{"rendered":"https:\/\/dev.sbro.ro\/?product=arata-mi-doamne-cine-sunt"},"modified":"2026-04-21T09:07:53","modified_gmt":"2026-04-21T09:07:53","slug":"arata-mi-doamne-cine-sunt","status":"publish","type":"product","link":"https:\/\/dev.sbro.ro\/?product=arata-mi-doamne-cine-sunt","title":{"rendered":"Arat\u0103-mi, Doamne, cine sunt"},"content":{"rendered":"<p>Aceast\u0103 carte, alc\u0103tuit\u0103 dintr-o colec\u0163ie de articole publicate \u00een mediul virtual, de-a lungul anilor, identific\u0103 multe dintre fr\u0103m\u00e2nt\u0103rile cre\u015ftinului contemporan. De la probleme legate de moralitate p\u00e2n\u0103 la subtile realit\u0103\u0163i spirituale, ea deschide \u00een fa\u0163a noastr\u0103 un orizont larg \u015fi senin. Fiecare dintre eseuri \u00eencearc\u0103 s\u0103 ne pun\u0103 pe g\u00e2nduri, s\u0103 produc\u0103 \u00een noi un fel de autoevaluare necesar\u0103. Temele \u2013 de o diversitate impresionant\u0103 \u2013 au o str\u00e2ns\u0103 leg\u0103tur\u0103 cu via\u0163a de zi cu zi. Autorul se pune el \u00eensu\u015fi \u00een situa\u0163iile respective, \u00eenso\u0163indu-ne cu elegan\u0163\u0103 \u00een aceast\u0103 c\u0103l\u0103torie. Ni se ofer\u0103 drept ghid, f\u0103r\u0103 nicio doz\u0103 de arogan\u0163\u0103 fariseic\u0103, ci \u00eentr-o exemplar\u0103 smerenie a pov\u0103\u0163uirii. Nu are preten\u0163ia ineditului \u00een abordare \u015fi nici nu emite judec\u0103\u0163i ultime, iar faptul acesta ofer\u0103 cititorului o libertate maxim\u0103. Fiecare poate s\u0103 fie sau nu de acord cu supozi\u0163iile, ba chiar s\u0103 ia acest material drept un punct de pornire spre alte orizonturi, dar nimeni nu se simte lezat \u00een forul s\u0103u interior.<\/p>\n<p>Eseurile ce le ave\u0163i \u00een fa\u0163\u0103 graviteaz\u0103 \u00een jurul unor versete sau personaje ale Scripturii, ceea ce d\u0103 greutate fiec\u0103rei pagini. Recomand\u0103rile \u015fi concluziile se formuleaz\u0103 \u00een baza revela\u0163iei scrise a lui Dumnezeu \u015fi nu plutesc \u00een aerul lehuz al p\u0103rerilor omene\u015fti. De\u015fi scrise \u00eentr-o manier\u0103 original\u0103, cu o directe\u0163e a stilului ce trebuie remarcat\u0103, acestea sunt a\u015fezate sub autoritatea normativ\u0103 a Bibliei. \u2013 din <b><i>Cuv\u00e2nt-\u00eenainte<\/i><\/b> de Ghi\u021b\u0103 Mocan<\/p>\n<\/p>\n<p>CUPRINS:<\/p>\n<\/p>\n<ol>\n<li>Cuv\u00e2nt-\u00eenainte<\/li>\n<li>Arat\u0103-mi, Doamne, cine sunt &#8230;<\/li>\n<li>Lec\u0163ia robiei<\/li>\n<li>Mortul, credin\u0163a \u015fi fariseii<\/li>\n<li>Demonul numit minciun\u0103. Despre lep\u0103darea lui Petru<\/li>\n<li>Este Hristos singura Cale c\u0103tre Dumnezeu?<\/li>\n<li>Cum predica Hristos<\/li>\n<li>Hristos (chiar) este prezent \u00een elementele Cinei<\/li>\n<li>De ce a f\u0103cut Isus semne \u015fi minuni?<\/li>\n<li>Despre adev\u0103rata \u00eenchinare<\/li>\n<li>S\u0103 g\u00e2ndim critic<\/li>\n<li>Snobism sf\u00e2nt. La noi &#8230;<\/li>\n<li>Sinagoga lor \u015fi sinagoga noastr\u0103<\/li>\n<li>Sistemul, fratele nostru siamez<\/li>\n<li>Despre prilejurile de poticnire<\/li>\n<li>Chemarea la altar<\/li>\n<li>Despre adev\u0103rul absolut &#8230; f\u0103r\u0103 manipulare sau control<\/li>\n<li>Capcana dependen\u0163elor religioase<\/li>\n<li>Outsideri prea b\u0103ga\u0163i \u00een seam\u0103<\/li>\n<li>Experien\u0163a \u00een\u015fel\u0103toare a miraculosului<\/li>\n<li>C\u00e2nd viciile se ascund sub haina neprih\u0103nirii<\/li>\n<li>Omul religios, ciud\u0103\u0163enia mileniului<\/li>\n<li>Sindromul Rasputin. Sau cum po\u0163i tr\u0103i \u00een p\u0103cat<\/li>\n<li>\u015fi s\u0103 predici despre neprih\u0103nire<\/li>\n<li>Zdrobe\u015fte (co)chilia izol\u0103rii tale<\/li>\n<li>Cre\u015ftinismul individualist este toxic!<\/li>\n<li>A\u015f vrea s\u0103 fiu mai simplu!<\/li>\n<li>Cine-i \u015fefu\u2019 \u00een iad?<\/li>\n<li>Culpa comun\u0103<\/li>\n<li>\u201ePernofilii\u201d<\/li>\n<li>Despre soart\u0103 \u015fi resemnare la rom\u00e2ni<\/li>\n<li>\u00cenchinare f\u0103r\u0103 rug\u0103ciune?<\/li>\n<li>Rug\u0103ciunea insistent\u0103 &#8211; \u00eentre credin\u0163\u0103 \u015fi necredin\u0163\u0103<\/li>\n<li>Pot ierta a\u015fa cum iart\u0103 Dumnezeu?<\/li>\n<li>Lingu\u015feala, floarea iadului<\/li>\n<li>Harul lui Dumnezeu, disciplinele spirituale \u015fi firea p\u0103m\u00e2nteasc\u0103<\/li>\n<li>Libertatea absolut\u0103 este un ifos absolut<\/li>\n<li>M\u00e2nia\u0163i-v\u0103! Sau mai bine nu!<\/li>\n<li>Spune DA mersului la biseric\u0103<\/li>\n<li>Ce \u00eenseamn\u0103 a aduce road\u0103 pentru Dumnezeu<\/li>\n<li>Mare \u015fi bun &#8230; Made in America<\/li>\n<li>Revela\u0163ie \u015fi imagina\u0163ie<\/li>\n<li>\u00centre iertare \u015fi demascare<\/li>\n<li>6 sfaturi pentru pastorii (mai) tineri<\/li>\n<\/ol>\n","protected":false},"excerpt":{"rendered":"<p>Aceast\u0103 carte, alc\u0103tuit\u0103 dintr-o colec\u0163ie de articole publicate \u00een mediul virtual, de-a lungul anilor, identific\u0103 multe dintre fr\u0103m\u00e2nt\u0103rile cre\u015ftinului contemporan. De la probleme legate de moralitate p\u00e2n\u0103 la subtile realit\u0103\u0163i spirituale, ea deschide \u00een fa\u0163a noastr\u0103 un orizont larg \u015fi senin. Fiecare dintre eseuri \u00eencearc\u0103 s\u0103 ne pun\u0103 pe g\u00e2nduri, s\u0103 produc\u0103 \u00een noi un [&hellip;]<\/p>\n","protected":false},"featured_media":8815,"comment_status":"open","ping_status":"closed","template":"","meta":[],"product_brand":[],"product_cat":[18,19],"product_tag":[],"class_list":{"0":"post-3390","1":"product","2":"type-product","3":"status-publish","4":"has-post-thumbnail","6":"product_cat-viata-crestina","7":"product_cat-viata-crestina-editura-metanoia","9":"first","10":"instock","11":"shipping-taxable","12":"purchasable","13":"product-type-simple"},"_links":{"self":[{"href":"https:\/\/dev.sbro.ro\/index.php?rest_route=\/wp\/v2\/product\/3390","targetHints":{"allow":["GET"]}}],"collection":[{"href":"https:\/\/dev.sbro.ro\/index.php?rest_route=\/wp\/v2\/product"}],"about":[{"href":"https:\/\/dev.sbro.ro\/index.php?rest_route=\/wp\/v2\/types\/product"}],"replies":[{"embeddable":true,"href":"https:\/\/dev.sbro.ro\/index.php?rest_route=%2Fwp%2Fv2%2Fcomments&post=3390"}],"wp:featuredmedia":[{"embeddable":true,"href":"https:\/\/dev.sbro.ro\/index.php?rest_route=\/wp\/v2\/media\/8815"}],"wp:attachment":[{"href":"https:\/\/dev.sbro.ro\/index.php?rest_route=%2Fwp%2Fv2%2Fmedia&parent=3390"}],"wp:term":[{"taxonomy":"product_brand","embeddable":true,"href":"https:\/\/dev.sbro.ro\/index.php?rest_route=%2Fwp%2Fv2%2Fproduct_brand&post=3390"},{"taxonomy":"product_cat","embeddable":true,"href":"https:\/\/dev.sbro.ro\/index.php?rest_route=%2Fwp%2Fv2%2Fproduct_cat&post=3390"},{"taxonomy":"product_tag","embeddable":true,"href":"https:\/\/dev.sbro.ro\/index.php?rest_route=%2Fwp%2Fv2%2Fproduct_tag&post=3390"}],"curies":[{"name":"wp","href":"https:\/\/api.w.org\/{rel}","templated":true}]}}