{"id":3429,"date":"2026-04-21T09:07:59","date_gmt":"2026-04-21T09:07:59","guid":{"rendered":"https:\/\/dev.sbro.ro\/?product=asadar-care-i-diferenta"},"modified":"2026-04-21T09:07:59","modified_gmt":"2026-04-21T09:07:59","slug":"asadar-care-i-diferenta","status":"publish","type":"product","link":"https:\/\/dev.sbro.ro\/product\/asadar-care-i-diferenta\/","title":{"rendered":"A\u015fadar, care-i diferen\u0163a?"},"content":{"rendered":"<p>Cartea ofer\u0103 r\u0103spunsuri clare la \u00eentrebarea \u201e\u00cen ce fel difer\u0103 cre\u0219tinismul biblic adev\u0103rat de celelalte credin\u021be?\u201d Fritz Ridenour explic\u0103 aici \u00eenv\u0103\u021b\u0103turile de baz\u0103 ale protestantismului, romano-catolicismului, ortodoxiei r\u0103s\u0103ritene, iudaismului, islamului, hinduismului, budismului, martorilor lui Iehova, \u0218tiin\u021bei Cre\u0219tine, New Age, mormonismului, c\u00e2t \u0219i ale altor religii \u0219i sisteme de credin\u021b\u0103 existente \u00een lume. Vei afla totodat\u0103 de ce g\u00e2ndirea relativ\u0103 \u2013 ideea c\u0103 nu exist\u0103 adev\u0103r absolut, obiectiv \u2013 a devenit concep\u021bia predominant\u0103 \u00een cultura noastr\u0103 \u0219i cum \u00eei po\u021bi r\u0103spunde. Acest ghid de succes te va ajuta s\u0103 identifici diferen\u021bele reale dintre credin\u021ba cre\u0219tin\u0103 \u0219i alte puncte de vedere, c\u00e2t \u0219i s\u0103-\u021bi explici \u0219i s\u0103-\u021bi \u00eemp\u0103rt\u0103\u0219e\u0219ti credin\u021ba oamenilor din jur.<\/p>\n","protected":false},"excerpt":{"rendered":"<p>Cartea ofer\u0103 r\u0103spunsuri clare la \u00eentrebarea \u201e\u00cen ce fel difer\u0103 cre\u0219tinismul biblic adev\u0103rat de celelalte credin\u021be?\u201d Fritz Ridenour explic\u0103 aici \u00eenv\u0103\u021b\u0103turile de baz\u0103 ale protestantismului, romano-catolicismului, ortodoxiei r\u0103s\u0103ritene, iudaismului, islamului, hinduismului, budismului, martorilor lui Iehova, \u0218tiin\u021bei Cre\u0219tine, New Age, mormonismului, c\u00e2t \u0219i ale altor religii \u0219i sisteme de credin\u021b\u0103 existente \u00een lume. Vei afla totodat\u0103 [&hellip;]<\/p>\n","protected":false},"featured_media":8853,"comment_status":"open","ping_status":"closed","template":"","meta":[],"product_brand":[],"product_cat":[12,63],"product_tag":[],"class_list":{"0":"post-3429","1":"product","2":"type-product","3":"status-publish","4":"has-post-thumbnail","6":"product_cat-comentarii-studii","7":"product_cat-istoria-religiei","9":"first","10":"instock","11":"shipping-taxable","12":"purchasable","13":"product-type-simple"},"_links":{"self":[{"href":"https:\/\/dev.sbro.ro\/wp-json\/wp\/v2\/product\/3429","targetHints":{"allow":["GET"]}}],"collection":[{"href":"https:\/\/dev.sbro.ro\/wp-json\/wp\/v2\/product"}],"about":[{"href":"https:\/\/dev.sbro.ro\/wp-json\/wp\/v2\/types\/product"}],"replies":[{"embeddable":true,"href":"https:\/\/dev.sbro.ro\/wp-json\/wp\/v2\/comments?post=3429"}],"wp:featuredmedia":[{"embeddable":true,"href":"https:\/\/dev.sbro.ro\/wp-json\/wp\/v2\/media\/8853"}],"wp:attachment":[{"href":"https:\/\/dev.sbro.ro\/wp-json\/wp\/v2\/media?parent=3429"}],"wp:term":[{"taxonomy":"product_brand","embeddable":true,"href":"https:\/\/dev.sbro.ro\/wp-json\/wp\/v2\/product_brand?post=3429"},{"taxonomy":"product_cat","embeddable":true,"href":"https:\/\/dev.sbro.ro\/wp-json\/wp\/v2\/product_cat?post=3429"},{"taxonomy":"product_tag","embeddable":true,"href":"https:\/\/dev.sbro.ro\/wp-json\/wp\/v2\/product_tag?post=3429"}],"curies":[{"name":"wp","href":"https:\/\/api.w.org\/{rel}","templated":true}]}}