{"id":3447,"date":"2026-04-21T09:08:00","date_gmt":"2026-04-21T09:08:00","guid":{"rendered":"https:\/\/dev.sbro.ro\/?product=joc-sparge-gheata"},"modified":"2026-04-21T09:08:00","modified_gmt":"2026-04-21T09:08:00","slug":"joc-sparge-gheata","status":"publish","type":"product","link":"https:\/\/dev.sbro.ro\/?product=joc-sparge-gheata","title":{"rendered":"Joc &#8211; Sparge gheata"},"content":{"rendered":"<p>Cutia con\u0163ine 224 de cartona\u015fe cu propozi\u0163ii neterminate.<br \/>\nCartona\u015fele acestea se pun pe o mas\u0103, cu fa\u0163a \u00een jos \u015fi fiecare membru al grupului va trage pe r\u00e2nd c\u00e2te un cartona\u015f din gr\u0103mad\u0103, va citi cu voce tare propozi\u0163ia scris\u0103 pe el \u015fi apoi o va completa f\u0103r\u0103 s\u0103 stea prea mult pe g\u00e2nduri. Unde poate fi folosit?<\/p>\n<p>   &#8211; \u00een tabere sau excursii<br \/>\n   &#8211; \u00een grupuri de tineri sau adolescen\u0163i<br \/>\n   &#8211; \u00een grupe de studiu biblic<br \/>\n   &#8211; la clasele de \u015fcoal\u0103 biblic\u0103<br \/>\n   &#8211; \u00een vacan\u0163e sau concedii <\/p>\n","protected":false},"excerpt":{"rendered":"<p>Cutia con\u0163ine 224 de cartona\u015fe cu propozi\u0163ii neterminate. Cartona\u015fele acestea se pun pe o mas\u0103, cu fa\u0163a \u00een jos \u015fi fiecare membru al grupului va trage pe r\u00e2nd c\u00e2te un cartona\u015f din gr\u0103mad\u0103, va citi cu voce tare propozi\u0163ia scris\u0103 pe el \u015fi apoi o va completa f\u0103r\u0103 s\u0103 stea prea mult pe g\u00e2nduri. Unde [&hellip;]<\/p>\n","protected":false},"featured_media":8871,"comment_status":"open","ping_status":"closed","template":"","meta":[],"product_brand":[],"product_cat":[98],"product_tag":[],"class_list":{"0":"post-3447","1":"product","2":"type-product","3":"status-publish","4":"has-post-thumbnail","6":"product_cat-jocuri","8":"first","9":"outofstock","10":"shipping-taxable","11":"purchasable","12":"product-type-simple"},"_links":{"self":[{"href":"https:\/\/dev.sbro.ro\/index.php?rest_route=\/wp\/v2\/product\/3447","targetHints":{"allow":["GET"]}}],"collection":[{"href":"https:\/\/dev.sbro.ro\/index.php?rest_route=\/wp\/v2\/product"}],"about":[{"href":"https:\/\/dev.sbro.ro\/index.php?rest_route=\/wp\/v2\/types\/product"}],"replies":[{"embeddable":true,"href":"https:\/\/dev.sbro.ro\/index.php?rest_route=%2Fwp%2Fv2%2Fcomments&post=3447"}],"wp:featuredmedia":[{"embeddable":true,"href":"https:\/\/dev.sbro.ro\/index.php?rest_route=\/wp\/v2\/media\/8871"}],"wp:attachment":[{"href":"https:\/\/dev.sbro.ro\/index.php?rest_route=%2Fwp%2Fv2%2Fmedia&parent=3447"}],"wp:term":[{"taxonomy":"product_brand","embeddable":true,"href":"https:\/\/dev.sbro.ro\/index.php?rest_route=%2Fwp%2Fv2%2Fproduct_brand&post=3447"},{"taxonomy":"product_cat","embeddable":true,"href":"https:\/\/dev.sbro.ro\/index.php?rest_route=%2Fwp%2Fv2%2Fproduct_cat&post=3447"},{"taxonomy":"product_tag","embeddable":true,"href":"https:\/\/dev.sbro.ro\/index.php?rest_route=%2Fwp%2Fv2%2Fproduct_tag&post=3447"}],"curies":[{"name":"wp","href":"https:\/\/api.w.org\/{rel}","templated":true}]}}