{"id":3449,"date":"2026-04-21T09:08:00","date_gmt":"2026-04-21T09:08:00","guid":{"rendered":"https:\/\/dev.sbro.ro\/?product=joc-pelerinii-vechiului-testament"},"modified":"2026-04-21T09:08:00","modified_gmt":"2026-04-21T09:08:00","slug":"joc-pelerinii-vechiului-testament","status":"publish","type":"product","link":"https:\/\/dev.sbro.ro\/product\/joc-pelerinii-vechiului-testament\/","title":{"rendered":"Joc &#8211; Pelerinii Vechiului Testament"},"content":{"rendered":"<p>Joc interactiv pentru \u00eentreaga familie. Porne\u015fte \u00eentr-o aventur\u0103 captivant\u0103 al\u0103turi de personajele Vechilui Testament. \u201ePelerinii Vechiului Testament\u201d poate fi jucat de 2-6 juc\u0103tori. Nu este recomandat copiilor sub 3 ani inclusiv.<\/p>\n<p>Cum se joac\u0103: Se preg\u0103te\u015fte tabla de joc \u015fi se a\u015feaz\u0103 pionii \u00een dreptul num\u0103rului 1, de la care se va \u015fi porni. Se porne\u015fte de la num\u0103rul 1 doar daca nimere\u015fti 1 sau 6. C\u00e2nd pionul ajunge pe un cercule\u0163 de culoare ro\u015fie, se va apela la cartona\u015ful mare pentru citirea instruc\u0163iunilor. \u00cen momentul \u00een care se va c\u0103dea pe un cercule\u0163 galben, va trebui s\u0103 se trag\u0103 un cartona\u015f mic \u015fi s\u0103 se urmeze instruc\u0163iunile. C\u00e2\u015ftig\u0103torul final va fi desemnat cel care ajunge primul la FINAL. Juc\u0103torii rama\u015fi in joc vor continua jocul p\u00e2n\u0103 va r\u0103m\u00e2ne unul singur.<\/p>\n","protected":false},"excerpt":{"rendered":"<p>Joc interactiv pentru \u00eentreaga familie. Porne\u015fte \u00eentr-o aventur\u0103 captivant\u0103 al\u0103turi de personajele Vechilui Testament. \u201ePelerinii Vechiului Testament\u201d poate fi jucat de 2-6 juc\u0103tori. Nu este recomandat copiilor sub 3 ani inclusiv. Cum se joac\u0103: Se preg\u0103te\u015fte tabla de joc \u015fi se a\u015feaz\u0103 pionii \u00een dreptul num\u0103rului 1, de la care se va \u015fi porni. Se [&hellip;]<\/p>\n","protected":false},"featured_media":8873,"comment_status":"open","ping_status":"closed","template":"","meta":[],"product_brand":[],"product_cat":[98],"product_tag":[],"class_list":{"0":"post-3449","1":"product","2":"type-product","3":"status-publish","4":"has-post-thumbnail","6":"product_cat-jocuri","8":"first","9":"outofstock","10":"shipping-taxable","11":"purchasable","12":"product-type-simple"},"_links":{"self":[{"href":"https:\/\/dev.sbro.ro\/wp-json\/wp\/v2\/product\/3449","targetHints":{"allow":["GET"]}}],"collection":[{"href":"https:\/\/dev.sbro.ro\/wp-json\/wp\/v2\/product"}],"about":[{"href":"https:\/\/dev.sbro.ro\/wp-json\/wp\/v2\/types\/product"}],"replies":[{"embeddable":true,"href":"https:\/\/dev.sbro.ro\/wp-json\/wp\/v2\/comments?post=3449"}],"wp:featuredmedia":[{"embeddable":true,"href":"https:\/\/dev.sbro.ro\/wp-json\/wp\/v2\/media\/8873"}],"wp:attachment":[{"href":"https:\/\/dev.sbro.ro\/wp-json\/wp\/v2\/media?parent=3449"}],"wp:term":[{"taxonomy":"product_brand","embeddable":true,"href":"https:\/\/dev.sbro.ro\/wp-json\/wp\/v2\/product_brand?post=3449"},{"taxonomy":"product_cat","embeddable":true,"href":"https:\/\/dev.sbro.ro\/wp-json\/wp\/v2\/product_cat?post=3449"},{"taxonomy":"product_tag","embeddable":true,"href":"https:\/\/dev.sbro.ro\/wp-json\/wp\/v2\/product_tag?post=3449"}],"curies":[{"name":"wp","href":"https:\/\/api.w.org\/{rel}","templated":true}]}}