{"id":3458,"date":"2026-04-21T09:08:02","date_gmt":"2026-04-21T09:08:02","guid":{"rendered":"https:\/\/dev.sbro.ro\/?product=omul-din-interior"},"modified":"2026-04-21T09:08:02","modified_gmt":"2026-04-21T09:08:02","slug":"omul-din-interior","status":"publish","type":"product","link":"https:\/\/dev.sbro.ro\/product\/omul-din-interior\/","title":{"rendered":"Omul din interior"},"content":{"rendered":"<p>Domnul Se ocup\u0103 cu prec\u0103dere de duhul nostru. Aici \u00ee\u015fi are sediul via\u0163a cea nou\u0103; aici opereaz\u0103 Duhul Sf\u00e2nt; aici are loc adev\u0103rata noastr\u0103 educa\u0163ie; aici avem p\u0103rt\u0103\u015fie cu Dumnezeu; aici trebuie s\u0103 devenim puternici; aici trebuie stabilit\u0103 \u00eempotrivirea fa\u0163\u0103 de vr\u0103jma\u015f; aici trebuie s\u0103 func\u0163ioneze autoritatea asupra for\u0163elor spirituale rele. Acest duh, \u00een care se afl\u0103 via\u0163a de \u00eenviere a lui Cristos, este germenul trupului de \u00eenviere; aici suntem salva\u0163i \u00een necaz. Acea via\u0163\u0103 f\u0103r\u0103 p\u0103cat, f\u0103r\u0103 prihan\u0103, a lui Dumnezeu (1 Ioan 3:9; 5:18) aici se afl\u0103, \u015fi nu \u00een omul nostru exterior. Numai c\u00e2nd ie\u015fim \u00een omul exterior are vr\u0103jma\u015ful putere asupra noastr\u0103.<\/p>\n<p>CUPRINS<br \/>\nSfera vie\u0163ii \u015fi baza de ac\u0163iune ale credinciosului<br \/>\n\u00cent\u00e2ietatea omului spiritual asupra omului natural<\/p>\n","protected":false},"excerpt":{"rendered":"<p>Domnul Se ocup\u0103 cu prec\u0103dere de duhul nostru. Aici \u00ee\u015fi are sediul via\u0163a cea nou\u0103; aici opereaz\u0103 Duhul Sf\u00e2nt; aici are loc adev\u0103rata noastr\u0103 educa\u0163ie; aici avem p\u0103rt\u0103\u015fie cu Dumnezeu; aici trebuie s\u0103 devenim puternici; aici trebuie stabilit\u0103 \u00eempotrivirea fa\u0163\u0103 de vr\u0103jma\u015f; aici trebuie s\u0103 func\u0163ioneze autoritatea asupra for\u0163elor spirituale rele. Acest duh, \u00een care [&hellip;]<\/p>\n","protected":false},"featured_media":8882,"comment_status":"open","ping_status":"closed","template":"","meta":[],"product_brand":[],"product_cat":[18],"product_tag":[],"class_list":{"0":"post-3458","1":"product","2":"type-product","3":"status-publish","4":"has-post-thumbnail","6":"product_cat-viata-crestina","8":"first","9":"instock","10":"shipping-taxable","11":"purchasable","12":"product-type-simple"},"_links":{"self":[{"href":"https:\/\/dev.sbro.ro\/wp-json\/wp\/v2\/product\/3458","targetHints":{"allow":["GET"]}}],"collection":[{"href":"https:\/\/dev.sbro.ro\/wp-json\/wp\/v2\/product"}],"about":[{"href":"https:\/\/dev.sbro.ro\/wp-json\/wp\/v2\/types\/product"}],"replies":[{"embeddable":true,"href":"https:\/\/dev.sbro.ro\/wp-json\/wp\/v2\/comments?post=3458"}],"wp:featuredmedia":[{"embeddable":true,"href":"https:\/\/dev.sbro.ro\/wp-json\/wp\/v2\/media\/8882"}],"wp:attachment":[{"href":"https:\/\/dev.sbro.ro\/wp-json\/wp\/v2\/media?parent=3458"}],"wp:term":[{"taxonomy":"product_brand","embeddable":true,"href":"https:\/\/dev.sbro.ro\/wp-json\/wp\/v2\/product_brand?post=3458"},{"taxonomy":"product_cat","embeddable":true,"href":"https:\/\/dev.sbro.ro\/wp-json\/wp\/v2\/product_cat?post=3458"},{"taxonomy":"product_tag","embeddable":true,"href":"https:\/\/dev.sbro.ro\/wp-json\/wp\/v2\/product_tag?post=3458"}],"curies":[{"name":"wp","href":"https:\/\/api.w.org\/{rel}","templated":true}]}}