{"id":3482,"date":"2026-04-21T09:08:04","date_gmt":"2026-04-21T09:08:04","guid":{"rendered":"https:\/\/dev.sbro.ro\/?product=misiunea-lui-dumnezeu-intelegerea-metanaratiunii-bibliei"},"modified":"2026-04-21T09:08:04","modified_gmt":"2026-04-21T09:08:04","slug":"misiunea-lui-dumnezeu-intelegerea-metanaratiunii-bibliei","status":"publish","type":"product","link":"https:\/\/dev.sbro.ro\/product\/misiunea-lui-dumnezeu-intelegerea-metanaratiunii-bibliei\/","title":{"rendered":"Misiunea lui Dumnezeu &#8211; Intelegerea metanaratiunii Bibliei"},"content":{"rendered":"<p>Majoritatea cre\u0219tinilor sunt de acord c\u0103 Biblia con\u021bine motiva\u021bii temeinice pentru misiune. Christopher Wright \u00eens\u0103 pretinde cu \u00eendr\u0103zneal\u0103 c\u0103 misiunea e mai mult dec\u00e2t at\u00e2t \u2013 de fapt, spune el, Biblia \u00eens\u0103\u0219i se sprijin\u0103 pe un fundament misional! Biblia ca atare este rodul \u0219i m\u0103rturia misiunii lui Dumnezeu.<br \/>\nPentru a \u00een\u021belege Biblia, avem nevoie de o hermeneutic\u0103 misional\u0103, o perspectiv\u0103 interpretativ\u0103 \u00een perfect acord cu aceast\u0103 ampl\u0103 tem\u0103 misional\u0103. Trebuie s\u0103 avem o privire panoramic\u0103 asupra misiunii lui Dumnezeu \u0219i astfel s\u0103 putem integra toate detaliile familiare \u00een metanara\u021biunea Scripturii.<br \/>\nPornind de la Vechiul Testament \u0219i de la fundamentul pe care acesta ni-l ofer\u0103 pentru a \u00een\u021belege cine este Dumnezeu, ce scopuri a stabilit poporului S\u0103u \u0219i ce rol \u00eendeplinesc popoarele \u00een misiunea lui Dumnezeu, Wright propune o nou\u0103 viziune hermeneutic\u0103 asupra Scripturii. Iar aceast\u0103 perspectiv\u0103 nou\u0103 asigur\u0103 o temelie vast\u0103 \u0219i solid\u0103 pentru misiunea holistic\u0103. Autorul st\u0103ruie c\u0103 misiunea holistic\u0103 reprezint\u0103 modelul adecvat al misiunii cre\u0219tine. Misiunea lui Dumnezeu este s\u0103 salveze lumea \u2013 adic\u0103 \u00eentreaga crea\u021bie \u2013 iar \u00een aceast\u0103 misiune poporul lui Dumnezeu are de \u00eendeplinit un rol precis.<\/p>\n","protected":false},"excerpt":{"rendered":"<p>Majoritatea cre\u0219tinilor sunt de acord c\u0103 Biblia con\u021bine motiva\u021bii temeinice pentru misiune. Christopher Wright \u00eens\u0103 pretinde cu \u00eendr\u0103zneal\u0103 c\u0103 misiunea e mai mult dec\u00e2t at\u00e2t \u2013 de fapt, spune el, Biblia \u00eens\u0103\u0219i se sprijin\u0103 pe un fundament misional! Biblia ca atare este rodul \u0219i m\u0103rturia misiunii lui Dumnezeu. Pentru a \u00een\u021belege Biblia, avem nevoie de [&hellip;]<\/p>\n","protected":false},"featured_media":8906,"comment_status":"open","ping_status":"closed","template":"","meta":[],"product_brand":[],"product_cat":[40],"product_tag":[],"class_list":{"0":"post-3482","1":"product","2":"type-product","3":"status-publish","4":"has-post-thumbnail","6":"product_cat-studiu-biblic","8":"first","9":"instock","10":"shipping-taxable","11":"purchasable","12":"product-type-simple"},"_links":{"self":[{"href":"https:\/\/dev.sbro.ro\/wp-json\/wp\/v2\/product\/3482","targetHints":{"allow":["GET"]}}],"collection":[{"href":"https:\/\/dev.sbro.ro\/wp-json\/wp\/v2\/product"}],"about":[{"href":"https:\/\/dev.sbro.ro\/wp-json\/wp\/v2\/types\/product"}],"replies":[{"embeddable":true,"href":"https:\/\/dev.sbro.ro\/wp-json\/wp\/v2\/comments?post=3482"}],"wp:featuredmedia":[{"embeddable":true,"href":"https:\/\/dev.sbro.ro\/wp-json\/wp\/v2\/media\/8906"}],"wp:attachment":[{"href":"https:\/\/dev.sbro.ro\/wp-json\/wp\/v2\/media?parent=3482"}],"wp:term":[{"taxonomy":"product_brand","embeddable":true,"href":"https:\/\/dev.sbro.ro\/wp-json\/wp\/v2\/product_brand?post=3482"},{"taxonomy":"product_cat","embeddable":true,"href":"https:\/\/dev.sbro.ro\/wp-json\/wp\/v2\/product_cat?post=3482"},{"taxonomy":"product_tag","embeddable":true,"href":"https:\/\/dev.sbro.ro\/wp-json\/wp\/v2\/product_tag?post=3482"}],"curies":[{"name":"wp","href":"https:\/\/api.w.org\/{rel}","templated":true}]}}