{"id":3505,"date":"2026-04-21T09:08:06","date_gmt":"2026-04-21T09:08:06","guid":{"rendered":"https:\/\/dev.sbro.ro\/?product=atlas-istoric-al-reformei"},"modified":"2026-04-21T09:08:06","modified_gmt":"2026-04-21T09:08:06","slug":"atlas-istoric-al-reformei","status":"publish","type":"product","link":"https:\/\/dev.sbro.ro\/?product=atlas-istoric-al-reformei","title":{"rendered":"Atlas istoric al Reformei"},"content":{"rendered":"<p>Cuprinz\u00e2nd peste 60 de h\u0103r\u021bi noi, imagini \u0219i cronologii, Atlasul istoric al Reformei reprezint\u0103 o unealt\u0103 necesar\u0103 oricui vrea s\u0103 studieze perioada Reformei. Textul adi\u021bional concis, scris de un specialist, \u00eendrum\u0103 \u0219i ajut\u0103 cititorul s\u0103 interpreteze materialele vizuale.<\/p>\n<p>Adresat \u00eendeosebi oamenilor studio\u0219i \u2013 fie c\u0103 sunt studen\u021bi, fie autodidac\u021bi \u2013 acest volum este foarte potrivit at\u00e2t pentru studiu individual, c\u00e2t \u0219i pentru grupuri sau s\u0103li de cursuri.<\/p>\n","protected":false},"excerpt":{"rendered":"<p>Cuprinz\u00e2nd peste 60 de h\u0103r\u021bi noi, imagini \u0219i cronologii, Atlasul istoric al Reformei reprezint\u0103 o unealt\u0103 necesar\u0103 oricui vrea s\u0103 studieze perioada Reformei. Textul adi\u021bional concis, scris de un specialist, \u00eendrum\u0103 \u0219i ajut\u0103 cititorul s\u0103 interpreteze materialele vizuale. Adresat \u00eendeosebi oamenilor studio\u0219i \u2013 fie c\u0103 sunt studen\u021bi, fie autodidac\u021bi \u2013 acest volum este foarte potrivit [&hellip;]<\/p>\n","protected":false},"featured_media":8929,"comment_status":"open","ping_status":"closed","template":"","meta":[],"product_brand":[],"product_cat":[76],"product_tag":[],"class_list":{"0":"post-3505","1":"product","2":"type-product","3":"status-publish","4":"has-post-thumbnail","6":"product_cat-atlase","8":"first","9":"instock","10":"shipping-taxable","11":"purchasable","12":"product-type-simple"},"_links":{"self":[{"href":"https:\/\/dev.sbro.ro\/index.php?rest_route=\/wp\/v2\/product\/3505","targetHints":{"allow":["GET"]}}],"collection":[{"href":"https:\/\/dev.sbro.ro\/index.php?rest_route=\/wp\/v2\/product"}],"about":[{"href":"https:\/\/dev.sbro.ro\/index.php?rest_route=\/wp\/v2\/types\/product"}],"replies":[{"embeddable":true,"href":"https:\/\/dev.sbro.ro\/index.php?rest_route=%2Fwp%2Fv2%2Fcomments&post=3505"}],"wp:featuredmedia":[{"embeddable":true,"href":"https:\/\/dev.sbro.ro\/index.php?rest_route=\/wp\/v2\/media\/8929"}],"wp:attachment":[{"href":"https:\/\/dev.sbro.ro\/index.php?rest_route=%2Fwp%2Fv2%2Fmedia&parent=3505"}],"wp:term":[{"taxonomy":"product_brand","embeddable":true,"href":"https:\/\/dev.sbro.ro\/index.php?rest_route=%2Fwp%2Fv2%2Fproduct_brand&post=3505"},{"taxonomy":"product_cat","embeddable":true,"href":"https:\/\/dev.sbro.ro\/index.php?rest_route=%2Fwp%2Fv2%2Fproduct_cat&post=3505"},{"taxonomy":"product_tag","embeddable":true,"href":"https:\/\/dev.sbro.ro\/index.php?rest_route=%2Fwp%2Fv2%2Fproduct_tag&post=3505"}],"curies":[{"name":"wp","href":"https:\/\/api.w.org\/{rel}","templated":true}]}}