{"id":3506,"date":"2026-04-21T09:08:07","date_gmt":"2026-04-21T09:08:07","guid":{"rendered":"https:\/\/dev.sbro.ro\/?product=consiliere-crestina-multidisciplinara"},"modified":"2026-04-21T09:08:07","modified_gmt":"2026-04-21T09:08:07","slug":"consiliere-crestina-multidisciplinara","status":"publish","type":"product","link":"https:\/\/dev.sbro.ro\/?product=consiliere-crestina-multidisciplinara","title":{"rendered":"Consiliere crestina multidisciplinara"},"content":{"rendered":"<p>Doar cu o inim\u0103 curat\u0103 po\u0163i aduce pacea, po\u0163i opri r\u0103zboiul, po\u0163i avea g\u00e2nduri bune \u015fi nu de suicid, po\u0163i schimba g\u00e2ndurile personale \u015fi chiar colective, po\u0163i schimba un sistem medical care nu func\u0163ioneaz\u0103 \u015fi po\u0163i introduce excelen\u0163a clinic\u0103 \u015fi etic\u0103 la rang de norm\u0103, po\u0163i s\u0103 faci diferen\u0163a pentru c\u0103 nu mai a\u015ftep\u0163i nici r\u0103splat\u0103, nici laude sfor\u0103itoare \u015fi nici nu te mai intereseaz\u0103 s\u0103 \u0163i se ridice soclul pentru statuie&#8230;pur \u015fi simplu ai o alt\u0103 viziune \u015fi atitudine asupra vie\u0163ii tale \u015fi a celor din jurul t\u0103u.<\/p>\n","protected":false},"excerpt":{"rendered":"<p>Doar cu o inim\u0103 curat\u0103 po\u0163i aduce pacea, po\u0163i opri r\u0103zboiul, po\u0163i avea g\u00e2nduri bune \u015fi nu de suicid, po\u0163i schimba g\u00e2ndurile personale \u015fi chiar colective, po\u0163i schimba un sistem medical care nu func\u0163ioneaz\u0103 \u015fi po\u0163i introduce excelen\u0163a clinic\u0103 \u015fi etic\u0103 la rang de norm\u0103, po\u0163i s\u0103 faci diferen\u0163a pentru c\u0103 nu mai a\u015ftep\u0163i nici [&hellip;]<\/p>\n","protected":false},"featured_media":8930,"comment_status":"open","ping_status":"closed","template":"","meta":[],"product_brand":[],"product_cat":[36],"product_tag":[],"class_list":{"0":"post-3506","1":"product","2":"type-product","3":"status-publish","4":"has-post-thumbnail","6":"product_cat-psihologie","8":"first","9":"outofstock","10":"shipping-taxable","11":"purchasable","12":"product-type-simple"},"_links":{"self":[{"href":"https:\/\/dev.sbro.ro\/index.php?rest_route=\/wp\/v2\/product\/3506","targetHints":{"allow":["GET"]}}],"collection":[{"href":"https:\/\/dev.sbro.ro\/index.php?rest_route=\/wp\/v2\/product"}],"about":[{"href":"https:\/\/dev.sbro.ro\/index.php?rest_route=\/wp\/v2\/types\/product"}],"replies":[{"embeddable":true,"href":"https:\/\/dev.sbro.ro\/index.php?rest_route=%2Fwp%2Fv2%2Fcomments&post=3506"}],"wp:featuredmedia":[{"embeddable":true,"href":"https:\/\/dev.sbro.ro\/index.php?rest_route=\/wp\/v2\/media\/8930"}],"wp:attachment":[{"href":"https:\/\/dev.sbro.ro\/index.php?rest_route=%2Fwp%2Fv2%2Fmedia&parent=3506"}],"wp:term":[{"taxonomy":"product_brand","embeddable":true,"href":"https:\/\/dev.sbro.ro\/index.php?rest_route=%2Fwp%2Fv2%2Fproduct_brand&post=3506"},{"taxonomy":"product_cat","embeddable":true,"href":"https:\/\/dev.sbro.ro\/index.php?rest_route=%2Fwp%2Fv2%2Fproduct_cat&post=3506"},{"taxonomy":"product_tag","embeddable":true,"href":"https:\/\/dev.sbro.ro\/index.php?rest_route=%2Fwp%2Fv2%2Fproduct_tag&post=3506"}],"curies":[{"name":"wp","href":"https:\/\/api.w.org\/{rel}","templated":true}]}}