{"id":3515,"date":"2026-04-21T09:08:07","date_gmt":"2026-04-21T09:08:07","guid":{"rendered":"https:\/\/dev.sbro.ro\/?product=vremea-culesului-seria-surorile-din-comitatul-shenandoah-vol-2"},"modified":"2026-04-21T09:08:07","modified_gmt":"2026-04-21T09:08:07","slug":"vremea-culesului-seria-surorile-din-comitatul-shenandoah-vol-2","status":"publish","type":"product","link":"https:\/\/dev.sbro.ro\/product\/vremea-culesului-seria-surorile-din-comitatul-shenandoah-vol-2\/","title":{"rendered":"Vremea culesului &#8211; seria Surorile din comitatul Shenandoah &#8211; vol 2"},"content":{"rendered":"<p>Mayme \u0219i Katie sunt dou\u0103 fete din dou\u0103 lumi diferite, aduse \u00eempreun\u0103 \u00een haosul l\u0103sat \u00een urm\u0103 de R\u0103zboiul Civil. Supravie\u021buirea celor dou\u0103 adolescente depinde doar de iste\u021bimea \u0219i de buna lor colaborare. Pas cu pas, fetele leag\u0103 o prietenie trainic\u0103, \u00eenv\u0103\u0163\u00e2nd s\u0103-\u015fi pun\u0103 reciproc \u00een valoare punctele-forte \u0219i s\u0103-\u015fi suplineasc\u0103 sl\u0103biciunile. Din lupta lor de a r\u0103m\u00e2ne \u00een via\u021b\u0103 se na\u0219te \u0219i o con\u0219tiin\u021b\u0103 tot mai puternic\u0103 a iubirii lui Dumnezeu \u0219i a purt\u0103rii Lui de grij\u0103, dar totodat\u0103 \u0219i planul, \u00eenc\u0103 neclar, de a \u021bine<br \/>\nplanta\u021bia Rosewood func\u021bional\u0103. Volumul duce mai departe povestea \u00eenceput\u0103 \u00een Vegheate de \u00eengeri, av\u00e2ndu-le \u00een prim-plan pe cele dou\u0103 protagoniste \u0219armante, dar at\u00e2t de diferite, \u0219i misiunea lor secret\u0103 de a oferi un refugiu celor pe care r\u0103zboiul i-a l\u0103sat \u00een voia sor\u021bii \u0219i f\u0103r\u0103 niciun sprijin.<\/p>\n","protected":false},"excerpt":{"rendered":"<p>Mayme \u0219i Katie sunt dou\u0103 fete din dou\u0103 lumi diferite, aduse \u00eempreun\u0103 \u00een haosul l\u0103sat \u00een urm\u0103 de R\u0103zboiul Civil. Supravie\u021buirea celor dou\u0103 adolescente depinde doar de iste\u021bimea \u0219i de buna lor colaborare. Pas cu pas, fetele leag\u0103 o prietenie trainic\u0103, \u00eenv\u0103\u0163\u00e2nd s\u0103-\u015fi pun\u0103 reciproc \u00een valoare punctele-forte \u0219i s\u0103-\u015fi suplineasc\u0103 sl\u0103biciunile. Din lupta lor [&hellip;]<\/p>\n","protected":false},"featured_media":8939,"comment_status":"open","ping_status":"closed","template":"","meta":[],"product_brand":[],"product_cat":[31],"product_tag":[],"class_list":{"0":"post-3515","1":"product","2":"type-product","3":"status-publish","4":"has-post-thumbnail","6":"product_cat-romane","8":"first","9":"instock","10":"shipping-taxable","11":"purchasable","12":"product-type-simple"},"_links":{"self":[{"href":"https:\/\/dev.sbro.ro\/wp-json\/wp\/v2\/product\/3515","targetHints":{"allow":["GET"]}}],"collection":[{"href":"https:\/\/dev.sbro.ro\/wp-json\/wp\/v2\/product"}],"about":[{"href":"https:\/\/dev.sbro.ro\/wp-json\/wp\/v2\/types\/product"}],"replies":[{"embeddable":true,"href":"https:\/\/dev.sbro.ro\/wp-json\/wp\/v2\/comments?post=3515"}],"wp:featuredmedia":[{"embeddable":true,"href":"https:\/\/dev.sbro.ro\/wp-json\/wp\/v2\/media\/8939"}],"wp:attachment":[{"href":"https:\/\/dev.sbro.ro\/wp-json\/wp\/v2\/media?parent=3515"}],"wp:term":[{"taxonomy":"product_brand","embeddable":true,"href":"https:\/\/dev.sbro.ro\/wp-json\/wp\/v2\/product_brand?post=3515"},{"taxonomy":"product_cat","embeddable":true,"href":"https:\/\/dev.sbro.ro\/wp-json\/wp\/v2\/product_cat?post=3515"},{"taxonomy":"product_tag","embeddable":true,"href":"https:\/\/dev.sbro.ro\/wp-json\/wp\/v2\/product_tag?post=3515"}],"curies":[{"name":"wp","href":"https:\/\/api.w.org\/{rel}","templated":true}]}}