{"id":3532,"date":"2026-04-21T09:08:10","date_gmt":"2026-04-21T09:08:10","guid":{"rendered":"https:\/\/dev.sbro.ro\/?product=culoarea-sufletului-seria-surorile-din-comitatul-shenandoah-vol-3"},"modified":"2026-04-21T09:08:10","modified_gmt":"2026-04-21T09:08:10","slug":"culoarea-sufletului-seria-surorile-din-comitatul-shenandoah-vol-3","status":"publish","type":"product","link":"https:\/\/dev.sbro.ro\/product\/culoarea-sufletului-seria-surorile-din-comitatul-shenandoah-vol-3\/","title":{"rendered":"Culoarea sufletului &#8211; seria Surorile din comitatul Shenandoah &#8211; vol 3"},"content":{"rendered":"<p>Katie \u015fi Mayme \u00eencropesc un plan ca s\u0103 p\u0103streze planta\u0163ia, str\u0103duindu-se s\u0103 \u021bin\u0103 secret faptul c\u0103 erau singure \u015fi f\u0103r\u0103 sprijin. Fetele au de \u00eenfruntat noi primejdii la originea c\u0103rora stau fie oamenii, fie stihiile naturii. Un unchi de mult disp\u0103rut de-al lui Katie \u00ee\u015fi face apari\u0163ia pe nea\u0219teptate, dar la fel de repede o ia din loc, duc\u00e2nd cu sine secretul fetelor. Apoi un potop e gata s\u0103 compromit\u0103 ce mai r\u0103m\u0103sese din recolta de bumbac \u2013 singura lor speran\u0163\u0103 de a salva planta\u0163ia din gheara b\u0103ncii.<br \/>\nNara\u0163iunea este \u00een\u0163esat\u0103 de detalii fascinante legate de situa\u0163ia \u00een care se zbat fetele, \u00eentreb\u0103ri incitante despre credin\u0163\u0103 \u015fi sensul vie\u0163ii, toate \u00eenv\u0103luite \u00eentr-o rela\u0163ie cald\u0103 de prietenie. Culoarea sufletului are toate elementele ce fac deliciul romanelor istorice atractive.<\/p>\n","protected":false},"excerpt":{"rendered":"<p>Katie \u015fi Mayme \u00eencropesc un plan ca s\u0103 p\u0103streze planta\u0163ia, str\u0103duindu-se s\u0103 \u021bin\u0103 secret faptul c\u0103 erau singure \u015fi f\u0103r\u0103 sprijin. Fetele au de \u00eenfruntat noi primejdii la originea c\u0103rora stau fie oamenii, fie stihiile naturii. Un unchi de mult disp\u0103rut de-al lui Katie \u00ee\u015fi face apari\u0163ia pe nea\u0219teptate, dar la fel de repede o [&hellip;]<\/p>\n","protected":false},"featured_media":8956,"comment_status":"open","ping_status":"closed","template":"","meta":[],"product_brand":[],"product_cat":[31],"product_tag":[],"class_list":{"0":"post-3532","1":"product","2":"type-product","3":"status-publish","4":"has-post-thumbnail","6":"product_cat-romane","8":"first","9":"instock","10":"shipping-taxable","11":"purchasable","12":"product-type-simple"},"_links":{"self":[{"href":"https:\/\/dev.sbro.ro\/wp-json\/wp\/v2\/product\/3532","targetHints":{"allow":["GET"]}}],"collection":[{"href":"https:\/\/dev.sbro.ro\/wp-json\/wp\/v2\/product"}],"about":[{"href":"https:\/\/dev.sbro.ro\/wp-json\/wp\/v2\/types\/product"}],"replies":[{"embeddable":true,"href":"https:\/\/dev.sbro.ro\/wp-json\/wp\/v2\/comments?post=3532"}],"wp:featuredmedia":[{"embeddable":true,"href":"https:\/\/dev.sbro.ro\/wp-json\/wp\/v2\/media\/8956"}],"wp:attachment":[{"href":"https:\/\/dev.sbro.ro\/wp-json\/wp\/v2\/media?parent=3532"}],"wp:term":[{"taxonomy":"product_brand","embeddable":true,"href":"https:\/\/dev.sbro.ro\/wp-json\/wp\/v2\/product_brand?post=3532"},{"taxonomy":"product_cat","embeddable":true,"href":"https:\/\/dev.sbro.ro\/wp-json\/wp\/v2\/product_cat?post=3532"},{"taxonomy":"product_tag","embeddable":true,"href":"https:\/\/dev.sbro.ro\/wp-json\/wp\/v2\/product_tag?post=3532"}],"curies":[{"name":"wp","href":"https:\/\/api.w.org\/{rel}","templated":true}]}}