{"id":3542,"date":"2026-04-21T09:08:10","date_gmt":"2026-04-21T09:08:10","guid":{"rendered":"https:\/\/dev.sbro.ro\/?product=descoperirea-barbatiei-autentice"},"modified":"2026-04-21T09:08:10","modified_gmt":"2026-04-21T09:08:10","slug":"descoperirea-barbatiei-autentice","status":"publish","type":"product","link":"https:\/\/dev.sbro.ro\/?product=descoperirea-barbatiei-autentice","title":{"rendered":"Descoperirea b\u0103rb\u0103\u021biei autentice"},"content":{"rendered":"<p>Este drept ini\u021bial m-am g\u00e2ndit s\u0103 fac din aceast\u0103 carte una strict inteszis\u0103 femeilor. Am realizat ins\u0103 c\u0103, dac\u0103 r\u0103m\u00e2neam la g\u00e2ndul acesta, nu \u00eemi atingeam scopul. Cum ele ne sunt \u201cajutorul potrivit\u201d \u0219i apoi ele ne cresc copiii, nu puteam s\u0103 le scot din calcul. Cartea aceasta, deci, chiar dac\u0103 se ocup\u0103 \u00een mod primordial de b\u0103rba\u021bi, este scris\u0103 pentru to\u021bi. Ea se adreseaz\u0103 deopotriv\u0103 tinerilor \u0219i v\u00e2rstnicilor, c\u0103s\u0103tori\u021bilor \u0219i nec\u0103s\u0103tori\u021bilor. Ea poate fi un ajutor real pentru b\u0103rbatul din cas\u0103, pentru b\u0103rbatul din biseric\u0103 \u0219i pentru orice alt b\u0103rbat care vrea s\u0103 fie ceea ce a inten\u021bionat Dumnezeu pentru el. Ea \u00ee\u0219i propune s\u0103 ajute fetele, so\u021biile, surorile \u0219i mamele. S\u0103 o citim, deci, av\u00e2nd \u00een minte dorin\u021ba de a fi ceea ce trebuie \u0219i de a ajuta pe al\u021bii, apropia\u021bi sau nu, s\u0103 devin\u0103 b\u0103rba\u021bi autentici, b\u0103rba\u021bi dup\u0103 inima lui Dumnezeu.<\/p>\n","protected":false},"excerpt":{"rendered":"<p>Este drept ini\u021bial m-am g\u00e2ndit s\u0103 fac din aceast\u0103 carte una strict inteszis\u0103 femeilor. Am realizat ins\u0103 c\u0103, dac\u0103 r\u0103m\u00e2neam la g\u00e2ndul acesta, nu \u00eemi atingeam scopul. Cum ele ne sunt \u201cajutorul potrivit\u201d \u0219i apoi ele ne cresc copiii, nu puteam s\u0103 le scot din calcul. Cartea aceasta, deci, chiar dac\u0103 se ocup\u0103 \u00een mod [&hellip;]<\/p>\n","protected":false},"featured_media":8966,"comment_status":"open","ping_status":"closed","template":"","meta":[],"product_brand":[],"product_cat":[43,10],"product_tag":[],"class_list":{"0":"post-3542","1":"product","2":"type-product","3":"status-publish","4":"has-post-thumbnail","6":"product_cat-barbati","7":"product_cat-editura-metanoia","9":"first","10":"instock","11":"shipping-taxable","12":"purchasable","13":"product-type-simple"},"_links":{"self":[{"href":"https:\/\/dev.sbro.ro\/index.php?rest_route=\/wp\/v2\/product\/3542","targetHints":{"allow":["GET"]}}],"collection":[{"href":"https:\/\/dev.sbro.ro\/index.php?rest_route=\/wp\/v2\/product"}],"about":[{"href":"https:\/\/dev.sbro.ro\/index.php?rest_route=\/wp\/v2\/types\/product"}],"replies":[{"embeddable":true,"href":"https:\/\/dev.sbro.ro\/index.php?rest_route=%2Fwp%2Fv2%2Fcomments&post=3542"}],"wp:featuredmedia":[{"embeddable":true,"href":"https:\/\/dev.sbro.ro\/index.php?rest_route=\/wp\/v2\/media\/8966"}],"wp:attachment":[{"href":"https:\/\/dev.sbro.ro\/index.php?rest_route=%2Fwp%2Fv2%2Fmedia&parent=3542"}],"wp:term":[{"taxonomy":"product_brand","embeddable":true,"href":"https:\/\/dev.sbro.ro\/index.php?rest_route=%2Fwp%2Fv2%2Fproduct_brand&post=3542"},{"taxonomy":"product_cat","embeddable":true,"href":"https:\/\/dev.sbro.ro\/index.php?rest_route=%2Fwp%2Fv2%2Fproduct_cat&post=3542"},{"taxonomy":"product_tag","embeddable":true,"href":"https:\/\/dev.sbro.ro\/index.php?rest_route=%2Fwp%2Fv2%2Fproduct_tag&post=3542"}],"curies":[{"name":"wp","href":"https:\/\/api.w.org\/{rel}","templated":true}]}}