{"id":3546,"date":"2026-04-21T09:08:11","date_gmt":"2026-04-21T09:08:11","guid":{"rendered":"https:\/\/dev.sbro.ro\/?product=o-casnicie-binecuvantata-ajutarea-tinerilor-casatoriti-sa-devina-una"},"modified":"2026-04-21T09:08:11","modified_gmt":"2026-04-21T09:08:11","slug":"o-casnicie-binecuvantata-ajutarea-tinerilor-casatoriti-sa-devina-una","status":"publish","type":"product","link":"https:\/\/dev.sbro.ro\/product\/o-casnicie-binecuvantata-ajutarea-tinerilor-casatoriti-sa-devina-una\/","title":{"rendered":"O c\u0103snicie binecuv\u00e2ntat\u0103. Ajutarea tinerilor c\u0103s\u0103tori\u021bi s\u0103 devin\u0103 una"},"content":{"rendered":"<p>A\u021bi ajuns acolo unde v\u0103 dorea\u021bi de mult timp. Acum sunte\u021bi so\u021b \u0219i so\u021bie, sunte\u021bi o familie. Cu toate c\u0103 v-a\u021bi dori s\u0103 ave\u021bi o via\u021b\u0103 lini\u0219tit\u0103, trebuie s\u0103 v\u0103 spun c\u0103 vor veni \u0219i \u00eencerc\u0103ri. Diavolul nu se bucur\u0103 de deciziile voastre bune. Datorit\u0103 faptului c\u0103 vre\u021bi s\u0103 fi\u021bi o familie bun\u0103, o familie de care s\u0103 se bucure \u0219i cerul \u0219i p\u0103m\u00e2ntul, diavolul va \u00eencerca s\u0103 v\u0103 \u0219icaneze \u00een fel \u0219i chip. Pe de alt\u0103 parte, Dumnezeu, Creatorul familiei, dore\u0219te ca voi s\u0103 ajunge\u021bi una \u0219i, \u00een urma binecuv\u00e2nt\u0103rilor Sale, s\u0103 fi\u021bi o binecuv\u00e2ntare pentru mul\u021bi. Cursul de fa\u021b\u0103 se adreseaz\u0103 celor care \u00ee\u0219i propun s\u0103 ajung\u0103 la unitatea dorit\u0103 de Creatorul lor. Dac\u0103 dori\u021bi acest lucru, m\u0103 rog lui Dumnezeu s\u0103 v\u0103 ajute \u00een aceast\u0103 direc\u021bie \u0219i apoi s\u0103 v\u0103 binecuv\u00e2nteze cu tot ceea ce este mai nobil, mai ceresc \u0219i mai frumos.<\/p>\n","protected":false},"excerpt":{"rendered":"<p>A\u021bi ajuns acolo unde v\u0103 dorea\u021bi de mult timp. Acum sunte\u021bi so\u021b \u0219i so\u021bie, sunte\u021bi o familie. Cu toate c\u0103 v-a\u021bi dori s\u0103 ave\u021bi o via\u021b\u0103 lini\u0219tit\u0103, trebuie s\u0103 v\u0103 spun c\u0103 vor veni \u0219i \u00eencerc\u0103ri. Diavolul nu se bucur\u0103 de deciziile voastre bune. Datorit\u0103 faptului c\u0103 vre\u021bi s\u0103 fi\u021bi o familie bun\u0103, o familie [&hellip;]<\/p>\n","protected":false},"featured_media":8970,"comment_status":"open","ping_status":"closed","template":"","meta":[],"product_brand":[],"product_cat":[10,14],"product_tag":[],"class_list":{"0":"post-3546","1":"product","2":"type-product","3":"status-publish","4":"has-post-thumbnail","6":"product_cat-editura-metanoia","7":"product_cat-viata-de-familie","9":"first","10":"instock","11":"shipping-taxable","12":"purchasable","13":"product-type-simple"},"_links":{"self":[{"href":"https:\/\/dev.sbro.ro\/wp-json\/wp\/v2\/product\/3546","targetHints":{"allow":["GET"]}}],"collection":[{"href":"https:\/\/dev.sbro.ro\/wp-json\/wp\/v2\/product"}],"about":[{"href":"https:\/\/dev.sbro.ro\/wp-json\/wp\/v2\/types\/product"}],"replies":[{"embeddable":true,"href":"https:\/\/dev.sbro.ro\/wp-json\/wp\/v2\/comments?post=3546"}],"wp:featuredmedia":[{"embeddable":true,"href":"https:\/\/dev.sbro.ro\/wp-json\/wp\/v2\/media\/8970"}],"wp:attachment":[{"href":"https:\/\/dev.sbro.ro\/wp-json\/wp\/v2\/media?parent=3546"}],"wp:term":[{"taxonomy":"product_brand","embeddable":true,"href":"https:\/\/dev.sbro.ro\/wp-json\/wp\/v2\/product_brand?post=3546"},{"taxonomy":"product_cat","embeddable":true,"href":"https:\/\/dev.sbro.ro\/wp-json\/wp\/v2\/product_cat?post=3546"},{"taxonomy":"product_tag","embeddable":true,"href":"https:\/\/dev.sbro.ro\/wp-json\/wp\/v2\/product_tag?post=3546"}],"curies":[{"name":"wp","href":"https:\/\/api.w.org\/{rel}","templated":true}]}}