{"id":3551,"date":"2026-04-21T09:08:12","date_gmt":"2026-04-21T09:08:12","guid":{"rendered":"https:\/\/dev.sbro.ro\/?product=dvd-cartea-cartilor-3-iacov-si-esau"},"modified":"2026-04-21T09:08:12","modified_gmt":"2026-04-21T09:08:12","slug":"dvd-cartea-cartilor-3-iacov-si-esau","status":"publish","type":"product","link":"https:\/\/dev.sbro.ro\/?product=dvd-cartea-cartilor-3-iacov-si-esau","title":{"rendered":"DVD &#8211; Cartea Cartilor &#8211; 3. Iacov \u0219i Esau"},"content":{"rendered":"<p>Cartea C\u0103r\u021bilor \u00eei duce pe copii \u00eenapoi \u00een timp, \u00een perioada lui Iacov \u015fi Esau. Cristi \u015fi Oana v\u0103d du\u0219m\u0103nia dintre cei doi fra\u0163i \u015fi separarea la care a dus aceasta.<\/p>\n<p>\u00cen curtea familiei Nour, \u00een timpul unei lupte cu ap\u0103, Oana ud\u0103 circuitele interne ale lui Memo \u015fi acesta \u00eencepe s\u0103 cread\u0103 c\u0103 \u00eei apar\u0163ine Oanei. Cristi nu poate s\u0103 rezolve problema \u015fi este furios pe Oana, spun\u00e2nd c\u0103 nu o va ierta niciodat\u0103. Cartea C\u0103r\u021bilor \u00eei duce pe copii \u00eenapoi \u00een timp, \u00een perioada lui Iacov \u015fi Esau. Cei doi fra\u0163i concureaz\u0103 pe multe planuri, dar c\u00e2nd Esau renun\u0163\u0103 la dreptul s\u0103u de \u00eent\u00e2i n\u0103scut \u015fi Iacov \u00eel p\u0103c\u0103le\u015fte pe tat\u0103l lor s\u0103 \u00eei dea lui binecuv\u00e2ntarea.<\/p>\n<p>Cei doi fra\u0163i se \u00eendep\u0103rteaz\u0103 timp de foarte mul\u0163i ani. Cristi \u015fi Oana v\u0103d du\u0219m\u0103nia dintre cei doi fra\u0163i \u015fi separarea la care a dus aceasta. Cristi \u00eencepe s\u0103 se g\u00e2ndeasc\u0103 la propria sa atitudine neiert\u0103toare fa\u0163\u0103 de Oana. C\u00e2nd Iacov se duce la fratele s\u0103u \u015fi Esau \u00eel iart\u0103, Cristi \u00een\u0163elege mesajul \u015fi o iart\u0103 \u015fi el pe Oana. Cei doi sunt din nou cei mai buni prieteni. \u015ei lucreaz\u0103 \u00eempreun\u0103 ca s\u0103 repare microcipul \u00eenc\u0103 stricat, dar comic, al lui Memo.<\/p>\n","protected":false},"excerpt":{"rendered":"<p>Cartea C\u0103r\u021bilor \u00eei duce pe copii \u00eenapoi \u00een timp, \u00een perioada lui Iacov \u015fi Esau. Cristi \u015fi Oana v\u0103d du\u0219m\u0103nia dintre cei doi fra\u0163i \u015fi separarea la care a dus aceasta. \u00cen curtea familiei Nour, \u00een timpul unei lupte cu ap\u0103, Oana ud\u0103 circuitele interne ale lui Memo \u015fi acesta \u00eencepe s\u0103 cread\u0103 c\u0103 \u00eei [&hellip;]<\/p>\n","protected":false},"featured_media":8975,"comment_status":"open","ping_status":"closed","template":"","meta":[],"product_brand":[],"product_cat":[66],"product_tag":[],"class_list":{"0":"post-3551","1":"product","2":"type-product","3":"status-publish","4":"has-post-thumbnail","6":"product_cat-dvd","8":"first","9":"outofstock","10":"shipping-taxable","11":"purchasable","12":"product-type-simple"},"_links":{"self":[{"href":"https:\/\/dev.sbro.ro\/index.php?rest_route=\/wp\/v2\/product\/3551","targetHints":{"allow":["GET"]}}],"collection":[{"href":"https:\/\/dev.sbro.ro\/index.php?rest_route=\/wp\/v2\/product"}],"about":[{"href":"https:\/\/dev.sbro.ro\/index.php?rest_route=\/wp\/v2\/types\/product"}],"replies":[{"embeddable":true,"href":"https:\/\/dev.sbro.ro\/index.php?rest_route=%2Fwp%2Fv2%2Fcomments&post=3551"}],"wp:featuredmedia":[{"embeddable":true,"href":"https:\/\/dev.sbro.ro\/index.php?rest_route=\/wp\/v2\/media\/8975"}],"wp:attachment":[{"href":"https:\/\/dev.sbro.ro\/index.php?rest_route=%2Fwp%2Fv2%2Fmedia&parent=3551"}],"wp:term":[{"taxonomy":"product_brand","embeddable":true,"href":"https:\/\/dev.sbro.ro\/index.php?rest_route=%2Fwp%2Fv2%2Fproduct_brand&post=3551"},{"taxonomy":"product_cat","embeddable":true,"href":"https:\/\/dev.sbro.ro\/index.php?rest_route=%2Fwp%2Fv2%2Fproduct_cat&post=3551"},{"taxonomy":"product_tag","embeddable":true,"href":"https:\/\/dev.sbro.ro\/index.php?rest_route=%2Fwp%2Fv2%2Fproduct_tag&post=3551"}],"curies":[{"name":"wp","href":"https:\/\/api.w.org\/{rel}","templated":true}]}}