{"id":3554,"date":"2026-04-21T09:08:12","date_gmt":"2026-04-21T09:08:12","guid":{"rendered":"https:\/\/dev.sbro.ro\/?product=dvd-cartea-cartilor-6-o-aventura-uriasa"},"modified":"2026-04-21T09:08:12","modified_gmt":"2026-04-21T09:08:12","slug":"dvd-cartea-cartilor-6-o-aventura-uriasa","status":"publish","type":"product","link":"https:\/\/dev.sbro.ro\/product\/dvd-cartea-cartilor-6-o-aventura-uriasa\/","title":{"rendered":"DVD &#8211; Cartea Cartilor &#8211; 6. O aventur\u0103 uria\u0219\u0103"},"content":{"rendered":"<p>Cartea C\u0103r\u0163ilor \u00eei duce pe copii s\u0103 \u00eent\u00e2lneasc\u0103 \u00eenc\u0103 un copil, pe David, care a trebuit s\u0103-\u0219i \u00eenfrunte propriul \u201egoliat\u201d \u00eentr-un moment de criz\u0103.<\/p>\n<p>\u00cen timpul unor probe pentru forma\u0163ia \u015fcolii, Cristi \u00ee\u015fi pierde curajul de a c\u00e2nta la chitar\u0103 \u00een fa\u0163a unui public. Cartea C\u0103r\u0163ilor \u00eei duce pe copii s\u0103 \u00eent\u00e2lneasc\u0103 \u00eenc\u0103 un copil care a trebuit s\u0103-\u0219i \u00eenfrunte propriul \u201egoliat\u201d \u00eentr-un moment de criz\u0103. Cristi, Oana \u015fi Memo se \u00eemprietenesc cu t\u00e2n\u0103rul David, care le duce p\u00e2ine fra\u0163ilor s\u0103i, care se lupt\u0103 cu filistenii. Dar pentru c\u0103 David este mic, toat\u0103 lumea r\u00e2de c\u00e2nd spune c\u0103 el va lupta cu cel mai de temut inamic al israeli\u0163ilor\u2014Goliat, uria\u015ful din Gat. \u00cen cele din urm\u0103, David este capabil s\u0103 \u00ee\u015fi \u00eenving\u0103 adversarul uria\u015f deoarece Dumnezeu este de partea lui. Cristi \u00ee\u0219i d\u0103 seama c\u0103 dac\u0103 \u015fi el va face fa\u0163\u0103 propriului \u201egoliat\u201d (s\u0103 c\u00e2nte la chitar\u0103 \u00een fa\u0163a publicului) \u015fi c\u00e2nt\u0103 pentru Dumnezeu, nu are cum s\u0103 nu c\u00e2\u015ftige. Cartea C\u0103r\u0163ilor \u00eei duce pe copii \u00eenapoi acas\u0103. Cristi face fa\u0163\u0103 cu brio probelor \u015fi prime\u0219te locul \u00een forma\u0163ie.<\/p>\n","protected":false},"excerpt":{"rendered":"<p>Cartea C\u0103r\u0163ilor \u00eei duce pe copii s\u0103 \u00eent\u00e2lneasc\u0103 \u00eenc\u0103 un copil, pe David, care a trebuit s\u0103-\u0219i \u00eenfrunte propriul \u201egoliat\u201d \u00eentr-un moment de criz\u0103. \u00cen timpul unor probe pentru forma\u0163ia \u015fcolii, Cristi \u00ee\u015fi pierde curajul de a c\u00e2nta la chitar\u0103 \u00een fa\u0163a unui public. Cartea C\u0103r\u0163ilor \u00eei duce pe copii s\u0103 \u00eent\u00e2lneasc\u0103 \u00eenc\u0103 un copil [&hellip;]<\/p>\n","protected":false},"featured_media":8978,"comment_status":"open","ping_status":"closed","template":"","meta":[],"product_brand":[],"product_cat":[66],"product_tag":[],"class_list":{"0":"post-3554","1":"product","2":"type-product","3":"status-publish","4":"has-post-thumbnail","6":"product_cat-dvd","8":"first","9":"outofstock","10":"shipping-taxable","11":"purchasable","12":"product-type-simple"},"_links":{"self":[{"href":"https:\/\/dev.sbro.ro\/wp-json\/wp\/v2\/product\/3554","targetHints":{"allow":["GET"]}}],"collection":[{"href":"https:\/\/dev.sbro.ro\/wp-json\/wp\/v2\/product"}],"about":[{"href":"https:\/\/dev.sbro.ro\/wp-json\/wp\/v2\/types\/product"}],"replies":[{"embeddable":true,"href":"https:\/\/dev.sbro.ro\/wp-json\/wp\/v2\/comments?post=3554"}],"wp:featuredmedia":[{"embeddable":true,"href":"https:\/\/dev.sbro.ro\/wp-json\/wp\/v2\/media\/8978"}],"wp:attachment":[{"href":"https:\/\/dev.sbro.ro\/wp-json\/wp\/v2\/media?parent=3554"}],"wp:term":[{"taxonomy":"product_brand","embeddable":true,"href":"https:\/\/dev.sbro.ro\/wp-json\/wp\/v2\/product_brand?post=3554"},{"taxonomy":"product_cat","embeddable":true,"href":"https:\/\/dev.sbro.ro\/wp-json\/wp\/v2\/product_cat?post=3554"},{"taxonomy":"product_tag","embeddable":true,"href":"https:\/\/dev.sbro.ro\/wp-json\/wp\/v2\/product_tag?post=3554"}],"curies":[{"name":"wp","href":"https:\/\/api.w.org\/{rel}","templated":true}]}}