{"id":3556,"date":"2026-04-21T09:08:13","date_gmt":"2026-04-21T09:08:13","guid":{"rendered":"https:\/\/dev.sbro.ro\/?product=dvd-cartea-cartilor-8-primul-craciun"},"modified":"2026-04-21T09:08:13","modified_gmt":"2026-04-21T09:08:13","slug":"dvd-cartea-cartilor-8-primul-craciun","status":"publish","type":"product","link":"https:\/\/dev.sbro.ro\/product\/dvd-cartea-cartilor-8-primul-craciun\/","title":{"rendered":"DVD &#8211; Cartea Cartilor &#8211; 8. Primul Cr\u0103ciun"},"content":{"rendered":"<p>Cartea C\u0103r\u021bilor \u00eei duce pe tinerii no\u0219tri eroi \u00eentr-o c\u0103l\u0103torie \u00een care descoper\u0103 adev\u0103rata semnifica\u021bie a Cr\u0103ciunului!<\/p>\n<p>\u00cen familia Nour domne\u015fte agita\u0163ia Cr\u0103ciunului comercial. Se pare c\u0103 Prin\u0163ul P\u0103cii a p\u0103r\u0103sit aceast\u0103 familie \u015fi a l\u0103sat-o s\u0103 \u00ee\u015fi vad\u0103 de preocup\u0103rile sale. C\u00e2nd Cristi \u00ee\u015fi ignor\u0103 promisiunea de a instala scena na\u015fterii, \u00eei spune Oanei c\u0103 este pur \u015fi simplu \u00eenc\u0103 o alt\u0103 decora\u0163iune, exact ca renii, fulgii \u015fi ajutoarele Mo\u015fului. Cartea C\u0103r\u0163ilor \u00eei duce pe tinerii no\u015ftri eroi \u00eentr-o c\u0103l\u0103torie \u00een care descoper\u0103 adev\u0103rata semnifica\u021bie a Cr\u0103ciunului. Afl\u0103 despre planul secret al lui Irod de a \u00eempiedica na\u015fterea unui \u00cemp\u0103rat pe care \u00cel vede ca pe o amenin\u0163are la propriul tron. Apoi, Cristi, Oana \u015fi Memo c\u0103l\u0103toresc cu Maria \u015fi Iosif, care se duc la Betleem pentru recens\u0103m\u00e2nt.<\/p>\n<p>Pe drumul lor, Cristi are impresia c\u0103 vede numai spioni de-ai lui Irod dup\u0103 fiecare st\u00e2nc\u0103 \u015fi copac \u015fi \u00ee\u015fi asum\u0103 rolul de paznic al Familiei Sfinte. Cu timpul, puterea evenimentului care este na\u015fterea lui Isus \u00eei acapareaz\u0103 pe to\u0163i, iar \u00eengerii \u015fi p\u0103storii vin \u00een grajd \u015fi c\u00e2nt\u0103 c\u00e2ntece de pream\u0103rire. \u00centr-un final, eroii no\u015ftri se \u00eentorc acas\u0103, dar acum preg\u0103tirile din Ajunul Cr\u0103ciunului se orienteaz\u0103 \u00een jurul na\u015fterii lui Hristos \u015fi mai pu\u0163in pe partea comercial\u0103 a acestei s\u0103rb\u0103tori.<\/p>\n","protected":false},"excerpt":{"rendered":"<p>Cartea C\u0103r\u021bilor \u00eei duce pe tinerii no\u0219tri eroi \u00eentr-o c\u0103l\u0103torie \u00een care descoper\u0103 adev\u0103rata semnifica\u021bie a Cr\u0103ciunului! \u00cen familia Nour domne\u015fte agita\u0163ia Cr\u0103ciunului comercial. Se pare c\u0103 Prin\u0163ul P\u0103cii a p\u0103r\u0103sit aceast\u0103 familie \u015fi a l\u0103sat-o s\u0103 \u00ee\u015fi vad\u0103 de preocup\u0103rile sale. C\u00e2nd Cristi \u00ee\u015fi ignor\u0103 promisiunea de a instala scena na\u015fterii, \u00eei spune Oanei [&hellip;]<\/p>\n","protected":false},"featured_media":8980,"comment_status":"open","ping_status":"closed","template":"","meta":[],"product_brand":[],"product_cat":[66],"product_tag":[],"class_list":{"0":"post-3556","1":"product","2":"type-product","3":"status-publish","4":"has-post-thumbnail","6":"product_cat-dvd","8":"first","9":"outofstock","10":"shipping-taxable","11":"purchasable","12":"product-type-simple"},"_links":{"self":[{"href":"https:\/\/dev.sbro.ro\/wp-json\/wp\/v2\/product\/3556","targetHints":{"allow":["GET"]}}],"collection":[{"href":"https:\/\/dev.sbro.ro\/wp-json\/wp\/v2\/product"}],"about":[{"href":"https:\/\/dev.sbro.ro\/wp-json\/wp\/v2\/types\/product"}],"replies":[{"embeddable":true,"href":"https:\/\/dev.sbro.ro\/wp-json\/wp\/v2\/comments?post=3556"}],"wp:featuredmedia":[{"embeddable":true,"href":"https:\/\/dev.sbro.ro\/wp-json\/wp\/v2\/media\/8980"}],"wp:attachment":[{"href":"https:\/\/dev.sbro.ro\/wp-json\/wp\/v2\/media?parent=3556"}],"wp:term":[{"taxonomy":"product_brand","embeddable":true,"href":"https:\/\/dev.sbro.ro\/wp-json\/wp\/v2\/product_brand?post=3556"},{"taxonomy":"product_cat","embeddable":true,"href":"https:\/\/dev.sbro.ro\/wp-json\/wp\/v2\/product_cat?post=3556"},{"taxonomy":"product_tag","embeddable":true,"href":"https:\/\/dev.sbro.ro\/wp-json\/wp\/v2\/product_tag?post=3556"}],"curies":[{"name":"wp","href":"https:\/\/api.w.org\/{rel}","templated":true}]}}