{"id":3557,"date":"2026-04-21T09:08:13","date_gmt":"2026-04-21T09:08:13","guid":{"rendered":"https:\/\/dev.sbro.ro\/?product=dvd-cartea-cartilor-9-miracolele-lui-isus"},"modified":"2026-04-21T09:08:13","modified_gmt":"2026-04-21T09:08:13","slug":"dvd-cartea-cartilor-9-miracolele-lui-isus","status":"publish","type":"product","link":"https:\/\/dev.sbro.ro\/?product=dvd-cartea-cartilor-9-miracolele-lui-isus","title":{"rendered":"DVD &#8211; Cartea Cartilor &#8211; 9. Miracolele lui Isus"},"content":{"rendered":"<p>Cartea C\u0103r\u0163ilor \u00eei duce pe copii \u00een Galileea, acolo unde Isus face adev\u0103rate miracole cum ar fi s\u0103 vindece un invalid, s\u0103 calmeze o furtun\u0103 pe mare \u015fi s\u0103 scoat\u0103 demonii dintr-un om posedat.<\/p>\n<p>C\u00e2nd Cristi \u00eencepe s\u0103 cread\u0103 c\u0103 un misterios magician, Miraculo, chiar are puteri reale, Cartea C\u0103r\u0163ilor \u00eei duce pe copii \u00een Galileea, acolo unde Isus face adev\u0103rate miracole cum ar fi s\u0103 vindece un invalid, s\u0103 calmeze o furtun\u0103 pe mare \u015fi s\u0103 scoat\u0103 demonii dintr-un om posedat. \u00cen timpul aventurii lor, Cristi ajunge s\u0103 \u00een\u0163eleag\u0103 c\u0103 puterea de-a face miracole vine doar de la Dumnezeu. C\u00e2nd se \u00eentoarce acas\u0103, observ\u0103 cu aten\u0163ie \u015fi descoper\u0103 schemele foarte inteligente pe care Miraculo le-a folosit pentru a p\u0103c\u0103li oamenii. <\/p>\n","protected":false},"excerpt":{"rendered":"<p>Cartea C\u0103r\u0163ilor \u00eei duce pe copii \u00een Galileea, acolo unde Isus face adev\u0103rate miracole cum ar fi s\u0103 vindece un invalid, s\u0103 calmeze o furtun\u0103 pe mare \u015fi s\u0103 scoat\u0103 demonii dintr-un om posedat. C\u00e2nd Cristi \u00eencepe s\u0103 cread\u0103 c\u0103 un misterios magician, Miraculo, chiar are puteri reale, Cartea C\u0103r\u0163ilor \u00eei duce pe copii \u00een [&hellip;]<\/p>\n","protected":false},"featured_media":8981,"comment_status":"open","ping_status":"closed","template":"","meta":[],"product_brand":[],"product_cat":[66],"product_tag":[],"class_list":{"0":"post-3557","1":"product","2":"type-product","3":"status-publish","4":"has-post-thumbnail","6":"product_cat-dvd","8":"first","9":"outofstock","10":"shipping-taxable","11":"purchasable","12":"product-type-simple"},"_links":{"self":[{"href":"https:\/\/dev.sbro.ro\/index.php?rest_route=\/wp\/v2\/product\/3557","targetHints":{"allow":["GET"]}}],"collection":[{"href":"https:\/\/dev.sbro.ro\/index.php?rest_route=\/wp\/v2\/product"}],"about":[{"href":"https:\/\/dev.sbro.ro\/index.php?rest_route=\/wp\/v2\/types\/product"}],"replies":[{"embeddable":true,"href":"https:\/\/dev.sbro.ro\/index.php?rest_route=%2Fwp%2Fv2%2Fcomments&post=3557"}],"wp:featuredmedia":[{"embeddable":true,"href":"https:\/\/dev.sbro.ro\/index.php?rest_route=\/wp\/v2\/media\/8981"}],"wp:attachment":[{"href":"https:\/\/dev.sbro.ro\/index.php?rest_route=%2Fwp%2Fv2%2Fmedia&parent=3557"}],"wp:term":[{"taxonomy":"product_brand","embeddable":true,"href":"https:\/\/dev.sbro.ro\/index.php?rest_route=%2Fwp%2Fv2%2Fproduct_brand&post=3557"},{"taxonomy":"product_cat","embeddable":true,"href":"https:\/\/dev.sbro.ro\/index.php?rest_route=%2Fwp%2Fv2%2Fproduct_cat&post=3557"},{"taxonomy":"product_tag","embeddable":true,"href":"https:\/\/dev.sbro.ro\/index.php?rest_route=%2Fwp%2Fv2%2Fproduct_tag&post=3557"}],"curies":[{"name":"wp","href":"https:\/\/api.w.org\/{rel}","templated":true}]}}