{"id":3572,"date":"2026-04-21T09:08:14","date_gmt":"2026-04-21T09:08:14","guid":{"rendered":"https:\/\/dev.sbro.ro\/?product=de-ce-ai-crede-biblia"},"modified":"2026-04-21T09:08:14","modified_gmt":"2026-04-21T09:08:14","slug":"de-ce-ai-crede-biblia","status":"publish","type":"product","link":"https:\/\/dev.sbro.ro\/?product=de-ce-ai-crede-biblia","title":{"rendered":"De ce ai crede Biblia?"},"content":{"rendered":"<p>Raspunsuri la 10 intrebari dificile<br \/>\nCuvant-inaint de Ravi Zacharias<br \/>\nCu tact, dar totodata convingatoare, Amy Orr-Ewing ne pune \u00eenainte o serie de argumente solide \u00een favoarea Bibliei: cum ar putea fi pusa la \u00eendoiala credibilitatea Noului Testament, cand este sustinut de nu mai putin de 24.000 de manuscrise? Cum sa ne \u00eendoim de existenta lui Isus, cand autorii Evangheliei au consemnat cu deosebita acuratete atatea evenimente istorice?<\/p>\n<p>Cartea aceasta merita citit de orice om care se confrunta cu\u00eendoieli privind veridicitatea Bibliei, dar si de acei crestini care \u00eentampina dificultati \u00een situatiile \u00een care credinta lor este pusa sub semnul \u00eentrebarii din cauza fundamentarii ei pe o carte considerata de multi ca fiind greu de crezut.<\/p>\n","protected":false},"excerpt":{"rendered":"<p>Raspunsuri la 10 intrebari dificile Cuvant-inaint de Ravi Zacharias Cu tact, dar totodata convingatoare, Amy Orr-Ewing ne pune \u00eenainte o serie de argumente solide \u00een favoarea Bibliei: cum ar putea fi pusa la \u00eendoiala credibilitatea Noului Testament, cand este sustinut de nu mai putin de 24.000 de manuscrise? Cum sa ne \u00eendoim de existenta lui [&hellip;]<\/p>\n","protected":false},"featured_media":8996,"comment_status":"open","ping_status":"closed","template":"","meta":[],"product_brand":[],"product_cat":[32],"product_tag":[],"class_list":{"0":"post-3572","1":"product","2":"type-product","3":"status-publish","4":"has-post-thumbnail","6":"product_cat-apologetica","8":"first","9":"instock","10":"shipping-taxable","11":"purchasable","12":"product-type-simple"},"_links":{"self":[{"href":"https:\/\/dev.sbro.ro\/index.php?rest_route=\/wp\/v2\/product\/3572","targetHints":{"allow":["GET"]}}],"collection":[{"href":"https:\/\/dev.sbro.ro\/index.php?rest_route=\/wp\/v2\/product"}],"about":[{"href":"https:\/\/dev.sbro.ro\/index.php?rest_route=\/wp\/v2\/types\/product"}],"replies":[{"embeddable":true,"href":"https:\/\/dev.sbro.ro\/index.php?rest_route=%2Fwp%2Fv2%2Fcomments&post=3572"}],"wp:featuredmedia":[{"embeddable":true,"href":"https:\/\/dev.sbro.ro\/index.php?rest_route=\/wp\/v2\/media\/8996"}],"wp:attachment":[{"href":"https:\/\/dev.sbro.ro\/index.php?rest_route=%2Fwp%2Fv2%2Fmedia&parent=3572"}],"wp:term":[{"taxonomy":"product_brand","embeddable":true,"href":"https:\/\/dev.sbro.ro\/index.php?rest_route=%2Fwp%2Fv2%2Fproduct_brand&post=3572"},{"taxonomy":"product_cat","embeddable":true,"href":"https:\/\/dev.sbro.ro\/index.php?rest_route=%2Fwp%2Fv2%2Fproduct_cat&post=3572"},{"taxonomy":"product_tag","embeddable":true,"href":"https:\/\/dev.sbro.ro\/index.php?rest_route=%2Fwp%2Fv2%2Fproduct_tag&post=3572"}],"curies":[{"name":"wp","href":"https:\/\/api.w.org\/{rel}","templated":true}]}}