{"id":3574,"date":"2026-04-21T09:08:14","date_gmt":"2026-04-21T09:08:14","guid":{"rendered":"https:\/\/dev.sbro.ro\/?product=jocuri-biblice-pentru-copii"},"modified":"2026-04-21T09:08:14","modified_gmt":"2026-04-21T09:08:14","slug":"jocuri-biblice-pentru-copii","status":"publish","type":"product","link":"https:\/\/dev.sbro.ro\/?product=jocuri-biblice-pentru-copii","title":{"rendered":"Jocuri biblice pentru copii"},"content":{"rendered":"<p>Jocuri \u0219i activit\u0103\u021bi biblice pentru copii<\/p>\n<p>Cartea con\u0163ine zeci de jocuri \u015fi activit\u0103\u0163i cu teme biblice at\u00e2t din Noul, c\u00e2t \u015fi din Vechiul Testament.<br \/>\nCopiii au ocazia s\u0103-\u015fi testeze \u0219i s\u0103-\u0219i consolideze cuno\u015ftin\u0163ele biblice, dar \u015fi s\u0103 asimileze altele noi.<br \/>\nStructura c\u0103r\u0163ii p\u0103streaz\u0103 ordinea cronologic\u0103 a evenimentelor majore \u015fi a istoriei personajelor mai cunoscute din Scriptur\u0103, \u00eens\u0103 le ofer\u0103 copiilor \u015fi o imagine de ansamblu, f\u0103c\u00e2nd conexiuni \u00eentre personaje \u015fi istorisiri diverse.<br \/>\nJocurile \u015fi activit\u0103\u0163ile biblice pot fi un mod pl\u0103cut \u015fi distractiv de a acumula \u00eenv\u0103\u0163\u0103tur\u0103 biblic\u0103 s\u0103n\u0103toas\u0103.<\/p>\n","protected":false},"excerpt":{"rendered":"<p>Jocuri \u0219i activit\u0103\u021bi biblice pentru copii Cartea con\u0163ine zeci de jocuri \u015fi activit\u0103\u0163i cu teme biblice at\u00e2t din Noul, c\u00e2t \u015fi din Vechiul Testament. Copiii au ocazia s\u0103-\u015fi testeze \u0219i s\u0103-\u0219i consolideze cuno\u015ftin\u0163ele biblice, dar \u015fi s\u0103 asimileze altele noi. Structura c\u0103r\u0163ii p\u0103streaz\u0103 ordinea cronologic\u0103 a evenimentelor majore \u015fi a istoriei personajelor mai cunoscute din [&hellip;]<\/p>\n","protected":false},"featured_media":8998,"comment_status":"open","ping_status":"closed","template":"","meta":[],"product_brand":[],"product_cat":[35,13],"product_tag":[],"class_list":{"0":"post-3574","1":"product","2":"type-product","3":"status-publish","4":"has-post-thumbnail","6":"product_cat-copii","7":"product_cat-familie","9":"first","10":"instock","11":"shipping-taxable","12":"purchasable","13":"product-type-simple"},"_links":{"self":[{"href":"https:\/\/dev.sbro.ro\/index.php?rest_route=\/wp\/v2\/product\/3574","targetHints":{"allow":["GET"]}}],"collection":[{"href":"https:\/\/dev.sbro.ro\/index.php?rest_route=\/wp\/v2\/product"}],"about":[{"href":"https:\/\/dev.sbro.ro\/index.php?rest_route=\/wp\/v2\/types\/product"}],"replies":[{"embeddable":true,"href":"https:\/\/dev.sbro.ro\/index.php?rest_route=%2Fwp%2Fv2%2Fcomments&post=3574"}],"wp:featuredmedia":[{"embeddable":true,"href":"https:\/\/dev.sbro.ro\/index.php?rest_route=\/wp\/v2\/media\/8998"}],"wp:attachment":[{"href":"https:\/\/dev.sbro.ro\/index.php?rest_route=%2Fwp%2Fv2%2Fmedia&parent=3574"}],"wp:term":[{"taxonomy":"product_brand","embeddable":true,"href":"https:\/\/dev.sbro.ro\/index.php?rest_route=%2Fwp%2Fv2%2Fproduct_brand&post=3574"},{"taxonomy":"product_cat","embeddable":true,"href":"https:\/\/dev.sbro.ro\/index.php?rest_route=%2Fwp%2Fv2%2Fproduct_cat&post=3574"},{"taxonomy":"product_tag","embeddable":true,"href":"https:\/\/dev.sbro.ro\/index.php?rest_route=%2Fwp%2Fv2%2Fproduct_tag&post=3574"}],"curies":[{"name":"wp","href":"https:\/\/api.w.org\/{rel}","templated":true}]}}