{"id":3600,"date":"2026-04-21T09:08:17","date_gmt":"2026-04-21T09:08:17","guid":{"rendered":"https:\/\/dev.sbro.ro\/?product=abecedarul-crestin"},"modified":"2026-04-21T09:08:17","modified_gmt":"2026-04-21T09:08:17","slug":"abecedarul-crestin","status":"publish","type":"product","link":"https:\/\/dev.sbro.ro\/product\/abecedarul-crestin\/","title":{"rendered":"Abecedarul cre\u0219tin"},"content":{"rendered":"<p>\u00cen lumea cotidian\u0103 se vorbe\u0219te foarte mult despre cre\u0219tini \u0219i cre\u0219tinism autentic. De foarte multe ori, \u00eens\u0103, ceea ce auzim cu referire la ce \u00eenseamn\u0103 a fi cre\u0219tin este foarte diferit, \u00een func\u021bie de locul, genera\u021bia sau religia c\u0103reia \u00eei apar\u021bine purt\u0103torul de cuv\u00e2nt. Ce este de fapt cre\u0219tinismul \u0219i ce \u00eenseamn\u0103 a fi cre\u0219tin? Poate oricine s\u0103 fie cre\u0219tin \u0219i, dac\u0103 da, \u00een ce condi\u021bii? Cum se raporteaz\u0103 cre\u0219tinul la lucrurile \u0219i la situa\u021biile pe care le aduce tr\u0103irea cotidian\u0103? Acestea sunt c\u00e2teva din \u00eentreb\u0103rile la care \u00eencearc\u0103 s\u0103 r\u0103spund\u0103 aceast\u0103 carte. Pe parcursul acestei lucr\u0103ri, vom aborda unele teme care sunt relativ simple, dar care vrem s\u0103 fie tratate competent \u0219i pe \u00een\u021belesul fiec\u0103ruia. Astfel, n\u0103d\u0103jduim c\u0103 aceast\u0103 carte va fi bun\u0103 \u0219i de folos at\u00e2t pentru cre\u0219tinul care vrea s\u0103 se ad\u00e2nceasc\u0103 \u00een cunoa\u0219tere, c\u00e2t \u0219i pentru cei ce nu sunt credincio\u0219i sau sunt la \u00eenceputul vie\u021bii de credin\u021b\u0103 \u0219i vor s\u0103 cunoasc\u0103 mai bine \u0219i mai corect doctrina cre\u0219tin\u0103. De asemenea, vom aborda lucruri care p\u00e2n\u0103 acum nu au fost discutate oficial, \u00een mod deschis \u0219i constructiv, \u0219i vom \u00eencerca s\u0103 ne cre\u0103m o imagine biblic\u0103 \u0219i \u00een domeniile respective.<\/p>\n","protected":false},"excerpt":{"rendered":"<p>\u00cen lumea cotidian\u0103 se vorbe\u0219te foarte mult despre cre\u0219tini \u0219i cre\u0219tinism autentic. De foarte multe ori, \u00eens\u0103, ceea ce auzim cu referire la ce \u00eenseamn\u0103 a fi cre\u0219tin este foarte diferit, \u00een func\u021bie de locul, genera\u021bia sau religia c\u0103reia \u00eei apar\u021bine purt\u0103torul de cuv\u00e2nt. Ce este de fapt cre\u0219tinismul \u0219i ce \u00eenseamn\u0103 a fi cre\u0219tin? [&hellip;]<\/p>\n","protected":false},"featured_media":9024,"comment_status":"open","ping_status":"closed","template":"","meta":[],"product_brand":[],"product_cat":[10,18],"product_tag":[],"class_list":{"0":"post-3600","1":"product","2":"type-product","3":"status-publish","4":"has-post-thumbnail","6":"product_cat-editura-metanoia","7":"product_cat-viata-crestina","9":"first","10":"instock","11":"shipping-taxable","12":"purchasable","13":"product-type-simple"},"_links":{"self":[{"href":"https:\/\/dev.sbro.ro\/wp-json\/wp\/v2\/product\/3600","targetHints":{"allow":["GET"]}}],"collection":[{"href":"https:\/\/dev.sbro.ro\/wp-json\/wp\/v2\/product"}],"about":[{"href":"https:\/\/dev.sbro.ro\/wp-json\/wp\/v2\/types\/product"}],"replies":[{"embeddable":true,"href":"https:\/\/dev.sbro.ro\/wp-json\/wp\/v2\/comments?post=3600"}],"wp:featuredmedia":[{"embeddable":true,"href":"https:\/\/dev.sbro.ro\/wp-json\/wp\/v2\/media\/9024"}],"wp:attachment":[{"href":"https:\/\/dev.sbro.ro\/wp-json\/wp\/v2\/media?parent=3600"}],"wp:term":[{"taxonomy":"product_brand","embeddable":true,"href":"https:\/\/dev.sbro.ro\/wp-json\/wp\/v2\/product_brand?post=3600"},{"taxonomy":"product_cat","embeddable":true,"href":"https:\/\/dev.sbro.ro\/wp-json\/wp\/v2\/product_cat?post=3600"},{"taxonomy":"product_tag","embeddable":true,"href":"https:\/\/dev.sbro.ro\/wp-json\/wp\/v2\/product_tag?post=3600"}],"curies":[{"name":"wp","href":"https:\/\/api.w.org\/{rel}","templated":true}]}}