{"id":3606,"date":"2026-04-21T09:08:18","date_gmt":"2026-04-21T09:08:18","guid":{"rendered":"https:\/\/dev.sbro.ro\/?product=calatorie-ilustrata-in-noul-testament"},"modified":"2026-04-21T09:08:18","modified_gmt":"2026-04-21T09:08:18","slug":"calatorie-ilustrata-in-noul-testament","status":"publish","type":"product","link":"https:\/\/dev.sbro.ro\/product\/calatorie-ilustrata-in-noul-testament\/","title":{"rendered":"C\u0103l\u0103torie ilustrat\u0103 \u00een Noul Testament"},"content":{"rendered":"<p>Bun venit \u00een marea aventur\u0103 a citirii, a explor\u0103rii \u0219i a descoperirii Bibliei. Cau\u021bi aventur\u0103? E\u0219ti dornic s\u0103 descoperi Cuv\u00e2ntul lui Dumnezeu \u0219i s\u0103-l aplici \u00een via\u021ba ta? Atunci C\u0103l\u0103torie ilustrat\u0103 \u00een Noul Testament este creat\u0103 special pentru tine. Fiecare rubric\u0103 a C\u0103l\u0103toriei ilustrate \u00een Noul Testament este creat\u0103 pentru a te ini\u021bia \u00een mesajele \u0219i promisiunile minunate ale Cuv\u00e2ntului lui Dumnezeu.<\/p>\n<p>Cite\u0219te aceste explica\u021bii, iar apoi vei cunoa\u0219te cea mai bun\u0103 modalitate de a citi C\u0103l\u0103torie ilustrat\u0103 \u00een Noul Testament. Rubrici despre care ar trebui s\u0103 \u0219tii Cuvinte de aur Versetele-cheie din Biblie sunt marcate \u00een rubrica intitulat\u0103 \u201eCuvinte de aur\u201c. Aceste versete merit\u0103 s\u0103 fie memorate. Cea mai bun\u0103 modalitate de a tr\u0103i pentru Isus este s\u0103 ai Cuv\u00e2ntul Lui \u00een inima ta. \u00cencearc\u0103 s\u0103 memorezi aceste versete din rubric\u0103. \u0218tiai? Aceast\u0103 rubric\u0103 atrage aten\u021bia asupra numeroaselor lucruri mici, dar interesante, care se g\u0103sesc \u00een Biblie. \u00cenva\u021b\u0103-le pe toate \u0219i uime\u0219te-\u021bi p\u0103rin\u021bii, \u00eenv\u0103\u021b\u0103torii \u0219i prietenii cu vastele tale cuno\u0219tin\u021be din Biblie. Oameni din vremurile biblice Biblia este plin\u0103 de oameni minuna\u021bi. Probabil e\u0219ti foarte familiarizat cu unele dintre pove\u0219tile lor, dar s-ar putea s\u0103 nu fi auzit niciodat\u0103 de al\u021bii. \u201eOameni din vremurile biblice\u201c ajut\u0103 aceste personaje din via\u021ba real\u0103 \u0219i pove\u0219tile lor adev\u0103rate s\u0103 prind\u0103 via\u021b\u0103 pentru tine. Ar putea fi distractiv s\u0103 \u00eencerci s\u0103 te pui \u00een situa\u021bia lor. Tu ce ai face? Via\u021ba \u00een vremurile biblice Te \u00eentrebi vreodat\u0103 cum era via\u021ba \u00een vremea lui Isus, Ioan Botez\u0103torul, Pavel, Petru, Ioan? Ce m\u00e2ncau ei? Unde dormeau? Ce munceau? \u201eVia\u021ba \u00een vremurile biblice\u201c \u00ee\u021bi va spune \u0219i \u00ee\u021bi va ar\u0103ta!<\/p>\n<p>Fiecare rubric\u0103 minunat\u0103 de genul acesta include o imagine. Pune \u00een practic\u0103! Este important s\u0103 cite\u0219ti \u0219i s\u0103 memorezi Cuv\u00e2ntul lui Dumnezeu. Dar lucrul care conteaz\u0103 cu adev\u0103rat este s\u0103-l pui \u00een aplicare, l\u0103s\u00e2nd Biblia s\u0103-\u021bi influen\u021beze munca, jocul \u0219i via\u021ba. \u201ePune \u00een practic\u0103!\u201c \u00ee\u021bi spune ce crede Biblia despre via\u021ba ta CHIAR ACUM! Prezent\u0103rile c\u0103r\u021bilor Vei g\u0103si informa\u021bii de baz\u0103 despre o carte a Bibliei (cine a scris-o, unde a avut loc ac\u021biunea, de ce a fost scris\u0103) la \u00eenceputul fiec\u0103rei c\u0103r\u021bi. Prezentarea c\u0103r\u021bii \u00ee\u021bi va oferi \u0219i o list\u0103 cu \u00eent\u00e2mpl\u0103rile \u0219i \u00eenv\u0103\u021b\u0103turile biblice preferate pe care le po\u021bi g\u0103si \u00een cartea respectiv\u0103. De unde s\u0103 \u00eencep?<\/p>\n<p>Nu-\u021bi f\u0103 griji de unde s\u0103 \u00eencepi. \u00cencepe de oriunde. R\u0103sfoie\u0219te \u0219i vezi ce rubrici te intereseaz\u0103. Apoi \u00eencepe s\u0103 explorezi \u0219i s\u0103 cite\u0219ti at\u00e2t rubricile, c\u00e2t \u0219i textul Bibliei. Cite\u0219te C\u0103l\u0103torie ilustrat\u0103 \u00een Noul Testament \u00een fiecare zi pentru a \u00eencepe marea aventur\u0103 a tr\u0103irii pentru Isus! Not\u0103 pentru p\u0103rin\u021bi \u0219i \u00eenv\u0103\u021b\u0103tori: Rubricile speciale ale C\u0103l\u0103toriei ilustrat\u0103 \u00een Noul Testament pot fi folosite ca instrumente devo\u021bionale sau de \u00eenv\u0103\u021b\u0103tur\u0103 de c\u0103tre p\u0103rin\u021bi sau \u00eenv\u0103\u021b\u0103tori, dar, de asemenea, pot fi folosite pentru a-i \u00eencuraja pe copii s\u0103 exploreze singuri Biblia \u0219i s\u0103 aib\u0103 timpul lor de p\u0103rt\u0103\u0219ie cu Dumnezeu.<\/p>\n","protected":false},"excerpt":{"rendered":"<p>Bun venit \u00een marea aventur\u0103 a citirii, a explor\u0103rii \u0219i a descoperirii Bibliei. Cau\u021bi aventur\u0103? E\u0219ti dornic s\u0103 descoperi Cuv\u00e2ntul lui Dumnezeu \u0219i s\u0103-l aplici \u00een via\u021ba ta? Atunci C\u0103l\u0103torie ilustrat\u0103 \u00een Noul Testament este creat\u0103 special pentru tine. Fiecare rubric\u0103 a C\u0103l\u0103toriei ilustrate \u00een Noul Testament este creat\u0103 pentru a te ini\u021bia \u00een mesajele [&hellip;]<\/p>\n","protected":false},"featured_media":9030,"comment_status":"open","ping_status":"closed","template":"","meta":[],"product_brand":[],"product_cat":[74,61,35,81],"product_tag":[],"class_list":{"0":"post-3606","1":"product","2":"type-product","3":"status-publish","4":"has-post-thumbnail","6":"product_cat-biblii-pentru-copii","7":"product_cat-copii-editura-metanoia","8":"product_cat-copii","9":"product_cat-noul-testament","11":"first","12":"instock","13":"shipping-taxable","14":"purchasable","15":"product-type-simple"},"_links":{"self":[{"href":"https:\/\/dev.sbro.ro\/wp-json\/wp\/v2\/product\/3606","targetHints":{"allow":["GET"]}}],"collection":[{"href":"https:\/\/dev.sbro.ro\/wp-json\/wp\/v2\/product"}],"about":[{"href":"https:\/\/dev.sbro.ro\/wp-json\/wp\/v2\/types\/product"}],"replies":[{"embeddable":true,"href":"https:\/\/dev.sbro.ro\/wp-json\/wp\/v2\/comments?post=3606"}],"wp:featuredmedia":[{"embeddable":true,"href":"https:\/\/dev.sbro.ro\/wp-json\/wp\/v2\/media\/9030"}],"wp:attachment":[{"href":"https:\/\/dev.sbro.ro\/wp-json\/wp\/v2\/media?parent=3606"}],"wp:term":[{"taxonomy":"product_brand","embeddable":true,"href":"https:\/\/dev.sbro.ro\/wp-json\/wp\/v2\/product_brand?post=3606"},{"taxonomy":"product_cat","embeddable":true,"href":"https:\/\/dev.sbro.ro\/wp-json\/wp\/v2\/product_cat?post=3606"},{"taxonomy":"product_tag","embeddable":true,"href":"https:\/\/dev.sbro.ro\/wp-json\/wp\/v2\/product_tag?post=3606"}],"curies":[{"name":"wp","href":"https:\/\/api.w.org\/{rel}","templated":true}]}}