{"id":3649,"date":"2026-04-21T09:08:23","date_gmt":"2026-04-21T09:08:23","guid":{"rendered":"https:\/\/dev.sbro.ro\/?product=cina-domnului"},"modified":"2026-04-21T09:08:23","modified_gmt":"2026-04-21T09:08:23","slug":"cina-domnului","status":"publish","type":"product","link":"https:\/\/dev.sbro.ro\/?product=cina-domnului","title":{"rendered":"Cina Domnului"},"content":{"rendered":"<p>Cina cea de tain\u0103 Pe c\u00e2nd m\u00e2ncau ei, Isus a luat o p\u00e2ine; \u015fi dup\u0103 ce a binecuv\u00e2ntat, a fr\u00e2nt-o, \u015fi a dat-o ucenicilor, zic\u00e2nd: &#8220;Lua\u0163i, m\u00e2nca\u0163i; acesta este trupul Meu.&#8221; Apoi a luat un pahar, \u015fi, dup\u0103 ce a mul\u0163umit lui Dumnezeu, li l-a dat, zic\u00e2nd: &#8220;Be\u0163i to\u0163i din el; c\u0103ci acesta este s\u00e2ngele Meu, s\u00e2ngele leg\u0103m\u00e2ntului celui nou, care se vars\u0103 pentru mul\u0163i, spre iertarea p\u0103catelor. V\u0103 spun c\u0103, de acum \u00eencolo nu voi mai bea din acest rod al vi\u0163ei, p\u00e2n\u0103 \u00een ziua c\u00e2nd \u00eel voi bea cu voi nou \u00een \u00cemp\u0103r\u0103\u0163ia Tat\u0103lui Meu.&#8221; &#8211; Matei 26.26-29<\/p>\n","protected":false},"excerpt":{"rendered":"<p>Cina cea de tain\u0103 Pe c\u00e2nd m\u00e2ncau ei, Isus a luat o p\u00e2ine; \u015fi dup\u0103 ce a binecuv\u00e2ntat, a fr\u00e2nt-o, \u015fi a dat-o ucenicilor, zic\u00e2nd: &#8220;Lua\u0163i, m\u00e2nca\u0163i; acesta este trupul Meu.&#8221; Apoi a luat un pahar, \u015fi, dup\u0103 ce a mul\u0163umit lui Dumnezeu, li l-a dat, zic\u00e2nd: &#8220;Be\u0163i to\u0163i din el; c\u0103ci acesta este s\u00e2ngele [&hellip;]<\/p>\n","protected":false},"featured_media":9072,"comment_status":"open","ping_status":"closed","template":"","meta":[],"product_brand":[],"product_cat":[10,54],"product_tag":[],"class_list":{"0":"post-3649","1":"product","2":"type-product","3":"status-publish","4":"has-post-thumbnail","6":"product_cat-editura-metanoia","7":"product_cat-pastorale","9":"first","10":"instock","11":"shipping-taxable","12":"purchasable","13":"product-type-simple"},"_links":{"self":[{"href":"https:\/\/dev.sbro.ro\/index.php?rest_route=\/wp\/v2\/product\/3649","targetHints":{"allow":["GET"]}}],"collection":[{"href":"https:\/\/dev.sbro.ro\/index.php?rest_route=\/wp\/v2\/product"}],"about":[{"href":"https:\/\/dev.sbro.ro\/index.php?rest_route=\/wp\/v2\/types\/product"}],"replies":[{"embeddable":true,"href":"https:\/\/dev.sbro.ro\/index.php?rest_route=%2Fwp%2Fv2%2Fcomments&post=3649"}],"wp:featuredmedia":[{"embeddable":true,"href":"https:\/\/dev.sbro.ro\/index.php?rest_route=\/wp\/v2\/media\/9072"}],"wp:attachment":[{"href":"https:\/\/dev.sbro.ro\/index.php?rest_route=%2Fwp%2Fv2%2Fmedia&parent=3649"}],"wp:term":[{"taxonomy":"product_brand","embeddable":true,"href":"https:\/\/dev.sbro.ro\/index.php?rest_route=%2Fwp%2Fv2%2Fproduct_brand&post=3649"},{"taxonomy":"product_cat","embeddable":true,"href":"https:\/\/dev.sbro.ro\/index.php?rest_route=%2Fwp%2Fv2%2Fproduct_cat&post=3649"},{"taxonomy":"product_tag","embeddable":true,"href":"https:\/\/dev.sbro.ro\/index.php?rest_route=%2Fwp%2Fv2%2Fproduct_tag&post=3649"}],"curies":[{"name":"wp","href":"https:\/\/api.w.org\/{rel}","templated":true}]}}