{"id":3656,"date":"2026-04-21T09:08:24","date_gmt":"2026-04-21T09:08:24","guid":{"rendered":"https:\/\/dev.sbro.ro\/?product=dependent-de-har"},"modified":"2026-04-21T09:08:24","modified_gmt":"2026-04-21T09:08:24","slug":"dependent-de-har","status":"publish","type":"product","link":"https:\/\/dev.sbro.ro\/product\/dependent-de-har\/","title":{"rendered":"Dependent de har"},"content":{"rendered":"<p>Ce har s\u0103 pot deschide Cuv\u00e2ntul Ce har s\u0103 pot deschide Cuv\u00e2ntui \u015fi s\u0103 m\u0103 desf\u0103tez \u00een minunata Lege a Tal&#8230; P\u0103cat c\u0103 sunt doar clipe&#8230; Ce har s\u0103 pot \u00eengenunchia l\u00e2ng\u0103 tronul T\u0103u \u015fi s\u0103 primesc \u00eendurare!&#8230; P\u0103cat c\u0103 sunt doar clipe&#8230; Ce har s\u0103 pot frecventa Adunarea sfintilor \u015fi s\u0103 fiu \u00eemb\u0103rb\u0103tat prin fra\u0163ii \u015fi surorile de credin\u0163\u0103! P\u0103cat c\u0103 sunt doar clipe&#8230; Ce har s\u0103 pot contempla m\u0103re\u0163ia universului \u015fi s\u0103-mi amintesc zilnic de atotputernicia Ta! P\u0103cat c\u0103 sunt doar clipe&#8230; Ce har s\u0103 pot vedea cum se deap\u0103n\u0103 anotimpurile \u015fi s\u0103-mi aduc aminte de vremeinicia mea! P\u0103cat c\u0103 sunt doar clipe&#8230; C\u00e2nd ai v\u0103zut c\u0103 vreau mai mult dec\u00e2t aceste clipe Te-ai h\u0103t\u0103r\u00e2t s\u0103 strigi pe Golgota: \u201eS-a sf\u00e2r\u015fit!&#8221; Acum, m\u0103 a\u015ftep\u0163i \u00een cer s\u0103 \u00eemi spui: Aici nu mai sunt ani, luni, zile, dimine\u0163i sau seri, ore, minute, secunde&#8230; Aici nu mai sunt nici m\u0103car Clipe de Har. Aici este Harul!<\/p>\n","protected":false},"excerpt":{"rendered":"<p>Ce har s\u0103 pot deschide Cuv\u00e2ntul Ce har s\u0103 pot deschide Cuv\u00e2ntui \u015fi s\u0103 m\u0103 desf\u0103tez \u00een minunata Lege a Tal&#8230; P\u0103cat c\u0103 sunt doar clipe&#8230; Ce har s\u0103 pot \u00eengenunchia l\u00e2ng\u0103 tronul T\u0103u \u015fi s\u0103 primesc \u00eendurare!&#8230; P\u0103cat c\u0103 sunt doar clipe&#8230; Ce har s\u0103 pot frecventa Adunarea sfintilor \u015fi s\u0103 fiu \u00eemb\u0103rb\u0103tat prin [&hellip;]<\/p>\n","protected":false},"featured_media":9079,"comment_status":"open","ping_status":"closed","template":"","meta":[],"product_brand":[],"product_cat":[62,39],"product_tag":[],"class_list":{"0":"post-3656","1":"product","2":"type-product","3":"status-publish","4":"has-post-thumbnail","6":"product_cat-poezii-editura-metanoia","7":"product_cat-poezii","9":"first","10":"instock","11":"shipping-taxable","12":"purchasable","13":"product-type-simple"},"_links":{"self":[{"href":"https:\/\/dev.sbro.ro\/wp-json\/wp\/v2\/product\/3656","targetHints":{"allow":["GET"]}}],"collection":[{"href":"https:\/\/dev.sbro.ro\/wp-json\/wp\/v2\/product"}],"about":[{"href":"https:\/\/dev.sbro.ro\/wp-json\/wp\/v2\/types\/product"}],"replies":[{"embeddable":true,"href":"https:\/\/dev.sbro.ro\/wp-json\/wp\/v2\/comments?post=3656"}],"wp:featuredmedia":[{"embeddable":true,"href":"https:\/\/dev.sbro.ro\/wp-json\/wp\/v2\/media\/9079"}],"wp:attachment":[{"href":"https:\/\/dev.sbro.ro\/wp-json\/wp\/v2\/media?parent=3656"}],"wp:term":[{"taxonomy":"product_brand","embeddable":true,"href":"https:\/\/dev.sbro.ro\/wp-json\/wp\/v2\/product_brand?post=3656"},{"taxonomy":"product_cat","embeddable":true,"href":"https:\/\/dev.sbro.ro\/wp-json\/wp\/v2\/product_cat?post=3656"},{"taxonomy":"product_tag","embeddable":true,"href":"https:\/\/dev.sbro.ro\/wp-json\/wp\/v2\/product_tag?post=3656"}],"curies":[{"name":"wp","href":"https:\/\/api.w.org\/{rel}","templated":true}]}}