{"id":3669,"date":"2026-04-21T09:08:26","date_gmt":"2026-04-21T09:08:26","guid":{"rendered":"https:\/\/dev.sbro.ro\/?product=calatoria-contra-curentului"},"modified":"2026-04-21T09:08:26","modified_gmt":"2026-04-21T09:08:26","slug":"calatoria-contra-curentului","status":"publish","type":"product","link":"https:\/\/dev.sbro.ro\/product\/calatoria-contra-curentului\/","title":{"rendered":"Calatoria contra curentului"},"content":{"rendered":"<p>Rose s-a n\u0103scut \u00een Ungaria, p\u0103rin\u021bii erau evrei \u00eenst\u0103ri\u021bi. A studiat arta, muzica \u0219i dansul \u00een Budapesta \u0219i Viena. \u00cen anii 1930 odata cu ridicarea nazismului a crescut si antisemitismul. Evreii au fost obliga\u021bi s\u0103 poarte steaua galben\u0103, au fost da\u021bi afar\u0103 din servicii, din locuin\u021bele lor.<br \/>\nA fost un \u0219oc pentru intreaga familie c\u00e2nd fratele lui Rose a fost deportat intr-un lag\u0103r. Nu se prea \u0219tia ce inseamn\u0103 asta, dar se auzeau zvonuri \u00eengrozitoare. Tat\u0103l lui Rose nu a rezistat \u0219ocului, a f\u0103cut infarct \u0219i a murit. Moartea tatalui a fost zdrobitoare pentru Rose. La sfatul so\u021bului ei s-a apucat de spiritism in cautarea vie\u021bii de dupa moarte, dar \u00een loc sa g\u0103seasc\u0103 pacea, s-a trezit stap\u00e2nit\u0103 \u0219i torturat\u0103 de spirite. Mai mult, tot acum afl\u0103 despre \u0219irul de infidelit\u0103\u021bi ale so\u021bului.<br \/>\nRose caut\u0103 m\u00e2ng\u00e2iere \u0219i sprijin \u00een Biblia ei evreiasc\u0103. Cite\u0219te cu \u00eenfrigurare de c\u00e2teva ori Cartea Iov, Cartea Psalmilor, dar nu pricepe mai nimic. Ce bine ar fi s\u0103 g\u0103seasc\u0103 pe cineva s\u0103 o ajute s\u0103 \u00een\u021beleag\u0103 Biblia. Cineva \u00eei spune c\u0103 \u00een apropiere este o biseric\u0103 unde se fac s\u0103pt\u0103m\u00e2nal studii biblice. Merge la biseric\u0103 \u0219i este fascinat\u0103 de mesajul unui misionar american. Vorbea despre Mesia al evreilor! Explica profe\u021bii din Vechiul Testament \u0219i \u00eemplinirea lor \u00een Noul Testament. La sf\u00e2r\u0219itul \u00eent\u00e2lnirii Rose merse direct la domnul Miller, vorbitorul, \u0219i spre marea ei bucurie acesta \u0219i so\u021bia lui, acceptar\u0103 s\u0103 se \u00eent\u00e2lneasc\u0103 cu ea regulat \u0219i s\u0103 discute din Biblie.<br \/>\nLa \u00eent\u00e2lnirile cu familia Miller, Rose g\u0103sea r\u0103spuns la multele ei \u00eentreb\u0103ri. Cerceta Biblia \u0219i acas\u0103 \u00een cautarea adev\u0103rului. Dup\u0103 ce a citit Evanghelia dup\u0103 Ioan \u0219i-a \u00eencredin\u021bat via\u021ba Domnului. Na\u0219terea din nou a adus o imens\u0103 bucurie \u00een via\u021ba ei. A spus familiei Miller \u201eacum sunt oaie \u00een Turma Bunului P\u0103stor \u0219i nu pot \u021bine asta doar pentru mine. Merg sa spun fra\u021bilor mei evrei despre Mesia.\u201d Situa\u021bia evreilor \u00een Ungaria era tot mai grea cu fiecare zi. Oamenii erau dispera\u021bi.<br \/>\nHitler ocup\u0103 Ungaria \u0219i \u00een mai 1944 \u00eencepu deportarea evreilor. La inceput Rose g\u0103si ad\u0103post la prieteni dar situatia era tot mai complicat\u0103. \u00centr-o zi fu luat\u0103 de ofi\u021berii SS \u0219i transportat\u0103 al\u0103turi de alti evrei la Auschwitz. Privi prezen\u021ba ei la Auschwitz ca planul lui Dumnezeu pentru via\u021ba ei. \u00cen ciuda ororilor din jur, a torturilor, a condi\u021biilor inumane avea pace. \u0218tia c\u0103 Domnul este acolo. Nu \u00eei era fric\u0103 de moarte, moartea era pentru ea doar trecerea spre \u00eent\u00e2lnirea fa\u021b\u0103 \u00een fa\u021b\u0103 cu Salvatorul. Rose folosea fiecare moment ca s\u0103 vorbeasca celor de l\u00e2ng\u0103 ea despre m\u00e2ntuirea prin Isus, Mesia.<br \/>\nSl\u0103bit\u0103, aproape de moarte, Rose a fost printre supravie\u021buitorii g\u0103si\u021bi de solda\u021bii americani care au eliberat lag\u0103rul. Dup\u0103 un timp de refacere in familia sorei ei din Cehoslovacia, Domnul o trimite pe Rose la supravie\u021buitorii Holocaustului. In pofida s\u0103r\u0103ciei cumplite de dup\u0103 r\u0103zboi Domnul \u00eei poart\u0103 de grij\u0103 \u0219i \u00eei poate ajuta cu alimente, \u00eembr\u0103c\u0103minte, Nou Testamente \u00een limba ebraica.<br \/>\nDar comuni\u0219tii ajun\u0219i la putere in Cehoslovacia, interzic producerea \u0219i distribuirea de literatur\u0103 cre\u0219tin\u0103. Mul\u021bi evrei de aici pleac\u0103 \u00een Israel. Rose \u0219tie c\u0103 Dumnezeu dore\u0219te ca ea s\u0103 spun\u0103 evreilor despre Mesia M\u00e2ntuitorul. \u00cen 1950 emigreaz\u0103 \u00een Israel. Rose a m\u0103rturisit pe Mesia \u00een \u0219colile noi din Israel, \u00een chibu\u021buri \u0219i a fost o binecuv\u00e2ntare pentru mul\u021bi.<\/p>\n","protected":false},"excerpt":{"rendered":"<p>Rose s-a n\u0103scut \u00een Ungaria, p\u0103rin\u021bii erau evrei \u00eenst\u0103ri\u021bi. A studiat arta, muzica \u0219i dansul \u00een Budapesta \u0219i Viena. \u00cen anii 1930 odata cu ridicarea nazismului a crescut si antisemitismul. Evreii au fost obliga\u021bi s\u0103 poarte steaua galben\u0103, au fost da\u021bi afar\u0103 din servicii, din locuin\u021bele lor. A fost un \u0219oc pentru intreaga familie c\u00e2nd [&hellip;]<\/p>\n","protected":false},"featured_media":9092,"comment_status":"open","ping_status":"closed","template":"","meta":[],"product_brand":[],"product_cat":[20],"product_tag":[],"class_list":{"0":"post-3669","1":"product","2":"type-product","3":"status-publish","4":"has-post-thumbnail","6":"product_cat-biografii-eseuri-marturii","8":"first","9":"instock","10":"shipping-taxable","11":"purchasable","12":"product-type-simple"},"_links":{"self":[{"href":"https:\/\/dev.sbro.ro\/wp-json\/wp\/v2\/product\/3669","targetHints":{"allow":["GET"]}}],"collection":[{"href":"https:\/\/dev.sbro.ro\/wp-json\/wp\/v2\/product"}],"about":[{"href":"https:\/\/dev.sbro.ro\/wp-json\/wp\/v2\/types\/product"}],"replies":[{"embeddable":true,"href":"https:\/\/dev.sbro.ro\/wp-json\/wp\/v2\/comments?post=3669"}],"wp:featuredmedia":[{"embeddable":true,"href":"https:\/\/dev.sbro.ro\/wp-json\/wp\/v2\/media\/9092"}],"wp:attachment":[{"href":"https:\/\/dev.sbro.ro\/wp-json\/wp\/v2\/media?parent=3669"}],"wp:term":[{"taxonomy":"product_brand","embeddable":true,"href":"https:\/\/dev.sbro.ro\/wp-json\/wp\/v2\/product_brand?post=3669"},{"taxonomy":"product_cat","embeddable":true,"href":"https:\/\/dev.sbro.ro\/wp-json\/wp\/v2\/product_cat?post=3669"},{"taxonomy":"product_tag","embeddable":true,"href":"https:\/\/dev.sbro.ro\/wp-json\/wp\/v2\/product_tag?post=3669"}],"curies":[{"name":"wp","href":"https:\/\/api.w.org\/{rel}","templated":true}]}}