{"id":3688,"date":"2026-04-21T09:08:28","date_gmt":"2026-04-21T09:08:28","guid":{"rendered":"https:\/\/dev.sbro.ro\/?product=in-gratiile-ei-vol-2-seria-plantatia-belle-meade"},"modified":"2026-04-21T09:08:28","modified_gmt":"2026-04-21T09:08:28","slug":"in-gratiile-ei-vol-2-seria-plantatia-belle-meade","status":"publish","type":"product","link":"https:\/\/dev.sbro.ro\/product\/in-gratiile-ei-vol-2-seria-plantatia-belle-meade\/","title":{"rendered":"In gratiile ei &#8211; vol. 2 Seria: Plantatia Belle Meade"},"content":{"rendered":"<p>Ea e un jocheu \u00eenn\u0103scut \u00eentr-o lume \u00een care femeilor le este interzis s\u0103 participe la cursele de cai, dar Maggie Linden e convins\u0103 c\u0103 \u00ee\u0219i va face calul campion. \u00cens\u0103 singurul om care ar putea s\u0103 o ajute a jurat s\u0103 nu se mai apropie vreodat\u0103 de hipodrom.<\/p>\n<p>Cullen McGrath, un irlandez pribeag aflat departe de cas\u0103, a fost nevoit s\u0103 lase \u00een urm\u0103 avantajele unei vie\u021bi prospere \u00een Anglia din pricina unui scandal legat de un cal purs\u00e2nge, care aproape i-a distrus via\u021ba. Ajuns \u00een Nashville, unde vrea s\u0103 o ia de la cap\u0103t, sper\u0103 s\u0103 poat\u0103 cump\u0103ra p\u0103m\u00e2nt \u0219i s\u0103 devin\u0103 fermier, dar e hot\u0103r\u00e2t s\u0103 nu se mai apropie nicic\u00e2nd de cursele de cai. \u00cens\u0103 noul \u00eenceput la care r\u00e2vne\u0219te se dovede\u0219te un vis greu de \u00eemplinit, mai ales atunci c\u00e2nd tat\u0103l lui Maggie Linden \u00eei face o ofert\u0103 pe care \u0219tie c\u0103 nu ar trebui s\u0103 o accepte \u0219i totu\u0219i \u00eei este imposibil s\u0103 o refuze.<\/p>\n<p>Maggie este convins\u0103 c\u0103 iapa ei, Bourbon Belle, poate s\u0103 c\u00e2\u0219tige cursa inaugural\u0103 Peyton, cea mai important\u0103 \u00eentrecere de cai ce s-a \u021binut vreodat\u0103 \u00een America \u0219i cu cel mai mare premiu. Dar Maggie are nevoie s\u0103 i se ofere \u0219ansa s\u0103 demonstreze acest lucru. Ca s-o ajute \u2013 dar \u0219i pentru a evita s\u0103 le fie scos conacul, Linden Downs, la licita\u021bie \u2013 tat\u0103l lui Maggie, b\u0103tr\u00e2n, dar foarte prev\u0103z\u0103tor, pune la cale un t\u00e2rg mai aparte. Propunerea lui con\u021bine un detaliu oarecum problematic \u2013 Maggie trebuie s\u0103 ia de so\u021b un om pe care abia dac\u0103-l v\u0103zuse la fa\u021b\u0103. Un b\u0103rbat pe care ea nu l-ar fi ales niciodat\u0103.<\/p>\n","protected":false},"excerpt":{"rendered":"<p>Ea e un jocheu \u00eenn\u0103scut \u00eentr-o lume \u00een care femeilor le este interzis s\u0103 participe la cursele de cai, dar Maggie Linden e convins\u0103 c\u0103 \u00ee\u0219i va face calul campion. \u00cens\u0103 singurul om care ar putea s\u0103 o ajute a jurat s\u0103 nu se mai apropie vreodat\u0103 de hipodrom. Cullen McGrath, un irlandez pribeag aflat [&hellip;]<\/p>\n","protected":false},"featured_media":9111,"comment_status":"open","ping_status":"closed","template":"","meta":[],"product_brand":[],"product_cat":[31],"product_tag":[],"class_list":{"0":"post-3688","1":"product","2":"type-product","3":"status-publish","4":"has-post-thumbnail","6":"product_cat-romane","8":"first","9":"instock","10":"shipping-taxable","11":"purchasable","12":"product-type-simple"},"_links":{"self":[{"href":"https:\/\/dev.sbro.ro\/wp-json\/wp\/v2\/product\/3688","targetHints":{"allow":["GET"]}}],"collection":[{"href":"https:\/\/dev.sbro.ro\/wp-json\/wp\/v2\/product"}],"about":[{"href":"https:\/\/dev.sbro.ro\/wp-json\/wp\/v2\/types\/product"}],"replies":[{"embeddable":true,"href":"https:\/\/dev.sbro.ro\/wp-json\/wp\/v2\/comments?post=3688"}],"wp:featuredmedia":[{"embeddable":true,"href":"https:\/\/dev.sbro.ro\/wp-json\/wp\/v2\/media\/9111"}],"wp:attachment":[{"href":"https:\/\/dev.sbro.ro\/wp-json\/wp\/v2\/media?parent=3688"}],"wp:term":[{"taxonomy":"product_brand","embeddable":true,"href":"https:\/\/dev.sbro.ro\/wp-json\/wp\/v2\/product_brand?post=3688"},{"taxonomy":"product_cat","embeddable":true,"href":"https:\/\/dev.sbro.ro\/wp-json\/wp\/v2\/product_cat?post=3688"},{"taxonomy":"product_tag","embeddable":true,"href":"https:\/\/dev.sbro.ro\/wp-json\/wp\/v2\/product_tag?post=3688"}],"curies":[{"name":"wp","href":"https:\/\/api.w.org\/{rel}","templated":true}]}}