{"id":3698,"date":"2026-04-21T09:08:30","date_gmt":"2026-04-21T09:08:30","guid":{"rendered":"https:\/\/dev.sbro.ro\/?product=1-si-2-tesaloniceni-ghid-de-studiu"},"modified":"2026-04-21T09:08:30","modified_gmt":"2026-04-21T09:08:30","slug":"1-si-2-tesaloniceni-ghid-de-studiu","status":"publish","type":"product","link":"https:\/\/dev.sbro.ro\/product\/1-si-2-tesaloniceni-ghid-de-studiu\/","title":{"rendered":"1 si 2 Tesaloniceni &#8211; ghid de studiu"},"content":{"rendered":"<p>Ghidul se dore\u015fte a fi o resurs\u0103 pentru to\u0163i cei care doresc s\u0103 studieze Epistolele lui Pavel c\u0103tre Tesaloniceni Cuprins Lec\u0163ia 1 1 Tesaloniceni 1:1\u201310 Temelia bisericii din Tesalonic \u2013 credin\u0163a, dragostea \u015fi n\u0103dejdea Lec\u0163ia 2 1 Tesaloniceni 2:1\u201320 Via\u0163a lui Pavel \u2013 \u00eendemn la o tr\u0103ire \u201evrednic\u0103 de Dumnezeu\u201d Lec\u0163ia 3 1 Tesaloniceni 3:1\u201311 Sta\u021bi tari \u00een credin\u021b\u0103! Lec\u0163ia 4 1 Tesaloniceni 3:12\u20134:12 Spori\u021bi tot mai mult \u00een dragoste! Lec\u0163ia 5 1 Tesaloniceni 4:13\u201318 M\u00e2ng\u00e2ia\u021bi-v\u0103 unii pe al\u021bii \u00een n\u0103dejde! Lec\u0163ia 6 1 Tesaloniceni 5:1\u201311 Tr\u0103i\u021bi ca fii ai luminii! Lec\u0163ia 7 1 Tesaloniceni 5:12\u201315 Cinsti\u021bi pe cei ce se ostenesc \u00eentre voi! Lec\u0163ia 8 1 Tesaloniceni 5:16\u201318 Bucura\u0163i-v\u0103, ruga\u0163i-v\u0103 \u0219i mul\u0163umi\u0163i lui Dumnezeu pentru toate lucrurile! Lec\u0163ia 9 1 Tesaloniceni 5:19\u201322 Nu stinge\u0163i Duhul, nu dispre\u0163ui\u0163i prorociile, ci cerceta\u0163i totul \u015fi feri\u0163i-v\u0103 de orice vi se pare r\u0103u! Lec\u0163ia 10 2 Tesaloniceni 1:1\u201312 Ne rug\u0103m s\u0103 fi\u021bi g\u0103si\u021bi vrednici la venirea lui Hristos. Lec\u0163ia 11 2 Tesaloniceni 2:1\u201312 Venirea lui Hristos s\u0103 fie un \u00eendemn la veghere nu la specula\u021bii! Lec\u0163ia 12 2 Tesaloniceni 2:13\u201317 R\u0103m\u00e2ne\u0163i tari \u015fi \u0163ine\u0163i \u00eenv\u0103\u0163\u0103turile, pe care le-a\u0163i primit. Lec\u0163ia 13 2 Tesaloniceni 3:1\u20135 Ruga\u021bi-v\u0103 pentru l\u0103rgirea \u00cemp\u0103r\u0103\u021biei lui Dumnezeu! Lec\u0163ia 14 2 Tesaloniceni 3:6\u201315 S\u0103 v\u0103 dep\u0103rta\u0163i de orice frate care tr\u0103ie\u015fte \u00een neor\u00e2nduial\u0103! Lec\u0163ia 15 2 Tesaloniceni 3:16\u201318 Domnul p\u0103cii s\u0103 v\u0103 dea totdeauna pacea, \u00een orice fel. Lec\u0163ia 16 1 \u015fi 2 Tesaloniceni Escatologia \u00een epistolele lui Pavel c\u0103tre Tesaloniceni<\/p>\n","protected":false},"excerpt":{"rendered":"<p>Ghidul se dore\u015fte a fi o resurs\u0103 pentru to\u0163i cei care doresc s\u0103 studieze Epistolele lui Pavel c\u0103tre Tesaloniceni Cuprins Lec\u0163ia 1 1 Tesaloniceni 1:1\u201310 Temelia bisericii din Tesalonic \u2013 credin\u0163a, dragostea \u015fi n\u0103dejdea Lec\u0163ia 2 1 Tesaloniceni 2:1\u201320 Via\u0163a lui Pavel \u2013 \u00eendemn la o tr\u0103ire \u201evrednic\u0103 de Dumnezeu\u201d Lec\u0163ia 3 1 Tesaloniceni 3:1\u201311 [&hellip;]<\/p>\n","protected":false},"featured_media":9121,"comment_status":"open","ping_status":"closed","template":"","meta":[],"product_brand":[],"product_cat":[40],"product_tag":[],"class_list":{"0":"post-3698","1":"product","2":"type-product","3":"status-publish","4":"has-post-thumbnail","6":"product_cat-studiu-biblic","8":"first","9":"outofstock","10":"shipping-taxable","11":"purchasable","12":"product-type-simple"},"_links":{"self":[{"href":"https:\/\/dev.sbro.ro\/wp-json\/wp\/v2\/product\/3698","targetHints":{"allow":["GET"]}}],"collection":[{"href":"https:\/\/dev.sbro.ro\/wp-json\/wp\/v2\/product"}],"about":[{"href":"https:\/\/dev.sbro.ro\/wp-json\/wp\/v2\/types\/product"}],"replies":[{"embeddable":true,"href":"https:\/\/dev.sbro.ro\/wp-json\/wp\/v2\/comments?post=3698"}],"wp:featuredmedia":[{"embeddable":true,"href":"https:\/\/dev.sbro.ro\/wp-json\/wp\/v2\/media\/9121"}],"wp:attachment":[{"href":"https:\/\/dev.sbro.ro\/wp-json\/wp\/v2\/media?parent=3698"}],"wp:term":[{"taxonomy":"product_brand","embeddable":true,"href":"https:\/\/dev.sbro.ro\/wp-json\/wp\/v2\/product_brand?post=3698"},{"taxonomy":"product_cat","embeddable":true,"href":"https:\/\/dev.sbro.ro\/wp-json\/wp\/v2\/product_cat?post=3698"},{"taxonomy":"product_tag","embeddable":true,"href":"https:\/\/dev.sbro.ro\/wp-json\/wp\/v2\/product_tag?post=3698"}],"curies":[{"name":"wp","href":"https:\/\/api.w.org\/{rel}","templated":true}]}}