{"id":3710,"date":"2026-04-21T09:08:31","date_gmt":"2026-04-21T09:08:31","guid":{"rendered":"https:\/\/dev.sbro.ro\/?product=biblia-micilor-exploratori"},"modified":"2026-04-21T09:08:31","modified_gmt":"2026-04-21T09:08:31","slug":"biblia-micilor-exploratori","status":"publish","type":"product","link":"https:\/\/dev.sbro.ro\/product\/biblia-micilor-exploratori\/","title":{"rendered":"Biblia micilor exploratori"},"content":{"rendered":"<p>Pe locuri, fi\u021bi gata, c\u0103uta\u021bi! Biblia micilor exploratori \u00ee\u0219i \u00eent\u00e2mpin\u0103 cititorii cu 22 dintre cele mai faimoase povestiri biblice. Copiii vor fi deplin absorbi\u021bi de fiecare povestire, \u00eentruc\u00e2t trebuie s\u0103 g\u0103seasc\u0103 peste 190 de obiecte diferite. Paginile viu colorate \u0219i atr\u0103g\u0103tor ilustrate ale acestei Biblii fac din ea o carte \u00eendr\u0103git\u0103 de micu\u021bii cititori care sunt st\u00e2rni\u021bi s\u0103-i deslu\u0219easc\u0103 tainele<\/p>\n","protected":false},"excerpt":{"rendered":"<p>Pe locuri, fi\u021bi gata, c\u0103uta\u021bi! Biblia micilor exploratori \u00ee\u0219i \u00eent\u00e2mpin\u0103 cititorii cu 22 dintre cele mai faimoase povestiri biblice. Copiii vor fi deplin absorbi\u021bi de fiecare povestire, \u00eentruc\u00e2t trebuie s\u0103 g\u0103seasc\u0103 peste 190 de obiecte diferite. Paginile viu colorate \u0219i atr\u0103g\u0103tor ilustrate ale acestei Biblii fac din ea o carte \u00eendr\u0103git\u0103 de micu\u021bii cititori care [&hellip;]<\/p>\n","protected":false},"featured_media":9133,"comment_status":"open","ping_status":"closed","template":"","meta":[],"product_brand":[],"product_cat":[74],"product_tag":[],"class_list":{"0":"post-3710","1":"product","2":"type-product","3":"status-publish","4":"has-post-thumbnail","6":"product_cat-biblii-pentru-copii","8":"first","9":"instock","10":"shipping-taxable","11":"purchasable","12":"product-type-simple"},"_links":{"self":[{"href":"https:\/\/dev.sbro.ro\/wp-json\/wp\/v2\/product\/3710","targetHints":{"allow":["GET"]}}],"collection":[{"href":"https:\/\/dev.sbro.ro\/wp-json\/wp\/v2\/product"}],"about":[{"href":"https:\/\/dev.sbro.ro\/wp-json\/wp\/v2\/types\/product"}],"replies":[{"embeddable":true,"href":"https:\/\/dev.sbro.ro\/wp-json\/wp\/v2\/comments?post=3710"}],"wp:featuredmedia":[{"embeddable":true,"href":"https:\/\/dev.sbro.ro\/wp-json\/wp\/v2\/media\/9133"}],"wp:attachment":[{"href":"https:\/\/dev.sbro.ro\/wp-json\/wp\/v2\/media?parent=3710"}],"wp:term":[{"taxonomy":"product_brand","embeddable":true,"href":"https:\/\/dev.sbro.ro\/wp-json\/wp\/v2\/product_brand?post=3710"},{"taxonomy":"product_cat","embeddable":true,"href":"https:\/\/dev.sbro.ro\/wp-json\/wp\/v2\/product_cat?post=3710"},{"taxonomy":"product_tag","embeddable":true,"href":"https:\/\/dev.sbro.ro\/wp-json\/wp\/v2\/product_tag?post=3710"}],"curies":[{"name":"wp","href":"https:\/\/api.w.org\/{rel}","templated":true}]}}