{"id":3713,"date":"2026-04-21T09:08:31","date_gmt":"2026-04-21T09:08:31","guid":{"rendered":"https:\/\/dev.sbro.ro\/?product=spre-etica-vechiului-testament"},"modified":"2026-04-21T09:08:31","modified_gmt":"2026-04-21T09:08:31","slug":"spre-etica-vechiului-testament","status":"publish","type":"product","link":"https:\/\/dev.sbro.ro\/product\/spre-etica-vechiului-testament\/","title":{"rendered":"Spre Etica Vechiului Testament"},"content":{"rendered":"<p>Etica biblic\u0103 reprezint\u0103 un subiect care a fost neglijat aproape cu totul \u00een acest secol. \u00cen ultimii o sut\u0103 de ani au existat doar opt autori care au scris lucr\u0103ri majore despre etica Vechiului Testament, \u0219i numai dou\u0103 dintre aceste lucr\u0103ri, ambele scrise \u00eenainte de anul 1900, sunt \u00een limba englez\u0103. Aceast\u0103 lips\u0103 de material despre etica Vechiului Testament ne face s\u0103 apreciem cu at\u00e2t mai mult semnifica\u021bia c\u0103r\u021bii Spre etica Vechiului Testament scris\u0103 de Walter Kaiser. Dr. Kaiser nu-\u0219i imagineaz\u0103 c\u0103 ne poate oferi o solu\u021bie simpl\u0103 la problema eticii Vechiului Testament. Cunosc\u00e2nd complexitatea acestui subiect, el \u00ee\u0219i \u00eencepe lucrarea ridic\u00e2nd \u00een prima parte \u00eentreb\u0103ri precum urm\u0103toarele: Cum poate fi definit\u0103 etica? Exist\u0103 oare o structur\u0103 coagulant\u0103 a eticii Vechiului Testament sau avem de-a face doar cu o serie de legi f\u0103r\u0103 vreo leg\u0103tur\u0103 \u00eentre ele? S\u0103 aib\u0103 oare etica Vechiului Testament vreo relevan\u021b\u0103 pentru noi, cei de azi? Care sunt principiile exegetice pe care trebuie s\u0103 le aplic\u0103m \u00een studiul eticii Vechiului Testament? Partea a II-a examineaz\u0103 textele morale ale Vechiului Testament, \u00een principal Decalogul, Cartea Leg\u0103m\u00e2ntului (Exodul 20:22-23:33) \u0219i legea sfin\u021beniei (Leviticul 18-20). Dr. Kaiser dezv\u0103luie inten\u021bia acestor legi, ar\u0103t\u00e2nd cum se rela\u021bioneaz\u0103 \u00eentre ele pentru a forma un cadru etic. Partea a III-a exploreaz\u0103 con\u021binutul eticii Vechiului Testament, \u00een special modul \u00een care sfin\u021benia se aplic\u0103 la \u00eenchinare, munc\u0103, rela\u021bii, dreptate social\u0103, sanctitatea vie\u021bii, c\u0103s\u0103torie \u0219i rela\u021bii sexuale, bog\u0103\u021bie, \u00eentrebuin\u021barea adev\u0103rului \u0219i motive pentru a ac\u021biona \u00eentr-o anumit\u0103 privin\u021b\u0103. Dificult\u0103\u021bile morale din Vechiul Testament \u00eei fac pe cei mai mul\u021bi s\u0103-\u0219i pun\u0103 anumite \u00eentreb\u0103ri atunci c\u00e2nd ajung s\u0103 studieze aceste c\u0103r\u021bi. Cum s\u0103 ne raport\u0103m noi la Dumnezeul care uneori pare s\u0103 fie nestatornic, \u00een\u0219el\u0103tor \u0219i plin de ur\u0103? Cum putem s\u0103 promov\u0103m punctul de vedere ofensator despre femei \u0219i sclavie, particularitatea alegerii de c\u0103tre Dumnezeu a evreilor \u0219i blestemele care apar din c\u00e2nd \u00een c\u00e2nd \u00een textele biblice? R\u0103spunsurile la aceste \u00eentreb\u0103ri \u0219i la alte probleme complicate sunt date \u00een Partea a VI-a. Cartea de fa\u021b\u0103 se \u00eencheie cu o discu\u021bie despre legea Vechiului Testament \u0219i credincio\u0219ii Noului Testament. Dr. Kaiser arat\u0103 cum aceste legi, scrise cu mii de ani \u00een urm\u0103, \u00eei provoac\u0103 \u0219i ast\u0103zi pe copiii lui Dumnezeu s\u0103 tr\u0103iasc\u0103 vie\u021bi de sfin\u021benie. WALTER C. KAISER, JR. (Ph.D., Brandeis) este decan, profesor de Vechiul Testament \u0219i limbi semitice \u0219i vicepre\u0219edinte la Trinity Evangelical Divinity School. A scris numeroase c\u0103r\u021bi, inclusiv celelalte volume din seria \u201eSpre\u201d ap\u0103rute la Editura F\u0103clia: Spre o teologie exegetic\u0103, Spre redescoperirea Vechiului Testament \u0219i Spre etica Vechiului Testament.<\/p>\n","protected":false},"excerpt":{"rendered":"<p>Etica biblic\u0103 reprezint\u0103 un subiect care a fost neglijat aproape cu totul \u00een acest secol. \u00cen ultimii o sut\u0103 de ani au existat doar opt autori care au scris lucr\u0103ri majore despre etica Vechiului Testament, \u0219i numai dou\u0103 dintre aceste lucr\u0103ri, ambele scrise \u00eenainte de anul 1900, sunt \u00een limba englez\u0103. Aceast\u0103 lips\u0103 de material [&hellip;]<\/p>\n","protected":false},"featured_media":9136,"comment_status":"open","ping_status":"closed","template":"","meta":[],"product_brand":[],"product_cat":[53],"product_tag":[],"class_list":{"0":"post-3713","1":"product","2":"type-product","3":"status-publish","4":"has-post-thumbnail","6":"product_cat-etica","8":"first","9":"instock","10":"shipping-taxable","11":"purchasable","12":"product-type-simple"},"_links":{"self":[{"href":"https:\/\/dev.sbro.ro\/wp-json\/wp\/v2\/product\/3713","targetHints":{"allow":["GET"]}}],"collection":[{"href":"https:\/\/dev.sbro.ro\/wp-json\/wp\/v2\/product"}],"about":[{"href":"https:\/\/dev.sbro.ro\/wp-json\/wp\/v2\/types\/product"}],"replies":[{"embeddable":true,"href":"https:\/\/dev.sbro.ro\/wp-json\/wp\/v2\/comments?post=3713"}],"wp:featuredmedia":[{"embeddable":true,"href":"https:\/\/dev.sbro.ro\/wp-json\/wp\/v2\/media\/9136"}],"wp:attachment":[{"href":"https:\/\/dev.sbro.ro\/wp-json\/wp\/v2\/media?parent=3713"}],"wp:term":[{"taxonomy":"product_brand","embeddable":true,"href":"https:\/\/dev.sbro.ro\/wp-json\/wp\/v2\/product_brand?post=3713"},{"taxonomy":"product_cat","embeddable":true,"href":"https:\/\/dev.sbro.ro\/wp-json\/wp\/v2\/product_cat?post=3713"},{"taxonomy":"product_tag","embeddable":true,"href":"https:\/\/dev.sbro.ro\/wp-json\/wp\/v2\/product_tag?post=3713"}],"curies":[{"name":"wp","href":"https:\/\/api.w.org\/{rel}","templated":true}]}}