{"id":3728,"date":"2026-04-21T09:08:33","date_gmt":"2026-04-21T09:08:33","guid":{"rendered":"https:\/\/dev.sbro.ro\/?product=actul-periculos-al-inchinarii"},"modified":"2026-04-21T09:08:33","modified_gmt":"2026-04-21T09:08:33","slug":"actul-periculos-al-inchinarii","status":"publish","type":"product","link":"https:\/\/dev.sbro.ro\/product\/actul-periculos-al-inchinarii\/","title":{"rendered":"Actul periculos al inchinarii"},"content":{"rendered":"<p>De ce nu s-au \u00eenchinat cei trei tineri evrei din Babilon la ordinul \u00eemparatului Nebucadnetar? Autorul raspunde: pentru ca au evaluat pericolele \u00eenchinarii si au decis ca pericolul cel mai mare nu \u00eel reprezinta \u00eemparatul, ci Dumnezeu. Cu El si cu \u00eenchinarea \u00eenaintea Lui nu te poti juca fara consecinte grave. Asadar, au ales bine.<br \/>\n      Vorbind la modul general, scrierile Scripturii ne arata ca atunci c\u00e2nd Dumnezeu Se prezinta, oamenii sunt bulversati si coplesiti. Cad la pam\u00e2nt, \u00eesi ascund fetele, radiaza ca niste becuri fluorescente si implora mila: &#8220;Pleaca de la mine, Doamne, ca sunt un pacatos.&#8221; Au ramas la distanta si i-au spus lui Moise: &#8220;Vorbeste-ne tu \u00eensuti si te vom asculta; dar sa nu ne mai vorbeasca Dumnezeu, ca sa nu murim.&#8221;<br \/>\n      Mark Labberton ne cheama la acest mod de \u00eenchinare, care de multe ori ne \u00eenfricoseaza, ne copleseste, ne convinge, ne emotioneaza si devenim uneori euforici datorita Prezentei Sale care ne \u00eentrerupe cursul linistit al vietii. Mark vrea sa consideram \u00eenchinarea nu o slujba religioasa la care participam ocazional, ci o recunoastere care ne va schimba viata: ca exista Cineva care vine la noi si schimba regulile despre care societatea ne spune ca guverneaza existenta umana. \u00cenchinarea, spune el, trebuie sa fie modul nou de a vedea si a experimenta care va redefini granitele noastre, va schimba conexiunile noastre si modul nostru de a ne conduce vietile. Ne va schimba valorile despre ceea ce este si ceea ce nu este important.<br \/>\n      Expresia &#8220;razboiul \u00eenchinarii&#8221; a devenit familiara \u00een zilele noastre \u00een anumite biserici, cu toate ca ea are si un aspect oximoronic. Exista multe pareri, \u00eentrebari si lupte \u00een privinta stilului \u00eenchinarii, mai ales \u00een privinta muzicii. Nu cred ca sunt aspecte neimportante. Profesorul de la Yale, Nicholas Wolterstorff a spus ca fiecare grup de oameni, fiecare generatie are nevoie sa se poata exprima \u00een \u00eenchinare asa cum considera potrivit, astfel \u00eenc\u00e2t \u00eenchinarea sa aiba o rezonanta profunda \u00een suflet.<br \/>\n      Asadar, aceasta carte este aidoma sunetului unui clopot din turn care avertizeaza. Ne cheama sa fim atenti  nu doar oamenii care participa la serviciile de \u00eenchinare, ci si noi, cei care le conducem  la mesajul Spiritului din zilele noastre. Este alarma unui ceas care suna pentru a ne spune ca soarele a rasarit: &#8220;Desteapta-te tu, care dormi, scoala-te din morti, si Hristos te va lumina.&#8221; \u00cenchinarea este ceea ce se \u00eent\u00e2mpla dupa ce oamenii se trezesc. Dar ea nu trebuie niciodata sa fie o serie de acte liturgice comune izolate. Ea trebuie sa faca parte din \u00eentreaga zi a unui trezit la viata.<br \/>\n     Profetul Mica a spus cu mult timp \u00eenainte ca cerintele divine pentru viata umana nu sunt deloc complicate: Fa dreptate, arata dragoste si mila si umbla smerit \u00eenaintea lui Dumnezeu. \u00cenchinarea este umblarea smerita. Este genunchiul plecat si fata uimita care recunoaste prapastia dintre creatura si Creator, dintre finit si Infinit, dintre pacatos si Cel Sf\u00e2nt. Este recunostinta si bucuria care \u00eenmoaie inima si schimba spiritul celor care au gustat fericirea pe care cuvinte precum rascumpararea doar o sugereaza. <\/p>\n","protected":false},"excerpt":{"rendered":"<p>De ce nu s-au \u00eenchinat cei trei tineri evrei din Babilon la ordinul \u00eemparatului Nebucadnetar? Autorul raspunde: pentru ca au evaluat pericolele \u00eenchinarii si au decis ca pericolul cel mai mare nu \u00eel reprezinta \u00eemparatul, ci Dumnezeu. Cu El si cu \u00eenchinarea \u00eenaintea Lui nu te poti juca fara consecinte grave. Asadar, au ales bine. [&hellip;]<\/p>\n","protected":false},"featured_media":9151,"comment_status":"open","ping_status":"closed","template":"","meta":[],"product_brand":[],"product_cat":[8],"product_tag":[],"class_list":{"0":"post-3728","1":"product","2":"type-product","3":"status-publish","4":"has-post-thumbnail","6":"product_cat-carti","8":"first","9":"instock","10":"shipping-taxable","11":"purchasable","12":"product-type-simple"},"_links":{"self":[{"href":"https:\/\/dev.sbro.ro\/wp-json\/wp\/v2\/product\/3728","targetHints":{"allow":["GET"]}}],"collection":[{"href":"https:\/\/dev.sbro.ro\/wp-json\/wp\/v2\/product"}],"about":[{"href":"https:\/\/dev.sbro.ro\/wp-json\/wp\/v2\/types\/product"}],"replies":[{"embeddable":true,"href":"https:\/\/dev.sbro.ro\/wp-json\/wp\/v2\/comments?post=3728"}],"wp:featuredmedia":[{"embeddable":true,"href":"https:\/\/dev.sbro.ro\/wp-json\/wp\/v2\/media\/9151"}],"wp:attachment":[{"href":"https:\/\/dev.sbro.ro\/wp-json\/wp\/v2\/media?parent=3728"}],"wp:term":[{"taxonomy":"product_brand","embeddable":true,"href":"https:\/\/dev.sbro.ro\/wp-json\/wp\/v2\/product_brand?post=3728"},{"taxonomy":"product_cat","embeddable":true,"href":"https:\/\/dev.sbro.ro\/wp-json\/wp\/v2\/product_cat?post=3728"},{"taxonomy":"product_tag","embeddable":true,"href":"https:\/\/dev.sbro.ro\/wp-json\/wp\/v2\/product_tag?post=3728"}],"curies":[{"name":"wp","href":"https:\/\/api.w.org\/{rel}","templated":true}]}}