{"id":3767,"date":"2026-04-21T09:08:37","date_gmt":"2026-04-21T09:08:37","guid":{"rendered":"https:\/\/dev.sbro.ro\/?product=breloc-de-aceea-pentru-ca-ai-pret"},"modified":"2026-04-21T09:08:37","modified_gmt":"2026-04-21T09:08:37","slug":"breloc-de-aceea-pentru-ca-ai-pret","status":"publish","type":"product","link":"https:\/\/dev.sbro.ro\/product\/breloc-de-aceea-pentru-ca-ai-pret\/","title":{"rendered":"Breloc &#8211; De aceea pentru ca ai pre\u021b"},"content":{"rendered":"<p>Breloc metalic <\/p>\n<p>Text inscrip\u021bionat: De aceea, pentru c\u0103 ai pre\u0163 \u00een ochii Mei, pentru c\u0103 e\u015fti pre\u0163uit \u015fi te iubesc, dau oameni pentru tine \u015fi popoare pentru via\u0163a ta. Isaia 43:4<\/p>\n<p>Dimensiune: 10.5 x 2.6 cm<\/p>\n","protected":false},"excerpt":{"rendered":"<p>Breloc metalic Text inscrip\u021bionat: De aceea, pentru c\u0103 ai pre\u0163 \u00een ochii Mei, pentru c\u0103 e\u015fti pre\u0163uit \u015fi te iubesc, dau oameni pentru tine \u015fi popoare pentru via\u0163a ta. Isaia 43:4 Dimensiune: 10.5 x 2.6 cm<\/p>\n","protected":false},"featured_media":9190,"comment_status":"open","ping_status":"closed","template":"","meta":[],"product_brand":[],"product_cat":[93],"product_tag":[],"class_list":{"0":"post-3767","1":"product","2":"type-product","3":"status-publish","4":"has-post-thumbnail","6":"product_cat-brelocuri","8":"first","9":"outofstock","10":"shipping-taxable","11":"purchasable","12":"product-type-simple"},"_links":{"self":[{"href":"https:\/\/dev.sbro.ro\/wp-json\/wp\/v2\/product\/3767","targetHints":{"allow":["GET"]}}],"collection":[{"href":"https:\/\/dev.sbro.ro\/wp-json\/wp\/v2\/product"}],"about":[{"href":"https:\/\/dev.sbro.ro\/wp-json\/wp\/v2\/types\/product"}],"replies":[{"embeddable":true,"href":"https:\/\/dev.sbro.ro\/wp-json\/wp\/v2\/comments?post=3767"}],"wp:featuredmedia":[{"embeddable":true,"href":"https:\/\/dev.sbro.ro\/wp-json\/wp\/v2\/media\/9190"}],"wp:attachment":[{"href":"https:\/\/dev.sbro.ro\/wp-json\/wp\/v2\/media?parent=3767"}],"wp:term":[{"taxonomy":"product_brand","embeddable":true,"href":"https:\/\/dev.sbro.ro\/wp-json\/wp\/v2\/product_brand?post=3767"},{"taxonomy":"product_cat","embeddable":true,"href":"https:\/\/dev.sbro.ro\/wp-json\/wp\/v2\/product_cat?post=3767"},{"taxonomy":"product_tag","embeddable":true,"href":"https:\/\/dev.sbro.ro\/wp-json\/wp\/v2\/product_tag?post=3767"}],"curies":[{"name":"wp","href":"https:\/\/api.w.org\/{rel}","templated":true}]}}