{"id":3769,"date":"2026-04-21T09:08:37","date_gmt":"2026-04-21T09:08:37","guid":{"rendered":"https:\/\/dev.sbro.ro\/?product=amanda-musselman"},"modified":"2026-04-21T09:08:37","modified_gmt":"2026-04-21T09:08:37","slug":"amanda-musselman","status":"publish","type":"product","link":"https:\/\/dev.sbro.ro\/product\/amanda-musselman\/","title":{"rendered":"Amanda Musselman"},"content":{"rendered":"<p>Pe la \u00eenceputul secolului al XX-lea, Amanda Musselman s-a mutat \u00een Philadelphia ca s\u0103 lucreze printre oamenii s\u0103raci din ora\u0219. Ea \u0219i prietena ei, Mary, au \u00eenfiin\u021bat clase de \u0219coal\u0103 duminical\u0103, au vizitat bolnavii din spitale, le-au dat orfanilor \u0219i v\u0103duvelor hran\u0103 \u0219i p\u0103turi. N-au pierdut nicio ocazie de a le ar\u0103ta oamenilor dragostea lui Dumnezeu. Carte ilustrat\u0103 color.<\/p>\n","protected":false},"excerpt":{"rendered":"<p>Pe la \u00eenceputul secolului al XX-lea, Amanda Musselman s-a mutat \u00een Philadelphia ca s\u0103 lucreze printre oamenii s\u0103raci din ora\u0219. Ea \u0219i prietena ei, Mary, au \u00eenfiin\u021bat clase de \u0219coal\u0103 duminical\u0103, au vizitat bolnavii din spitale, le-au dat orfanilor \u0219i v\u0103duvelor hran\u0103 \u0219i p\u0103turi. N-au pierdut nicio ocazie de a le ar\u0103ta oamenilor dragostea lui [&hellip;]<\/p>\n","protected":false},"featured_media":9192,"comment_status":"open","ping_status":"closed","template":"","meta":[],"product_brand":[],"product_cat":[35,13],"product_tag":[],"class_list":{"0":"post-3769","1":"product","2":"type-product","3":"status-publish","4":"has-post-thumbnail","6":"product_cat-copii","7":"product_cat-familie","9":"first","10":"instock","11":"shipping-taxable","12":"purchasable","13":"product-type-simple"},"_links":{"self":[{"href":"https:\/\/dev.sbro.ro\/wp-json\/wp\/v2\/product\/3769","targetHints":{"allow":["GET"]}}],"collection":[{"href":"https:\/\/dev.sbro.ro\/wp-json\/wp\/v2\/product"}],"about":[{"href":"https:\/\/dev.sbro.ro\/wp-json\/wp\/v2\/types\/product"}],"replies":[{"embeddable":true,"href":"https:\/\/dev.sbro.ro\/wp-json\/wp\/v2\/comments?post=3769"}],"wp:featuredmedia":[{"embeddable":true,"href":"https:\/\/dev.sbro.ro\/wp-json\/wp\/v2\/media\/9192"}],"wp:attachment":[{"href":"https:\/\/dev.sbro.ro\/wp-json\/wp\/v2\/media?parent=3769"}],"wp:term":[{"taxonomy":"product_brand","embeddable":true,"href":"https:\/\/dev.sbro.ro\/wp-json\/wp\/v2\/product_brand?post=3769"},{"taxonomy":"product_cat","embeddable":true,"href":"https:\/\/dev.sbro.ro\/wp-json\/wp\/v2\/product_cat?post=3769"},{"taxonomy":"product_tag","embeddable":true,"href":"https:\/\/dev.sbro.ro\/wp-json\/wp\/v2\/product_tag?post=3769"}],"curies":[{"name":"wp","href":"https:\/\/api.w.org\/{rel}","templated":true}]}}