{"id":3774,"date":"2026-04-21T09:08:38","date_gmt":"2026-04-21T09:08:38","guid":{"rendered":"https:\/\/dev.sbro.ro\/?product=casa-de-la-rock-pile"},"modified":"2026-04-21T09:08:38","modified_gmt":"2026-04-21T09:08:38","slug":"casa-de-la-rock-pile","status":"publish","type":"product","link":"https:\/\/dev.sbro.ro\/product\/casa-de-la-rock-pile\/","title":{"rendered":"Casa de la Rock Pile"},"content":{"rendered":"<p>To\u021bi cei patru b\u0103ie\u021bi fugir\u0103 s\u0103 vad\u0103 ce f\u0103ceau acei oameni. Ca de obicei, Phil avea sconcsul la el \u0219i, ca de obicei, anim\u0103lu\u021bul dormea \u00een buzunarul de la c\u0103ma\u0219\u0103.<br \/>\nUnul din angaja\u021bii de la telefoane \u00ee\u0219i preg\u0103tea echipamentul s\u0103 urce pe st\u00e2lp \u0219i s\u0103 fac\u0103 repara\u021biile necesare. \u00cen timp ce lucrau, cei doi le puneau b\u0103ie\u021bilor o mul\u021bime de \u00eentreb\u0103ri.<br \/>\n\u2014 Ce face\u021bi voi aici, a\u0219a de departe, \u00een v\u0103g\u0103una asta? \u00eentreb\u0103 omul cel \u00eenalt.<br \/>\n\u2014 Suntem misionari, r\u0103spunse Tim. Tat\u0103l meu este predicator.<br \/>\n\u2014 V\u0103 place s\u0103 locui\u021bi aici la munte? \u00eentreb\u0103 cel mai scund dintre cei doi.<br \/>\n\u2014 Da! exclam\u0103 Paul. Ne place s\u0103 escalad\u0103m mun\u021bii.<br \/>\nPoky, micul sconcs al lui Phil, se trezi din somn, \u00ee\u0219i scoase capul afar\u0103 din buzunar \u0219i privi \u00een jur exact \u00een momentul \u00een care omul cel \u00eenalt se uita la Phil. B\u0103rbatul se holb\u0103 la ochii micu\u021bi ai sconcsului \u0219i \u2026<\/p>\n","protected":false},"excerpt":{"rendered":"<p>To\u021bi cei patru b\u0103ie\u021bi fugir\u0103 s\u0103 vad\u0103 ce f\u0103ceau acei oameni. Ca de obicei, Phil avea sconcsul la el \u0219i, ca de obicei, anim\u0103lu\u021bul dormea \u00een buzunarul de la c\u0103ma\u0219\u0103. Unul din angaja\u021bii de la telefoane \u00ee\u0219i preg\u0103tea echipamentul s\u0103 urce pe st\u00e2lp \u0219i s\u0103 fac\u0103 repara\u021biile necesare. \u00cen timp ce lucrau, cei doi le [&hellip;]<\/p>\n","protected":false},"featured_media":9197,"comment_status":"open","ping_status":"closed","template":"","meta":[],"product_brand":[],"product_cat":[30],"product_tag":[],"class_list":{"0":"post-3774","1":"product","2":"type-product","3":"status-publish","4":"has-post-thumbnail","6":"product_cat-beletristica","8":"first","9":"instock","10":"shipping-taxable","11":"purchasable","12":"product-type-simple"},"_links":{"self":[{"href":"https:\/\/dev.sbro.ro\/wp-json\/wp\/v2\/product\/3774","targetHints":{"allow":["GET"]}}],"collection":[{"href":"https:\/\/dev.sbro.ro\/wp-json\/wp\/v2\/product"}],"about":[{"href":"https:\/\/dev.sbro.ro\/wp-json\/wp\/v2\/types\/product"}],"replies":[{"embeddable":true,"href":"https:\/\/dev.sbro.ro\/wp-json\/wp\/v2\/comments?post=3774"}],"wp:featuredmedia":[{"embeddable":true,"href":"https:\/\/dev.sbro.ro\/wp-json\/wp\/v2\/media\/9197"}],"wp:attachment":[{"href":"https:\/\/dev.sbro.ro\/wp-json\/wp\/v2\/media?parent=3774"}],"wp:term":[{"taxonomy":"product_brand","embeddable":true,"href":"https:\/\/dev.sbro.ro\/wp-json\/wp\/v2\/product_brand?post=3774"},{"taxonomy":"product_cat","embeddable":true,"href":"https:\/\/dev.sbro.ro\/wp-json\/wp\/v2\/product_cat?post=3774"},{"taxonomy":"product_tag","embeddable":true,"href":"https:\/\/dev.sbro.ro\/wp-json\/wp\/v2\/product_tag?post=3774"}],"curies":[{"name":"wp","href":"https:\/\/api.w.org\/{rel}","templated":true}]}}