{"id":3784,"date":"2026-04-21T09:08:38","date_gmt":"2026-04-21T09:08:38","guid":{"rendered":"https:\/\/dev.sbro.ro\/?product=o-viata-rascumparata-povestea-vietii-lui-ludlow-walker"},"modified":"2026-04-21T09:08:38","modified_gmt":"2026-04-21T09:08:38","slug":"o-viata-rascumparata-povestea-vietii-lui-ludlow-walker","status":"publish","type":"product","link":"https:\/\/dev.sbro.ro\/?product=o-viata-rascumparata-povestea-vietii-lui-ludlow-walker","title":{"rendered":"O viata rascumparata &#8211; povestea vietii lui Ludlow Walker"},"content":{"rendered":"<p>Ludlow Walker \u0219i-a atins scopul de a avea succes financiar ajung\u00e2nd investitor \u0219i proprietar al unui hotel din Belize, dar \u0219i-a ruinat c\u0103snicia \u0219i a c\u0103zut prad\u0103 descuraj\u0103rii. \u00cen cel mai \u00eentunecat moment din via\u021b\u0103, Ludlow se \u00eendreapt\u0103 \u00een cele din urm\u0103 c\u0103tre Dumnezeul pe care-L ignorase toat\u0103 via\u021ba lui. Ce s-a \u00eent\u00e2mplat dup\u0103 aceea se datoreaz\u0103 numai harului \u0219i puterii lui Dumnezeu.<\/p>\n","protected":false},"excerpt":{"rendered":"<p>Ludlow Walker \u0219i-a atins scopul de a avea succes financiar ajung\u00e2nd investitor \u0219i proprietar al unui hotel din Belize, dar \u0219i-a ruinat c\u0103snicia \u0219i a c\u0103zut prad\u0103 descuraj\u0103rii. \u00cen cel mai \u00eentunecat moment din via\u021b\u0103, Ludlow se \u00eendreapt\u0103 \u00een cele din urm\u0103 c\u0103tre Dumnezeul pe care-L ignorase toat\u0103 via\u021ba lui. Ce s-a \u00eent\u00e2mplat dup\u0103 aceea [&hellip;]<\/p>\n","protected":false},"featured_media":9206,"comment_status":"open","ping_status":"closed","template":"","meta":[],"product_brand":[],"product_cat":[30],"product_tag":[],"class_list":{"0":"post-3784","1":"product","2":"type-product","3":"status-publish","4":"has-post-thumbnail","6":"product_cat-beletristica","8":"first","9":"instock","10":"shipping-taxable","11":"purchasable","12":"product-type-simple"},"_links":{"self":[{"href":"https:\/\/dev.sbro.ro\/index.php?rest_route=\/wp\/v2\/product\/3784","targetHints":{"allow":["GET"]}}],"collection":[{"href":"https:\/\/dev.sbro.ro\/index.php?rest_route=\/wp\/v2\/product"}],"about":[{"href":"https:\/\/dev.sbro.ro\/index.php?rest_route=\/wp\/v2\/types\/product"}],"replies":[{"embeddable":true,"href":"https:\/\/dev.sbro.ro\/index.php?rest_route=%2Fwp%2Fv2%2Fcomments&post=3784"}],"wp:featuredmedia":[{"embeddable":true,"href":"https:\/\/dev.sbro.ro\/index.php?rest_route=\/wp\/v2\/media\/9206"}],"wp:attachment":[{"href":"https:\/\/dev.sbro.ro\/index.php?rest_route=%2Fwp%2Fv2%2Fmedia&parent=3784"}],"wp:term":[{"taxonomy":"product_brand","embeddable":true,"href":"https:\/\/dev.sbro.ro\/index.php?rest_route=%2Fwp%2Fv2%2Fproduct_brand&post=3784"},{"taxonomy":"product_cat","embeddable":true,"href":"https:\/\/dev.sbro.ro\/index.php?rest_route=%2Fwp%2Fv2%2Fproduct_cat&post=3784"},{"taxonomy":"product_tag","embeddable":true,"href":"https:\/\/dev.sbro.ro\/index.php?rest_route=%2Fwp%2Fv2%2Fproduct_tag&post=3784"}],"curies":[{"name":"wp","href":"https:\/\/api.w.org\/{rel}","templated":true}]}}