{"id":3794,"date":"2026-04-21T09:08:40","date_gmt":"2026-04-21T09:08:40","guid":{"rendered":"https:\/\/dev.sbro.ro\/?product=iubitori-ai-adevarului"},"modified":"2026-04-21T09:08:40","modified_gmt":"2026-04-21T09:08:40","slug":"iubitori-ai-adevarului","status":"publish","type":"product","link":"https:\/\/dev.sbro.ro\/?product=iubitori-ai-adevarului","title":{"rendered":"Iubitori ai adevarului"},"content":{"rendered":"<p>Povestirea este inspirat\u0103 dintr-un episod relatat pe paginile c\u0103r\u021bii Oglinda Martirilor.<\/p>\n<p>Turcii \u00eel captureaz\u0103 pe \u0218tefan, un t\u00e2n\u0103r anabaptist din Moravia, \u0219i \u00eel v\u00e2nd pe pia\u021ba de sclavi din Grecia. Acolo el \u00eei \u00eent\u00e2lne\u0219te pe cre\u0219tinii din Tesalonic, care au p\u0103strat credin\u021ba de pe vremea apostolilor.<\/p>\n","protected":false},"excerpt":{"rendered":"<p>Povestirea este inspirat\u0103 dintr-un episod relatat pe paginile c\u0103r\u021bii Oglinda Martirilor. Turcii \u00eel captureaz\u0103 pe \u0218tefan, un t\u00e2n\u0103r anabaptist din Moravia, \u0219i \u00eel v\u00e2nd pe pia\u021ba de sclavi din Grecia. Acolo el \u00eei \u00eent\u00e2lne\u0219te pe cre\u0219tinii din Tesalonic, care au p\u0103strat credin\u021ba de pe vremea apostolilor.<\/p>\n","protected":false},"featured_media":9216,"comment_status":"open","ping_status":"closed","template":"","meta":[],"product_brand":[],"product_cat":[30],"product_tag":[],"class_list":{"0":"post-3794","1":"product","2":"type-product","3":"status-publish","4":"has-post-thumbnail","6":"product_cat-beletristica","8":"first","9":"instock","10":"shipping-taxable","11":"purchasable","12":"product-type-simple"},"_links":{"self":[{"href":"https:\/\/dev.sbro.ro\/index.php?rest_route=\/wp\/v2\/product\/3794","targetHints":{"allow":["GET"]}}],"collection":[{"href":"https:\/\/dev.sbro.ro\/index.php?rest_route=\/wp\/v2\/product"}],"about":[{"href":"https:\/\/dev.sbro.ro\/index.php?rest_route=\/wp\/v2\/types\/product"}],"replies":[{"embeddable":true,"href":"https:\/\/dev.sbro.ro\/index.php?rest_route=%2Fwp%2Fv2%2Fcomments&post=3794"}],"wp:featuredmedia":[{"embeddable":true,"href":"https:\/\/dev.sbro.ro\/index.php?rest_route=\/wp\/v2\/media\/9216"}],"wp:attachment":[{"href":"https:\/\/dev.sbro.ro\/index.php?rest_route=%2Fwp%2Fv2%2Fmedia&parent=3794"}],"wp:term":[{"taxonomy":"product_brand","embeddable":true,"href":"https:\/\/dev.sbro.ro\/index.php?rest_route=%2Fwp%2Fv2%2Fproduct_brand&post=3794"},{"taxonomy":"product_cat","embeddable":true,"href":"https:\/\/dev.sbro.ro\/index.php?rest_route=%2Fwp%2Fv2%2Fproduct_cat&post=3794"},{"taxonomy":"product_tag","embeddable":true,"href":"https:\/\/dev.sbro.ro\/index.php?rest_route=%2Fwp%2Fv2%2Fproduct_tag&post=3794"}],"curies":[{"name":"wp","href":"https:\/\/api.w.org\/{rel}","templated":true}]}}