{"id":3836,"date":"2026-04-21T09:08:45","date_gmt":"2026-04-21T09:08:45","guid":{"rendered":"https:\/\/dev.sbro.ro\/?product=zece-fete-care-au-schimbat-lumea"},"modified":"2026-04-21T09:08:45","modified_gmt":"2026-04-21T09:08:45","slug":"zece-fete-care-au-schimbat-lumea","status":"publish","type":"product","link":"https:\/\/dev.sbro.ro\/product\/zece-fete-care-au-schimbat-lumea\/","title":{"rendered":"Zece fete care au schimbat lumea"},"content":{"rendered":"<p>Ai vrea s\u0103 schimbi lumea \u00een care tr\u0103ie\u015fti? Aceste zece fete au reu\u015fit! Cite\u015fte aceast\u0103 carte \u015fi vei afla cum a lucrat Dumnezeu \u00een via\u0163a lor. Isobel le-a vorbit oamenilor despre Cristos. Elizabeth L-a urmat pe Cristos \u015fi a c\u00e2\u015ftigat dreptate. Amy nu s-a dat b\u0103tut\u0103 niciodat\u0103. Gladys a salvat 100 de copii, \u00eencrez\u00e2ndu-se \u00een Dumnezeu. Mary a salvat copila\u015fi \u015fi s-a \u00eempotrivit p\u0103catului. Catherine a fost gata s\u0103 pun\u0103 osul la treab\u0103 \u015fi s\u0103-i ajute pe cei nevoia\u015fi. Jackie a dat dovad\u0103 de dragoste. Evelyn a ascultat de Dumnezeu. Joni, dup\u0103 ce a fost la un pas de moarte \u015fi a sc\u0103pat cu via\u0163\u0103, I-a mul\u0163umit lui Dumnezeu. Corrie a salvat multe vie\u0163i, din dragoste pentru Isus. Cite\u015fte aceast\u0103 carte \u015fi descoper\u0103 ce dore\u015fte Dumnezeu s\u0103 faci tu!<\/p>\n","protected":false},"excerpt":{"rendered":"<p>Ai vrea s\u0103 schimbi lumea \u00een care tr\u0103ie\u015fti? Aceste zece fete au reu\u015fit! Cite\u015fte aceast\u0103 carte \u015fi vei afla cum a lucrat Dumnezeu \u00een via\u0163a lor. Isobel le-a vorbit oamenilor despre Cristos. Elizabeth L-a urmat pe Cristos \u015fi a c\u00e2\u015ftigat dreptate. Amy nu s-a dat b\u0103tut\u0103 niciodat\u0103. Gladys a salvat 100 de copii, \u00eencrez\u00e2ndu-se \u00een [&hellip;]<\/p>\n","protected":false},"featured_media":9258,"comment_status":"open","ping_status":"closed","template":"","meta":[],"product_brand":[],"product_cat":[35,13],"product_tag":[],"class_list":{"0":"post-3836","1":"product","2":"type-product","3":"status-publish","4":"has-post-thumbnail","6":"product_cat-copii","7":"product_cat-familie","9":"first","10":"instock","11":"shipping-taxable","12":"purchasable","13":"product-type-simple"},"_links":{"self":[{"href":"https:\/\/dev.sbro.ro\/wp-json\/wp\/v2\/product\/3836","targetHints":{"allow":["GET"]}}],"collection":[{"href":"https:\/\/dev.sbro.ro\/wp-json\/wp\/v2\/product"}],"about":[{"href":"https:\/\/dev.sbro.ro\/wp-json\/wp\/v2\/types\/product"}],"replies":[{"embeddable":true,"href":"https:\/\/dev.sbro.ro\/wp-json\/wp\/v2\/comments?post=3836"}],"wp:featuredmedia":[{"embeddable":true,"href":"https:\/\/dev.sbro.ro\/wp-json\/wp\/v2\/media\/9258"}],"wp:attachment":[{"href":"https:\/\/dev.sbro.ro\/wp-json\/wp\/v2\/media?parent=3836"}],"wp:term":[{"taxonomy":"product_brand","embeddable":true,"href":"https:\/\/dev.sbro.ro\/wp-json\/wp\/v2\/product_brand?post=3836"},{"taxonomy":"product_cat","embeddable":true,"href":"https:\/\/dev.sbro.ro\/wp-json\/wp\/v2\/product_cat?post=3836"},{"taxonomy":"product_tag","embeddable":true,"href":"https:\/\/dev.sbro.ro\/wp-json\/wp\/v2\/product_tag?post=3836"}],"curies":[{"name":"wp","href":"https:\/\/api.w.org\/{rel}","templated":true}]}}